{"id":38,"date":"2021-07-22T12:57:48","date_gmt":"2021-07-22T10:57:48","guid":{"rendered":"http:\/\/18.184.73.230\/?page_id=38"},"modified":"2025-12-15T14:33:55","modified_gmt":"2025-12-15T13:33:55","slug":"over-de-basis","status":"publish","type":"page","link":"https:\/\/drying-little-tears.org\/nl\/over-de-basis\/","title":{"rendered":"Over de stichting"},"content":{"rendered":"<div data-elementor-type=\"wp-page\" data-elementor-id=\"38\" class=\"elementor elementor-38\" data-elementor-post-type=\"page\">\n\t\t\t\t<div class=\"elementor-element elementor-element-cd27e14 e-con-full e-flex e-con e-parent\" data-id=\"cd27e14\" data-element_type=\"container\" data-e-type=\"container\" id=\"header-id\" data-settings=\"{&quot;background_background&quot;:&quot;classic&quot;}\">\n\t\t\t\t<div class=\"elementor-element elementor-element-c865fd0 elementor-widget__width-inherit elementor-view-default elementor-widget elementor-widget-icon\" data-id=\"c865fd0\" data-element_type=\"widget\" data-e-type=\"widget\" data-widget_type=\"icon.default\">\n\t\t\t\t<div class=\"elementor-widget-container\">\n\t\t\t\t\t\t\t<div class=\"elementor-icon-wrapper\">\n\t\t\t<div class=\"elementor-icon\">\n\t\t\t<svg aria-hidden=\"true\" class=\"e-font-icon-svg e-far-bookmark\" viewbox=\"0 0 384 512\" xmlns=\"http:\/\/www.w3.org\/2000\/svg\"><path d=\"M336 0H48C21.49 0 0 21.49 0 48v464l192-112 192 112V48c0-26.51-21.49-48-48-48zm0 428.43l-144-84-144 84V54a6 6 0 0 1 6-6h276c3.314 0 6 2.683 6 5.996V428.43z\"><\/path><\/svg>\t\t\t<\/div>\n\t\t<\/div>\n\t\t\t\t\t\t<\/div>\n\t\t\t\t<\/div>\n\t\t\t\t<div class=\"elementor-element elementor-element-b5101a5 elementor-widget__width-inherit elementor-widget elementor-widget-heading\" data-id=\"b5101a5\" data-element_type=\"widget\" data-e-type=\"widget\" data-widget_type=\"heading.default\">\n\t\t\t\t<div class=\"elementor-widget-container\">\n\t\t\t\t\t<h1 class=\"elementor-heading-title elementor-size-default\">Over ons<\/h1>\t\t\t\t<\/div>\n\t\t\t\t<\/div>\n\t\t\t\t<div class=\"elementor-element elementor-element-b60992a elementor-widget__width-auto elementor-widget elementor-widget-heading\" data-id=\"b60992a\" data-element_type=\"widget\" data-e-type=\"widget\" data-widget_type=\"heading.default\">\n\t\t\t\t<div class=\"elementor-widget-container\">\n\t\t\t\t\t<p class=\"elementor-heading-title elementor-size-default\"><a href=\"https:\/\/drying-little-tears.org\/nl\/\">Homepage<\/a><\/p>\t\t\t\t<\/div>\n\t\t\t\t<\/div>\n\t\t\t\t<div class=\"elementor-element elementor-element-a0b97d4 elementor-widget__width-auto elementor-widget elementor-widget-heading\" data-id=\"a0b97d4\" data-element_type=\"widget\" data-e-type=\"widget\" data-widget_type=\"heading.default\">\n\t\t\t\t<div class=\"elementor-widget-container\">\n\t\t\t\t\t<p class=\"elementor-heading-title elementor-size-default\"><a href=\"https:\/\/drying-little-tears.org\/nl\/\">&gt;<\/a><\/p>\t\t\t\t<\/div>\n\t\t\t\t<\/div>\n\t\t\t\t<div class=\"elementor-element elementor-element-975ec10 elementor-widget__width-auto elementor-widget elementor-widget-heading\" data-id=\"975ec10\" data-element_type=\"widget\" data-e-type=\"widget\" data-widget_type=\"heading.default\">\n\t\t\t\t<div class=\"elementor-widget-container\">\n\t\t\t\t\t<p class=\"elementor-heading-title elementor-size-default\">over ons<\/p>\t\t\t\t<\/div>\n\t\t\t\t<\/div>\n\t\t\t\t<\/div>\n\t\t<div class=\"elementor-element elementor-element-d143822 e-flex e-con-boxed e-con e-parent\" data-id=\"d143822\" data-element_type=\"container\" data-e-type=\"container\">\n\t\t\t\t\t<div class=\"e-con-inner\">\n\t\t\t\t<div class=\"elementor-element elementor-element-314d0a8 elementor-widget elementor-widget-heading\" data-id=\"314d0a8\" data-element_type=\"widget\" data-e-type=\"widget\" data-widget_type=\"heading.default\">\n\t\t\t\t<div class=\"elementor-widget-container\">\n\t\t\t\t\t<h2 class=\"elementor-heading-title elementor-size-default\">Over de stichting<\/h2>\t\t\t\t<\/div>\n\t\t\t\t<\/div>\n\t\t\t\t<div class=\"elementor-element elementor-element-2154936 elementor-widget-divider--view-line elementor-widget elementor-widget-divider\" data-id=\"2154936\" data-element_type=\"widget\" data-e-type=\"widget\" data-widget_type=\"divider.default\">\n\t\t\t\t<div class=\"elementor-widget-container\">\n\t\t\t\t\t\t\t<div class=\"elementor-divider\">\n\t\t\t<span class=\"elementor-divider-separator\">\n\t\t\t\t\t\t<\/span>\n\t\t<\/div>\n\t\t\t\t\t\t<\/div>\n\t\t\t\t<\/div>\n\t\t\t\t<div class=\"elementor-element elementor-element-f425dbc elementor-widget__width-initial elementor-widget elementor-widget-text-editor\" data-id=\"f425dbc\" data-element_type=\"widget\" data-e-type=\"widget\" data-widget_type=\"text-editor.default\">\n\t\t\t\t<div class=\"elementor-widget-container\">\n\t\t\t\t\t\t\t\t\t<p>Regine Sixt Kinderhulp Stichting TRAANTJES DROGEN ontwikkelt en realiseert projecten op het gebied van educatie, welzijn, gezondheid en noodhulp.<\/p>\n<p>Het wordt ondersteund door medewerkers van SIXT in 110 landen op vrijwillige basis en zet zich nationaal en internationaal in voor de bestrijding van armoede en de bevordering van het onderwijs. De stichting ondersteunt daartoe zowel instellingen voor de dagelijkse opvang van kinderen als onderwijs- en beroepsvoorbereidingsinstellingen. De inzet om de medische zorg voor kinderen te verbeteren is bedoeld om hun kansen in het leven te vergroten en hen in staat te stellen zich gezond te ontwikkelen tot volwassenheid.<\/p>\n<p>De kinderhulporganisatie werd in 2000 door Regine Sixt opgericht als Regine Sixt Kinderhilfe e.V. in Pullach, Duitsland. In 2011 werd de organisatie omgevormd tot een stichting zonder winstoogmerk naar burgerlijk recht.<\/p>\n<p>Regine Sixt noemde haar stichting TRAANTJES DROGEN vanwege een verscheidenheid aan gebeurtenissen die ze kon helpen ondersteunen. Het begon met de hulp van de Tsjernobyl-kinderen die aan leukemie leden. Daarna volgden projecten in Gabon, Ecuador, Tanzania en Zuid-Afrika.<\/p>\n<p>Vandaag de dag is de Stichting het offici\u00eble Corporate Social Responsibility (CSR) programma van SIXT SE en een integraal onderdeel van de bedrijfscultuur van SIXT.<\/p>\n<p>SIXT medewerkers wereldwijd zetten zich in voor TRAANTJES DROGEN en zijn betrokken bij projecten in alle branches. Door het cre\u00ebren van een DRYING LITTLE TEARS Day geeft het bedrijf zijn medewerkers de mogelijkheid om \u00e9\u00e9n keer per jaar een hele dag voor de kinderen door te brengen.<\/p>\n<p>Niet in de laatste plaats hierdoor heeft de Regine Sixt Children's Aid Foundation meer dan 440 projecten gesteund in meer dan 70 landen in samenwerking met de SIXT corporate en SIXT franchise landen.<\/p>\t\t\t\t\t\t\t\t<\/div>\n\t\t\t\t<\/div>\n\t\t\t\t<div class=\"elementor-element elementor-element-a7f6d8a elementor-widget elementor-widget-image\" data-id=\"a7f6d8a\" data-element_type=\"widget\" data-e-type=\"widget\" data-widget_type=\"image.default\">\n\t\t\t\t<div class=\"elementor-widget-container\">\n\t\t\t\t\t\t\t\t\t\t\t\t\t\t\t<img fetchpriority=\"high\" decoding=\"async\" width=\"2560\" height=\"1474\" src=\"https:\/\/drying-little-tears.org\/wp-content\/uploads\/2024\/05\/sx30487_KiHi_Weltkarte_Update_RZ3_RGB-scaled.jpg\" class=\"attachment-full size-full wp-image-19071\" alt=\"350 projecten in 65 landen\" srcset=\"https:\/\/drying-little-tears.org\/wp-content\/uploads\/2024\/05\/sx30487_KiHi_Weltkarte_Update_RZ3_RGB-scaled.jpg 2560w, https:\/\/drying-little-tears.org\/wp-content\/uploads\/2024\/05\/sx30487_KiHi_Weltkarte_Update_RZ3_RGB-300x173.jpg 300w, https:\/\/drying-little-tears.org\/wp-content\/uploads\/2024\/05\/sx30487_KiHi_Weltkarte_Update_RZ3_RGB-1024x590.jpg 1024w, https:\/\/drying-little-tears.org\/wp-content\/uploads\/2024\/05\/sx30487_KiHi_Weltkarte_Update_RZ3_RGB-768x442.jpg 768w, https:\/\/drying-little-tears.org\/wp-content\/uploads\/2024\/05\/sx30487_KiHi_Weltkarte_Update_RZ3_RGB-1536x885.jpg 1536w, https:\/\/drying-little-tears.org\/wp-content\/uploads\/2024\/05\/sx30487_KiHi_Weltkarte_Update_RZ3_RGB-2048x1180.jpg 2048w, https:\/\/drying-little-tears.org\/wp-content\/uploads\/2024\/05\/sx30487_KiHi_Weltkarte_Update_RZ3_RGB-18x10.jpg 18w\" sizes=\"(max-width: 2560px) 100vw, 2560px\" \/>\t\t\t\t\t\t\t\t\t\t\t\t\t\t\t<\/div>\n\t\t\t\t<\/div>\n\t\t\t\t\t<\/div>\n\t\t\t\t<\/div>\n\t\t\t\t<\/div>","protected":false},"excerpt":{"rendered":"<p>Over ons Homepage &gt; Over ons Over de stichting De Regine Sixt Children's Aid Foundation TR\u00c4NCHEN TROCKNEN ontwikkelt en realiseert projecten op het gebied van onderwijs, gezondheid, welzijn en noodhulp. De stichting wordt op vrijwillige basis ondersteund door Sixt-medewerkers in 110 landen en werkt nationaal en internationaal aan de bestrijding van armoede en [...]...<\/p>","protected":false},"author":1,"featured_media":0,"parent":0,"menu_order":0,"comment_status":"closed","ping_status":"closed","template":"elementor_header_footer","meta":{"footnotes":""},"class_list":["post-38","page","type-page","status-publish","hentry"],"_links":{"self":[{"href":"https:\/\/drying-little-tears.org\/nl\/wp-json\/wp\/v2\/pages\/38","targetHints":{"allow":["GET"]}}],"collection":[{"href":"https:\/\/drying-little-tears.org\/nl\/wp-json\/wp\/v2\/pages"}],"about":[{"href":"https:\/\/drying-little-tears.org\/nl\/wp-json\/wp\/v2\/types\/page"}],"author":[{"embeddable":true,"href":"https:\/\/drying-little-tears.org\/nl\/wp-json\/wp\/v2\/users\/1"}],"replies":[{"embeddable":true,"href":"https:\/\/drying-little-tears.org\/nl\/wp-json\/wp\/v2\/comments?post=38"}],"version-history":[{"count":0,"href":"https:\/\/drying-little-tears.org\/nl\/wp-json\/wp\/v2\/pages\/38\/revisions"}],"wp:attachment":[{"href":"https:\/\/drying-little-tears.org\/nl\/wp-json\/wp\/v2\/media?parent=38"}],"curies":[{"name":"wp","href":"https:\/\/api.w.org\/{rel}","templated":true}]}}