{"id":20255,"date":"2025-02-06T15:21:51","date_gmt":"2025-02-06T14:21:51","guid":{"rendered":"https:\/\/drying-little-tears.org\/?page_id=20255"},"modified":"2025-02-18T10:23:53","modified_gmt":"2025-02-18T09:23:53","slug":"nieuwe-apparatuur-voor-de-kleuterschool","status":"publish","type":"page","link":"https:\/\/drying-little-tears.org\/nl\/nieuwe-apparatuur-voor-de-kleuterschool\/","title":{"rendered":"Nieuwe uitrusting voor kleuters"},"content":{"rendered":"<div data-elementor-type=\"wp-page\" data-elementor-id=\"20255\" class=\"elementor elementor-20255\" data-elementor-post-type=\"page\">\n\t\t\t\t\t\t<section class=\"elementor-section elementor-top-section elementor-element elementor-element-499b291 elementor-section-height-min-height elementor-section-boxed elementor-section-height-default elementor-section-items-middle\" data-id=\"499b291\" data-element_type=\"section\" data-e-type=\"section\" data-settings=\"{&quot;background_background&quot;:&quot;classic&quot;}\">\n\t\t\t\t\t\t\t<div class=\"elementor-background-overlay\"><\/div>\n\t\t\t\t\t\t\t<div class=\"elementor-container elementor-column-gap-default\">\n\t\t\t\t\t<div class=\"elementor-column elementor-col-100 elementor-top-column elementor-element elementor-element-cd53a55\" data-id=\"cd53a55\" data-element_type=\"column\" data-e-type=\"column\">\n\t\t\t<div class=\"elementor-widget-wrap elementor-element-populated\">\n\t\t\t\t\t\t<div class=\"elementor-element elementor-element-6f41d1d elementor-widget elementor-widget-image\" data-id=\"6f41d1d\" data-element_type=\"widget\" data-e-type=\"widget\" data-widget_type=\"image.default\">\n\t\t\t\t<div class=\"elementor-widget-container\">\n\t\t\t\t\t\t\t\t\t\t\t\t\t\t\t<img fetchpriority=\"high\" decoding=\"async\" width=\"300\" height=\"300\" src=\"https:\/\/drying-little-tears.org\/wp-content\/uploads\/2023\/07\/Icon-Bildung-rebrand.svg\" class=\"attachment-full size-full wp-image-15798\" alt=\"\">\t\t\t\t\t\t\t\t\t\t\t\t\t\t\t<\/div>\n\t\t\t\t<\/div>\n\t\t\t\t<div class=\"elementor-element elementor-element-db700cf elementor-widget elementor-widget-heading\" data-id=\"db700cf\" data-element_type=\"widget\" data-e-type=\"widget\" data-widget_type=\"heading.default\">\n\t\t\t\t<div class=\"elementor-widget-container\">\n\t\t\t\t\t<h2 class=\"elementor-heading-title elementor-size-default\">NIEUWE APPARATUUR VOOR DE KLEUTERSCHOOL<\/h2>\t\t\t\t<\/div>\n\t\t\t\t<\/div>\n\t\t\t\t<div class=\"elementor-element elementor-element-d100b2c elementor-widget__width-auto elementor-widget elementor-widget-heading\" data-id=\"d100b2c\" data-element_type=\"widget\" data-e-type=\"widget\" data-widget_type=\"heading.default\">\n\t\t\t\t<div class=\"elementor-widget-container\">\n\t\t\t\t\t<h2 class=\"elementor-heading-title elementor-size-default\"><a href=\"https:\/\/drying-little-tears.org\/nl\/\">Home<\/a><\/h2>\t\t\t\t<\/div>\n\t\t\t\t<\/div>\n\t\t\t\t<div class=\"elementor-element elementor-element-7e297ce elementor-widget__width-auto elementor-widget elementor-widget-heading\" data-id=\"7e297ce\" data-element_type=\"widget\" data-e-type=\"widget\" data-widget_type=\"heading.default\">\n\t\t\t\t<div class=\"elementor-widget-container\">\n\t\t\t\t\t<h2 class=\"elementor-heading-title elementor-size-default\"><a href=\"https:\/\/drying-little-tears.org\/nl\/\">&gt;<\/a><\/h2>\t\t\t\t<\/div>\n\t\t\t\t<\/div>\n\t\t\t\t<div class=\"elementor-element elementor-element-89552e4 elementor-widget__width-auto elementor-widget elementor-widget-heading\" data-id=\"89552e4\" data-element_type=\"widget\" data-e-type=\"widget\" data-widget_type=\"heading.default\">\n\t\t\t\t<div class=\"elementor-widget-container\">\n\t\t\t\t\t<h2 class=\"elementor-heading-title elementor-size-default\"><a href=\"https:\/\/drying-little-tears.org\/nl\/projecten\/noodhulp\/\">Educatie<\/a><\/h2>\t\t\t\t<\/div>\n\t\t\t\t<\/div>\n\t\t\t\t\t<\/div>\n\t\t<\/div>\n\t\t\t\t\t<\/div>\n\t\t<\/section>\n\t\t\t\t<section class=\"elementor-section elementor-top-section elementor-element elementor-element-6790d58 elementor-section-content-middle elementor-section-boxed elementor-section-height-default elementor-section-height-default\" data-id=\"6790d58\" data-element_type=\"section\" data-e-type=\"section\">\n\t\t\t\t\t\t<div class=\"elementor-container elementor-column-gap-no\">\n\t\t\t\t\t<div class=\"elementor-column elementor-col-100 elementor-top-column elementor-element elementor-element-5954dc2\" data-id=\"5954dc2\" data-element_type=\"column\" data-e-type=\"column\">\n\t\t\t<div class=\"elementor-widget-wrap elementor-element-populated\">\n\t\t\t\t\t\t<div class=\"elementor-element elementor-element-2e8a3c2 elementor-widget__width-initial elementor-widget elementor-widget-heading\" data-id=\"2e8a3c2\" data-element_type=\"widget\" data-e-type=\"widget\" data-widget_type=\"heading.default\">\n\t\t\t\t<div class=\"elementor-widget-container\">\n\t\t\t\t\t<h1 class=\"elementor-heading-title elementor-size-default\">NIEUWE APPARATUUR VOOR DE KLEUTERSCHOOL<\/h1>\t\t\t\t<\/div>\n\t\t\t\t<\/div>\n\t\t\t\t<div class=\"elementor-element elementor-element-5d79c05 elementor-widget__width-initial elementor-widget elementor-widget-heading\" data-id=\"5d79c05\" data-element_type=\"widget\" data-e-type=\"widget\" data-widget_type=\"heading.default\">\n\t\t\t\t<div class=\"elementor-widget-container\">\n\t\t\t\t\t<h2 class=\"elementor-heading-title elementor-size-default\">Nieuwe binnenfaciliteiten en een nieuwe speeltuin voor sociaal achtergestelde kinderen<\/h2>\t\t\t\t<\/div>\n\t\t\t\t<\/div>\n\t\t\t\t<div class=\"elementor-element elementor-element-773aea0 elementor-widget-divider--view-line elementor-widget elementor-widget-divider\" data-id=\"773aea0\" data-element_type=\"widget\" data-e-type=\"widget\" data-widget_type=\"divider.default\">\n\t\t\t\t<div class=\"elementor-widget-container\">\n\t\t\t\t\t\t\t<div class=\"elementor-divider\">\n\t\t\t<span class=\"elementor-divider-separator\">\n\t\t\t\t\t\t<\/span>\n\t\t<\/div>\n\t\t\t\t\t\t<\/div>\n\t\t\t\t<\/div>\n\t\t\t\t\t<\/div>\n\t\t<\/div>\n\t\t\t\t\t<\/div>\n\t\t<\/section>\n\t\t<div class=\"elementor-element elementor-element-4200b2a e-flex e-con-boxed e-con e-parent\" data-id=\"4200b2a\" data-element_type=\"container\" data-e-type=\"container\">\n\t\t\t\t\t<div class=\"e-con-inner\">\n\t\t<div class=\"elementor-element elementor-element-0316b90 e-con-full e-grid e-con e-child\" data-id=\"0316b90\" data-element_type=\"container\" data-e-type=\"container\">\n\t\t\t\t<div class=\"elementor-element elementor-element-3efb64f elementor-widget elementor-widget-text-editor\" data-id=\"3efb64f\" data-element_type=\"widget\" data-e-type=\"widget\" data-widget_type=\"text-editor.default\">\n\t\t\t\t<div class=\"elementor-widget-container\">\n\t\t\t\t\t\t\t\t\t<p class=\"translation-block\">Een kwalitatief hoogstaand onderwijsaanbod is een belangrijke factor voor de ontwikkeling van jonge kinderen. In het Verenigd Koninkrijk werkt <strong><span class=\"TextRun SCXW106336734 BCX0\" lang=\"DE-DE\" xml:lang=\"DE-DE\" data-contrast=\"auto\"><span class=\"NormalTextRun SCXW106336734 BCX0\">Absolute Return for Kids <\/span><\/span><\/strong><span class=\"TextRun SCXW106336734 BCX0\" lang=\"DE-DE\" xml:lang=\"DE-DE\" data-contrast=\"auto\"><span class=\"NormalTextRun SCXW106336734 BCX0\">sinds 2002 samen met een uitgebreid netwerk om ervoor te zorgen dat kinderen uit sociaal achtergestelde gebieden ook toegang hebben tot betere onderwijsmogelijkheden. Via het voorschoolse programma van Absolut Return for Kids in de kleuterscholen van het netwerk worden de kinderen voorbereid op school, onder andere door hun woordenschat verder te ontwikkelen. Omdat het succes op school vaak afhangt van de sociale status van de ouders, ondersteunt het programma kansarme kinderen om hen als toekomstige studenten een betere en gelijke kans te geven.<\/span><\/span><\/p>\t\t\t\t\t\t\t\t<\/div>\n\t\t\t\t<\/div>\n\t\t\t\t<div class=\"elementor-element elementor-element-f5527d4 elementor-widget elementor-widget-image\" data-id=\"f5527d4\" data-element_type=\"widget\" data-e-type=\"widget\" data-widget_type=\"image.default\">\n\t\t\t\t<div class=\"elementor-widget-container\">\n\t\t\t\t\t\t\t\t\t\t\t\t\t\t\t<img decoding=\"async\" width=\"768\" height=\"512\" src=\"https:\/\/drying-little-tears.org\/wp-content\/uploads\/2025\/02\/NIK_7363-768x512.jpg\" class=\"attachment-medium_large size-medium_large wp-image-20258\" alt=\"Kinderen met zorg in een ARK-centrum\" srcset=\"https:\/\/drying-little-tears.org\/wp-content\/uploads\/2025\/02\/NIK_7363-768x512.jpg 768w, https:\/\/drying-little-tears.org\/wp-content\/uploads\/2025\/02\/NIK_7363-300x200.jpg 300w, https:\/\/drying-little-tears.org\/wp-content\/uploads\/2025\/02\/NIK_7363-1024x683.jpg 1024w, https:\/\/drying-little-tears.org\/wp-content\/uploads\/2025\/02\/NIK_7363-1536x1024.jpg 1536w, https:\/\/drying-little-tears.org\/wp-content\/uploads\/2025\/02\/NIK_7363-2048x1365.jpg 2048w, https:\/\/drying-little-tears.org\/wp-content\/uploads\/2025\/02\/NIK_7363-18x12.jpg 18w\" sizes=\"(max-width: 768px) 100vw, 768px\" \/>\t\t\t\t\t\t\t\t\t\t\t\t\t\t\t<\/div>\n\t\t\t\t<\/div>\n\t\t\t\t<\/div>\n\t\t\t\t\t<\/div>\n\t\t\t\t<\/div>\n\t\t\t\t<section class=\"elementor-section elementor-top-section elementor-element elementor-element-7325eb7 elementor-section-boxed elementor-section-height-default elementor-section-height-default\" data-id=\"7325eb7\" data-element_type=\"section\" data-e-type=\"section\">\n\t\t\t\t\t\t<div class=\"elementor-container elementor-column-gap-default\">\n\t\t\t\t\t<div class=\"elementor-column elementor-col-50 elementor-top-column elementor-element elementor-element-db647ad\" data-id=\"db647ad\" data-element_type=\"column\" data-e-type=\"column\">\n\t\t\t<div class=\"elementor-widget-wrap elementor-element-populated\">\n\t\t\t\t\t\t<div class=\"elementor-element elementor-element-e5d1b8e elementor-widget elementor-widget-image\" data-id=\"e5d1b8e\" data-element_type=\"widget\" data-e-type=\"widget\" data-widget_type=\"image.default\">\n\t\t\t\t<div class=\"elementor-widget-container\">\n\t\t\t\t\t\t\t\t\t\t\t\t\t\t\t<img decoding=\"async\" width=\"768\" height=\"512\" src=\"https:\/\/drying-little-tears.org\/wp-content\/uploads\/2025\/02\/NIK_7622-768x512.jpg\" class=\"attachment-medium_large size-medium_large wp-image-20259\" alt=\"Kleuterschool in Londen\" srcset=\"https:\/\/drying-little-tears.org\/wp-content\/uploads\/2025\/02\/NIK_7622-768x512.jpg 768w, https:\/\/drying-little-tears.org\/wp-content\/uploads\/2025\/02\/NIK_7622-300x200.jpg 300w, https:\/\/drying-little-tears.org\/wp-content\/uploads\/2025\/02\/NIK_7622-1024x683.jpg 1024w, https:\/\/drying-little-tears.org\/wp-content\/uploads\/2025\/02\/NIK_7622-1536x1024.jpg 1536w, https:\/\/drying-little-tears.org\/wp-content\/uploads\/2025\/02\/NIK_7622-2048x1365.jpg 2048w, https:\/\/drying-little-tears.org\/wp-content\/uploads\/2025\/02\/NIK_7622-18x12.jpg 18w\" sizes=\"(max-width: 768px) 100vw, 768px\" \/>\t\t\t\t\t\t\t\t\t\t\t\t\t\t\t<\/div>\n\t\t\t\t<\/div>\n\t\t\t\t\t<\/div>\n\t\t<\/div>\n\t\t\t\t<div class=\"elementor-column elementor-col-50 elementor-top-column elementor-element elementor-element-a5b5397\" data-id=\"a5b5397\" data-element_type=\"column\" data-e-type=\"column\">\n\t\t\t<div class=\"elementor-widget-wrap elementor-element-populated\">\n\t\t\t\t\t\t<div class=\"elementor-element elementor-element-48ee322 elementor-widget elementor-widget-text-editor\" data-id=\"48ee322\" data-element_type=\"widget\" data-e-type=\"widget\" data-widget_type=\"text-editor.default\">\n\t\t\t\t<div class=\"elementor-widget-container\">\n\t\t\t\t\t\t\t\t\t<p>De dagschool \u201cARK Globe\u201d in Londen geeft les aan ongeveer 1.300 leerlingen. Meer dan de helft van de kinderen komt uit gezinnen met een laag jaarinkomen. Omdat de behoefte aan sociale ondersteuning de afgelopen jaren is toegenomen, wordt daar momenteel een derde kleuterschool gebouwd.<\/p>\n<p class=\"translation-block\">Het nieuwe interieur zal een verrijking zijn voor de toekomstige kleuters. Gediplomeerde speciale leerkrachten kijken uit naar het nieuwe kindvriendelijke meubilair, dat ook gebruikt zal worden voor de flexibele, veelzijdige opvang van de kinderen.<\/p>\n<p><span style=\"color: var( --e-global-color-text ); font-size: 1rem;\">Buiten wordt een nieuwe speeltuin aangelegd waar kinderen zich kunnen uitleven en samen kunnen spelen. Naast een zandbak zijn er ook volop klimmogelijkheden.<\/span><\/p>\t\t\t\t\t\t\t\t<\/div>\n\t\t\t\t<\/div>\n\t\t\t\t\t<\/div>\n\t\t<\/div>\n\t\t\t\t\t<\/div>\n\t\t<\/section>\n\t\t\t\t<section class=\"elementor-section elementor-top-section elementor-element elementor-element-428669a elementor-section-boxed elementor-section-height-default elementor-section-height-default\" data-id=\"428669a\" data-element_type=\"section\" data-e-type=\"section\">\n\t\t\t\t\t\t<div class=\"elementor-container elementor-column-gap-default\">\n\t\t\t\t\t<div class=\"elementor-column elementor-col-50 elementor-top-column elementor-element elementor-element-b8d7286\" data-id=\"b8d7286\" data-element_type=\"column\" data-e-type=\"column\">\n\t\t\t<div class=\"elementor-widget-wrap elementor-element-populated\">\n\t\t\t\t\t\t<div class=\"elementor-element elementor-element-6f31311 elementor-widget elementor-widget-heading\" data-id=\"6f31311\" data-element_type=\"widget\" data-e-type=\"widget\" data-widget_type=\"heading.default\">\n\t\t\t\t<div class=\"elementor-widget-container\">\n\t\t\t\t\t<h2 class=\"elementor-heading-title elementor-size-default\"><span style=\", sans-serif;font-weight: 700;letter-spacing: 0.2px;text-transform: uppercase\">Sociale Gevolgen<\/span><\/h2>\t\t\t\t<\/div>\n\t\t\t\t<\/div>\n\t\t\t\t<div class=\"elementor-element elementor-element-56ff264 elementor-widget elementor-widget-text-editor\" data-id=\"56ff264\" data-element_type=\"widget\" data-e-type=\"widget\" data-widget_type=\"text-editor.default\">\n\t\t\t\t<div class=\"elementor-widget-container\">\n\t\t\t\t\t\t\t\t\t<p>De nieuwe kleuterschool zal jaarlijks plaats bieden aan maximaal 60 extra kinderen. Zo krijgen kinderen uit kansarme milieus gelijke kansen en krijgen ze een betere toekomst.<\/p><p class=\"translation-block\">Maatregelen door <strong style=\"color: var( --e-global-color-text );font-size: 1rem\"><span lang=\"DE-DE\" xml:lang=\"DE-DE\" data-contrast=\"auto\">Absolute Return for Kids:<\/span><\/strong><\/p><ul><li>Verdere ontwikkeling van de woordenschat<\/li><li>Gekwalificeerde leraren elimineren tekorten<\/li><li>Stimulerende activiteiten voor kinderen zorgen voor extra leerervaring<\/li><li>Partnerschappen met ouders ondersteunen de ontwikkeling van kinderen<\/li><li>Elk kind krijgt een individuele beoordeling om ervoor te zorgen dat ze goed voorbereid zijn op school<\/li><\/ul>\t\t\t\t\t\t\t\t<\/div>\n\t\t\t\t<\/div>\n\t\t\t\t\t<\/div>\n\t\t<\/div>\n\t\t\t\t<div class=\"elementor-column elementor-col-50 elementor-top-column elementor-element elementor-element-2a8b912\" data-id=\"2a8b912\" data-element_type=\"column\" data-e-type=\"column\">\n\t\t\t<div class=\"elementor-widget-wrap elementor-element-populated\">\n\t\t\t\t\t\t<div class=\"elementor-element elementor-element-8787645 elementor-widget elementor-widget-image\" data-id=\"8787645\" data-element_type=\"widget\" data-e-type=\"widget\" data-widget_type=\"image.default\">\n\t\t\t\t<div class=\"elementor-widget-container\">\n\t\t\t\t\t\t\t\t\t\t\t\t\t\t\t<img loading=\"lazy\" decoding=\"async\" width=\"768\" height=\"512\" src=\"https:\/\/drying-little-tears.org\/wp-content\/uploads\/2025\/02\/DSC_3942-768x512.jpg\" class=\"attachment-medium_large size-medium_large wp-image-20261\" alt=\"Ontwikkeling van jonge kinderen\" srcset=\"https:\/\/drying-little-tears.org\/wp-content\/uploads\/2025\/02\/DSC_3942-768x512.jpg 768w, https:\/\/drying-little-tears.org\/wp-content\/uploads\/2025\/02\/DSC_3942-300x200.jpg 300w, https:\/\/drying-little-tears.org\/wp-content\/uploads\/2025\/02\/DSC_3942-1024x683.jpg 1024w, https:\/\/drying-little-tears.org\/wp-content\/uploads\/2025\/02\/DSC_3942-1536x1024.jpg 1536w, https:\/\/drying-little-tears.org\/wp-content\/uploads\/2025\/02\/DSC_3942-2048x1365.jpg 2048w, https:\/\/drying-little-tears.org\/wp-content\/uploads\/2025\/02\/DSC_3942-18x12.jpg 18w\" sizes=\"(max-width: 768px) 100vw, 768px\" \/>\t\t\t\t\t\t\t\t\t\t\t\t\t\t\t<\/div>\n\t\t\t\t<\/div>\n\t\t\t\t\t<\/div>\n\t\t<\/div>\n\t\t\t\t\t<\/div>\n\t\t<\/section>\n\t\t<div class=\"elementor-element elementor-element-fafa391 e-flex e-con-boxed e-con e-parent\" data-id=\"fafa391\" data-element_type=\"container\" data-e-type=\"container\">\n\t\t\t\t\t<div class=\"e-con-inner\">\n\t\t\t\t<div class=\"elementor-element elementor-element-ad00452 elementor-widget-divider--view-line elementor-widget elementor-widget-divider\" data-id=\"ad00452\" data-element_type=\"widget\" data-e-type=\"widget\" data-widget_type=\"divider.default\">\n\t\t\t\t<div class=\"elementor-widget-container\">\n\t\t\t\t\t\t\t<div class=\"elementor-divider\">\n\t\t\t<span class=\"elementor-divider-separator\">\n\t\t\t\t\t\t<\/span>\n\t\t<\/div>\n\t\t\t\t\t\t<\/div>\n\t\t\t\t<\/div>\n\t\t\t\t\t<\/div>\n\t\t\t\t<\/div>\n\t\t<div class=\"elementor-element elementor-element-9d78e3b e-flex e-con-boxed e-con e-parent\" data-id=\"9d78e3b\" data-element_type=\"container\" data-e-type=\"container\">\n\t\t\t\t\t<div class=\"e-con-inner\">\n\t\t\t\t<div class=\"elementor-element elementor-element-0744b42 elementor-widget elementor-widget-heading\" data-id=\"0744b42\" data-element_type=\"widget\" data-e-type=\"widget\" data-widget_type=\"heading.default\">\n\t\t\t\t<div class=\"elementor-widget-container\">\n\t\t\t\t\t<h2 class=\"elementor-heading-title elementor-size-default\"><span style=\", sans-serif;font-weight: 700;letter-spacing: 0.2px;text-transform: uppercase\">Afgeronde projecten op het gebied van educatie<\/span><\/h2>\t\t\t\t<\/div>\n\t\t\t\t<\/div>\n\t\t\t\t\t<\/div>\n\t\t\t\t<\/div>\n\t\t<div class=\"elementor-element elementor-element-8b89cec e-flex e-con-boxed e-con e-parent\" data-id=\"8b89cec\" data-element_type=\"container\" data-e-type=\"container\">\n\t\t\t\t\t<div class=\"e-con-inner\">\n\t\t\t\t<div class=\"elementor-element elementor-element-b004f24 elementor-widget elementor-widget-jet-listing-grid\" data-id=\"b004f24\" data-element_type=\"widget\" data-e-type=\"widget\" data-settings=\"{&quot;columns&quot;:3}\" data-widget_type=\"jet-listing-grid.default\">\n\t\t\t\t<div class=\"elementor-widget-container\">\n\t\t\t\t\t<div class=\"jet-listing-grid jet-listing-grid--lazy-load jet-listing jet-listing-grid-loading\" data-lazy-load=\"{&quot;offset&quot;:&quot;0px&quot;,&quot;post_id&quot;:20255,&quot;queried_id&quot;:&quot;20255|WP_Post&quot;}\"><div class=\"jet-listing-grid__loader\"><div class=\"jet-listing-grid__loader-spinner\"><\/div><\/div><\/div>\t\t\t\t<\/div>\n\t\t\t\t<\/div>\n\t\t\t\t\t<\/div>\n\t\t\t\t<\/div>\n\t\t<div class=\"elementor-element elementor-element-efa4321 e-flex e-con-boxed e-con e-parent\" data-id=\"efa4321\" data-element_type=\"container\" data-e-type=\"container\">\n\t\t\t\t\t<div class=\"e-con-inner\">\n\t\t\t\t<div class=\"elementor-element elementor-element-8068990 elementor-widget-divider--view-line elementor-widget elementor-widget-divider\" data-id=\"8068990\" data-element_type=\"widget\" data-e-type=\"widget\" data-widget_type=\"divider.default\">\n\t\t\t\t<div class=\"elementor-widget-container\">\n\t\t\t\t\t\t\t<div class=\"elementor-divider\">\n\t\t\t<span class=\"elementor-divider-separator\">\n\t\t\t\t\t\t<\/span>\n\t\t<\/div>\n\t\t\t\t\t\t<\/div>\n\t\t\t\t<\/div>\n\t\t\t\t\t<\/div>\n\t\t\t\t<\/div>\n\t\t\t\t<\/div>","protected":false},"excerpt":{"rendered":"<p>NEUE AUSSTATTUNG F\u00dcR VORSCHULKINDERGARTEN Home &gt; BILDUNG NEUE AUSSTATTUNG F\u00dcR VORSCHULKINDERGARTEN Neue Einrichtung f\u00fcr den Innenbereich und ein neuer Spielplatz f\u00fcr sozial benachteiligte Kinder Ein qualitativ hochwertiges Bildungsangebot ist ein wichtiger Faktor f\u00fcr die fr\u00fchkindliche Entwicklung. In Gro\u00dfbritannien setzt sich\u00a0Absolute Return for Kids seit 2002 mit einem umfassenden Netzwerk daf\u00fcr ein, dass auch Kinder aus [&hellip;]<\/p>","protected":false},"author":4,"featured_media":0,"parent":0,"menu_order":0,"comment_status":"closed","ping_status":"closed","template":"","meta":{"footnotes":""},"class_list":["post-20255","page","type-page","status-publish","hentry"],"_links":{"self":[{"href":"https:\/\/drying-little-tears.org\/nl\/wp-json\/wp\/v2\/pages\/20255","targetHints":{"allow":["GET"]}}],"collection":[{"href":"https:\/\/drying-little-tears.org\/nl\/wp-json\/wp\/v2\/pages"}],"about":[{"href":"https:\/\/drying-little-tears.org\/nl\/wp-json\/wp\/v2\/types\/page"}],"author":[{"embeddable":true,"href":"https:\/\/drying-little-tears.org\/nl\/wp-json\/wp\/v2\/users\/4"}],"replies":[{"embeddable":true,"href":"https:\/\/drying-little-tears.org\/nl\/wp-json\/wp\/v2\/comments?post=20255"}],"version-history":[{"count":0,"href":"https:\/\/drying-little-tears.org\/nl\/wp-json\/wp\/v2\/pages\/20255\/revisions"}],"wp:attachment":[{"href":"https:\/\/drying-little-tears.org\/nl\/wp-json\/wp\/v2\/media?parent=20255"}],"curies":[{"name":"wp","href":"https:\/\/api.w.org\/{rel}","templated":true}]}}