{"id":4479,"date":"2021-11-17T20:11:51","date_gmt":"2021-11-17T19:11:51","guid":{"rendered":"https:\/\/drying-little-tears.org\/?page_id=4479"},"modified":"2024-03-18T15:14:40","modified_gmt":"2024-03-18T14:14:40","slug":"donazione-successo","status":"publish","type":"page","link":"https:\/\/drying-little-tears.org\/it\/donazione-successo\/","title":{"rendered":"Successo della donazione"},"content":{"rendered":"<div data-elementor-type=\"wp-page\" data-elementor-id=\"4479\" class=\"elementor elementor-4479\" data-elementor-post-type=\"page\">\n\t\t\t\t<div class=\"elementor-element elementor-element-89e00e7 e-con-full e-flex e-con e-parent\" data-id=\"89e00e7\" data-element_type=\"container\" data-e-type=\"container\" id=\"header-id\" data-settings=\"{&quot;background_background&quot;:&quot;classic&quot;}\">\n\t\t\t\t<div class=\"elementor-element elementor-element-7aeddbb elementor-widget__width-inherit elementor-view-default elementor-widget elementor-widget-icon\" data-id=\"7aeddbb\" data-element_type=\"widget\" data-e-type=\"widget\" data-widget_type=\"icon.default\">\n\t\t\t\t<div class=\"elementor-widget-container\">\n\t\t\t\t\t\t\t<div class=\"elementor-icon-wrapper\">\n\t\t\t<div class=\"elementor-icon\">\n\t\t\t<svg aria-hidden=\"true\" class=\"e-font-icon-svg e-far-bookmark\" viewbox=\"0 0 384 512\" xmlns=\"http:\/\/www.w3.org\/2000\/svg\"><path d=\"M336 0H48C21.49 0 0 21.49 0 48v464l192-112 192 112V48c0-26.51-21.49-48-48-48zm0 428.43l-144-84-144 84V54a6 6 0 0 1 6-6h276c3.314 0 6 2.683 6 5.996V428.43z\"><\/path><\/svg>\t\t\t<\/div>\n\t\t<\/div>\n\t\t\t\t\t\t<\/div>\n\t\t\t\t<\/div>\n\t\t\t\t<div class=\"elementor-element elementor-element-def30e5 elementor-widget__width-inherit elementor-widget elementor-widget-heading\" data-id=\"def30e5\" data-element_type=\"widget\" data-e-type=\"widget\" data-widget_type=\"heading.default\">\n\t\t\t\t<div class=\"elementor-widget-container\">\n\t\t\t\t\t<h1 class=\"elementor-heading-title elementor-size-default\">Donazione riuscita<\/h1>\t\t\t\t<\/div>\n\t\t\t\t<\/div>\n\t\t\t\t<div class=\"elementor-element elementor-element-f7727aa elementor-widget__width-auto elementor-widget elementor-widget-heading\" data-id=\"f7727aa\" data-element_type=\"widget\" data-e-type=\"widget\" data-widget_type=\"heading.default\">\n\t\t\t\t<div class=\"elementor-widget-container\">\n\t\t\t\t\t<p class=\"elementor-heading-title elementor-size-default\"><a href=\"https:\/\/drying-little-tears.org\/it\/\">Homepage<\/a><\/p>\t\t\t\t<\/div>\n\t\t\t\t<\/div>\n\t\t\t\t<div class=\"elementor-element elementor-element-35eeb03 elementor-widget__width-auto elementor-widget elementor-widget-heading\" data-id=\"35eeb03\" data-element_type=\"widget\" data-e-type=\"widget\" data-widget_type=\"heading.default\">\n\t\t\t\t<div class=\"elementor-widget-container\">\n\t\t\t\t\t<p class=\"elementor-heading-title elementor-size-default\"><a href=\"https:\/\/drying-little-tears.org\/it\/\">&gt;<\/a><\/p>\t\t\t\t<\/div>\n\t\t\t\t<\/div>\n\t\t\t\t<div class=\"elementor-element elementor-element-2c1467d elementor-widget__width-auto elementor-widget elementor-widget-heading\" data-id=\"2c1467d\" data-element_type=\"widget\" data-e-type=\"widget\" data-widget_type=\"heading.default\">\n\t\t\t\t<div class=\"elementor-widget-container\">\n\t\t\t\t\t<p class=\"elementor-heading-title elementor-size-default\">Donate ora!<\/p>\t\t\t\t<\/div>\n\t\t\t\t<\/div>\n\t\t\t\t<\/div>\n\t\t<div class=\"elementor-element elementor-element-3353048 e-flex e-con-boxed e-con e-parent\" data-id=\"3353048\" data-element_type=\"container\" data-e-type=\"container\">\n\t\t\t\t\t<div class=\"e-con-inner\">\n\t\t\t\t<div class=\"elementor-element elementor-element-f565c93 elementor-widget elementor-widget-heading\" data-id=\"f565c93\" data-element_type=\"widget\" data-e-type=\"widget\" data-widget_type=\"heading.default\">\n\t\t\t\t<div class=\"elementor-widget-container\">\n\t\t\t\t\t<h2 class=\"elementor-heading-title elementor-size-default\">GRAZIE PER IL VOSTRO SUPPORTO<\/h2>\t\t\t\t<\/div>\n\t\t\t\t<\/div>\n\t\t\t\t<div class=\"elementor-element elementor-element-5d7c4d3 elementor-widget-divider--view-line elementor-widget elementor-widget-divider\" data-id=\"5d7c4d3\" data-element_type=\"widget\" data-e-type=\"widget\" data-widget_type=\"divider.default\">\n\t\t\t\t<div class=\"elementor-widget-container\">\n\t\t\t\t\t\t\t<div class=\"elementor-divider\">\n\t\t\t<span class=\"elementor-divider-separator\">\n\t\t\t\t\t\t<\/span>\n\t\t<\/div>\n\t\t\t\t\t\t<\/div>\n\t\t\t\t<\/div>\n\t\t\t\t<div class=\"elementor-element elementor-element-09ba54b elementor-widget elementor-widget-text-editor\" data-id=\"09ba54b\" data-element_type=\"widget\" data-e-type=\"widget\" data-widget_type=\"text-editor.default\">\n\t\t\t\t<div class=\"elementor-widget-container\">\n\t\t\t\t\t\t\t\t\t<p class=\"translation-block\">Iscrivetevi <span><a href=\"#news\">qui<\/a><\/span> alla newsletter e rimanete informati sugli ultimi progetti e iniziative di ASCIUGA LE PICCOLE LACRIME.<\/p><p>Al <strong>Ricevuta della donazione<\/strong> Si prega di notare quanto segue:<\/p><p>Le donazioni alla Fondazione per l\u2019Assistenza ai Bambini Regine Sixt sono deducibili fiscalmente ai sensi del \u00a7 10 b Abs.4 EStG.<\/p><p>\u00c8 esente dall'imposta sulle societ\u00e0 mediante certificazione dell'Ufficio delle imposte sulle societ\u00e0 di Monaco di Baviera, codice fiscale 143\/235\/67299 ai sensi del \u00a7 5 (1) n. 9 KStG. Secondo gli statuti presentati, essa serve esclusivamente e direttamente a scopi di beneficenza a fini fiscali privilegiati ai sensi dei \u00a7\u00a7 51 e seguenti dell'AO.<\/p><p><strong>Per donazioni fino a 300 euro<\/strong> vi chiediamo di\u00a0<a href=\"https:\/\/drying-little-tears.org\/wp-content\/uploads\/2022\/08\/Vereinfachter-Zuwendungsnachweis-2022.pdf\">Prova d'uso semplificata<\/a> pu\u00f2 essere scaricata qui. Stampate la ricevuta di donazione semplificata e allegatela alla dichiarazione dei redditi insieme a una copia dell'estratto conto bancario. Conservate questo certificato insieme alla conferma di prenotazione della vostra banca. La conferma di prenotazione deve riportare il vostro nome e il numero di conto corrente o un altro identificativo e il nome della fondazione come beneficiario, l'importo, la data di prenotazione e l'effettiva realizzazione del pagamento.<br \/><strong>Per importi superiori a 300 euro<\/strong>\u00a0una ricevuta di donazione vi sar\u00e0 inviata per posta. Avete inserito il vostro indirizzo completo nel modulo precedente. In rari casi, l'indirizzo del donatore non ci viene fornito per intero dalla banca autorizzata. Se non ricevete la ricevuta di donazione all'inizio dell'anno successivo al vostro trasferimento, potete richiederla a\u00a0<a href=\"mailto:dryinglittletears@sixt.com\">Posta elettronica<\/a>\u00a0o telefonicamente\u00a0<strong>+49 89 74444 6144<\/strong>\u00a0richiesta.<\/p>\t\t\t\t\t\t\t\t<\/div>\n\t\t\t\t<\/div>\n\t\t\t\t<div class=\"elementor-element elementor-element-2e24f93 elementor-widget elementor-widget-button\" data-id=\"2e24f93\" data-element_type=\"widget\" data-e-type=\"widget\" data-widget_type=\"button.default\">\n\t\t\t\t<div class=\"elementor-widget-container\">\n\t\t\t\t\t\t\t\t\t<div class=\"elementor-button-wrapper\">\n\t\t\t\t\t<a class=\"elementor-button elementor-button-link elementor-size-sm\" href=\"https:\/\/drying-little-tears.org\/it\/\">\n\t\t\t\t\t\t<span class=\"elementor-button-content-wrapper\">\n\t\t\t\t\t\t\t\t\t<span class=\"elementor-button-text\">Ritorna alla homepage<\/span>\n\t\t\t\t\t<\/span>\n\t\t\t\t\t<\/a>\n\t\t\t\t<\/div>\n\t\t\t\t\t\t\t\t<\/div>\n\t\t\t\t<\/div>\n\t\t\t\t\t<\/div>\n\t\t\t\t<\/div>\n\t\t\t\t<\/div>","protected":false},"excerpt":{"rendered":"<p>Spende Erfolgreich Homepage > Spenden Herzlichen Dank f\u00fcr Ihre Unterst\u00fctzung Hier Newsletter abonnieren und \u00fcber die neuesten Projekte und Initiativen von TR\u00c4NCHEN TROCKNEN informiert bleiben. Zur Spendenbescheinigung beachten Sie bitte folgendes: Spenden an die Regine Sixt Kinderhilfe Stiftung sind gem\u00e4\u00df \u00a7 10 b Abs.4 EStG von der Steuer absetzbar. Durch Bescheinigung des Finanzamtes M\u00fcnchen f\u00fcr [&hellip;]<\/p>","protected":false},"author":1,"featured_media":0,"parent":0,"menu_order":0,"comment_status":"closed","ping_status":"closed","template":"","meta":{"footnotes":""},"class_list":["post-4479","page","type-page","status-publish","hentry"],"_links":{"self":[{"href":"https:\/\/drying-little-tears.org\/it\/wp-json\/wp\/v2\/pages\/4479","targetHints":{"allow":["GET"]}}],"collection":[{"href":"https:\/\/drying-little-tears.org\/it\/wp-json\/wp\/v2\/pages"}],"about":[{"href":"https:\/\/drying-little-tears.org\/it\/wp-json\/wp\/v2\/types\/page"}],"author":[{"embeddable":true,"href":"https:\/\/drying-little-tears.org\/it\/wp-json\/wp\/v2\/users\/1"}],"replies":[{"embeddable":true,"href":"https:\/\/drying-little-tears.org\/it\/wp-json\/wp\/v2\/comments?post=4479"}],"version-history":[{"count":0,"href":"https:\/\/drying-little-tears.org\/it\/wp-json\/wp\/v2\/pages\/4479\/revisions"}],"wp:attachment":[{"href":"https:\/\/drying-little-tears.org\/it\/wp-json\/wp\/v2\/media?parent=4479"}],"curies":[{"name":"wp","href":"https:\/\/api.w.org\/{rel}","templated":true}]}}