{"id":38,"date":"2021-07-22T12:57:48","date_gmt":"2021-07-22T10:57:48","guid":{"rendered":"http:\/\/18.184.73.230\/?page_id=38"},"modified":"2025-12-15T14:33:55","modified_gmt":"2025-12-15T13:33:55","slug":"circa-le-fondamenta","status":"publish","type":"page","link":"https:\/\/drying-little-tears.org\/it\/circa-le-fondamenta\/","title":{"rendered":"Informazioni sulla fondazione"},"content":{"rendered":"<div data-elementor-type=\"wp-page\" data-elementor-id=\"38\" class=\"elementor elementor-38\" data-elementor-post-type=\"page\">\n\t\t\t\t<div class=\"elementor-element elementor-element-cd27e14 e-con-full e-flex e-con e-parent\" data-id=\"cd27e14\" data-element_type=\"container\" data-e-type=\"container\" id=\"header-id\" data-settings=\"{&quot;background_background&quot;:&quot;classic&quot;}\">\n\t\t\t\t<div class=\"elementor-element elementor-element-c865fd0 elementor-widget__width-inherit elementor-view-default elementor-widget elementor-widget-icon\" data-id=\"c865fd0\" data-element_type=\"widget\" data-e-type=\"widget\" data-widget_type=\"icon.default\">\n\t\t\t\t<div class=\"elementor-widget-container\">\n\t\t\t\t\t\t\t<div class=\"elementor-icon-wrapper\">\n\t\t\t<div class=\"elementor-icon\">\n\t\t\t<svg aria-hidden=\"true\" class=\"e-font-icon-svg e-far-bookmark\" viewbox=\"0 0 384 512\" xmlns=\"http:\/\/www.w3.org\/2000\/svg\"><path d=\"M336 0H48C21.49 0 0 21.49 0 48v464l192-112 192 112V48c0-26.51-21.49-48-48-48zm0 428.43l-144-84-144 84V54a6 6 0 0 1 6-6h276c3.314 0 6 2.683 6 5.996V428.43z\"><\/path><\/svg>\t\t\t<\/div>\n\t\t<\/div>\n\t\t\t\t\t\t<\/div>\n\t\t\t\t<\/div>\n\t\t\t\t<div class=\"elementor-element elementor-element-b5101a5 elementor-widget__width-inherit elementor-widget elementor-widget-heading\" data-id=\"b5101a5\" data-element_type=\"widget\" data-e-type=\"widget\" data-widget_type=\"heading.default\">\n\t\t\t\t<div class=\"elementor-widget-container\">\n\t\t\t\t\t<h1 class=\"elementor-heading-title elementor-size-default\">Su di noi<\/h1>\t\t\t\t<\/div>\n\t\t\t\t<\/div>\n\t\t\t\t<div class=\"elementor-element elementor-element-b60992a elementor-widget__width-auto elementor-widget elementor-widget-heading\" data-id=\"b60992a\" data-element_type=\"widget\" data-e-type=\"widget\" data-widget_type=\"heading.default\">\n\t\t\t\t<div class=\"elementor-widget-container\">\n\t\t\t\t\t<p class=\"elementor-heading-title elementor-size-default\"><a href=\"https:\/\/drying-little-tears.org\/it\/\">Homepage<\/a><\/p>\t\t\t\t<\/div>\n\t\t\t\t<\/div>\n\t\t\t\t<div class=\"elementor-element elementor-element-a0b97d4 elementor-widget__width-auto elementor-widget elementor-widget-heading\" data-id=\"a0b97d4\" data-element_type=\"widget\" data-e-type=\"widget\" data-widget_type=\"heading.default\">\n\t\t\t\t<div class=\"elementor-widget-container\">\n\t\t\t\t\t<p class=\"elementor-heading-title elementor-size-default\"><a href=\"https:\/\/drying-little-tears.org\/it\/\">&gt;<\/a><\/p>\t\t\t\t<\/div>\n\t\t\t\t<\/div>\n\t\t\t\t<div class=\"elementor-element elementor-element-975ec10 elementor-widget__width-auto elementor-widget elementor-widget-heading\" data-id=\"975ec10\" data-element_type=\"widget\" data-e-type=\"widget\" data-widget_type=\"heading.default\">\n\t\t\t\t<div class=\"elementor-widget-container\">\n\t\t\t\t\t<p class=\"elementor-heading-title elementor-size-default\">Su di noi<\/p>\t\t\t\t<\/div>\n\t\t\t\t<\/div>\n\t\t\t\t<\/div>\n\t\t<div class=\"elementor-element elementor-element-d143822 e-flex e-con-boxed e-con e-parent\" data-id=\"d143822\" data-element_type=\"container\" data-e-type=\"container\">\n\t\t\t\t\t<div class=\"e-con-inner\">\n\t\t\t\t<div class=\"elementor-element elementor-element-314d0a8 elementor-widget elementor-widget-heading\" data-id=\"314d0a8\" data-element_type=\"widget\" data-e-type=\"widget\" data-widget_type=\"heading.default\">\n\t\t\t\t<div class=\"elementor-widget-container\">\n\t\t\t\t\t<h2 class=\"elementor-heading-title elementor-size-default\">Informazioni sulla fondazione<\/h2>\t\t\t\t<\/div>\n\t\t\t\t<\/div>\n\t\t\t\t<div class=\"elementor-element elementor-element-2154936 elementor-widget-divider--view-line elementor-widget elementor-widget-divider\" data-id=\"2154936\" data-element_type=\"widget\" data-e-type=\"widget\" data-widget_type=\"divider.default\">\n\t\t\t\t<div class=\"elementor-widget-container\">\n\t\t\t\t\t\t\t<div class=\"elementor-divider\">\n\t\t\t<span class=\"elementor-divider-separator\">\n\t\t\t\t\t\t<\/span>\n\t\t<\/div>\n\t\t\t\t\t\t<\/div>\n\t\t\t\t<\/div>\n\t\t\t\t<div class=\"elementor-element elementor-element-f425dbc elementor-widget__width-initial elementor-widget elementor-widget-text-editor\" data-id=\"f425dbc\" data-element_type=\"widget\" data-e-type=\"widget\" data-widget_type=\"text-editor.default\">\n\t\t\t\t<div class=\"elementor-widget-container\">\n\t\t\t\t\t\t\t\t\t<p>Fondazione per l\u2019Assistenza ai Bambini Regine Sixt ASCIUGA LE PICCOLE LACRIME  sviluppa e realizza progetti nei settori dell'istruzione, della sanit\u00e0, dell'assistenza e degli aiuti di emergenza.<\/p>\n<p>La fondazione \u00e8 sostenuta volontariamente dai dipendenti SIXT in 110 paesi \u00e8 impegnata a livello nazionale ed internazionale nella lotta alla povert\u00e0 e nella promozione dell'istruzione. A tal fine, la fondazione sostiene gli istituti per la cura quotidiana dei bambini e gli istituti di istruzione e di preparazione professionale. L'impegno a migliorare le cure mediche per i bambini ha lo scopo di aumentare le loro possibilit\u00e0 nella vita e consentire loro di svilupparsi in modo sano fino all'et\u00e0 adulta.<\/p>\n<p>L'associazione Kinderhilfe \u00e8 stata fondata nel 2000 da Regine Sixt con il nome di Regine Sixt Kinderhilfe e.V. a Pullach, in Germania. Nel 2011 \u00e8 stata trasformata in una fondazione senza scopo di lucro di diritto civile.<\/p>\n<p>Regine Sixt ha chiamato la sua fondazione ASCIUGA LE PICCOLE LACRIME per una serie di eventi che ha potuto aiutare a sostenere. Tutto \u00e8 iniziato con l'aiuto dei bambini di Chernobyl affetti da leucemia. Seguono progetti in Gabon, Ecuador, Tanzania e Sudafrica.<\/p>\n<p>Oggi la Fondazione \u00e8 il programma ufficiale di Corporate Social Responsibility (CSR) di SIXT SE ed \u00e8 parte integrante della cultura aziendale di SIXT.<\/p>\n<p>Dipendenti in tutto il mondo sono impegnati in ASCIUGA LE PICCOLE LACRIME  e sono coinvolti in progetti in tutte le filiali. Con la creazione di un DRYING LITTLE TEARS Day, l'azienda offre ai propri dipendenti l'opportunit\u00e0 di trascorrere un'intera giornata per i bambini una volta all'anno.<\/p>\n<p>Non da ultimo, la Fondazione Regine Sixt per l'aiuto all'infanzia ha sostenuto pi\u00f9 di 440 progetti in oltre 70 paesi in collaborazione con la societ\u00e0 SIXT e con i paesi in franchising SIXT.<\/p>\t\t\t\t\t\t\t\t<\/div>\n\t\t\t\t<\/div>\n\t\t\t\t<div class=\"elementor-element elementor-element-a7f6d8a elementor-widget elementor-widget-image\" data-id=\"a7f6d8a\" data-element_type=\"widget\" data-e-type=\"widget\" data-widget_type=\"image.default\">\n\t\t\t\t<div class=\"elementor-widget-container\">\n\t\t\t\t\t\t\t\t\t\t\t\t\t\t\t<img fetchpriority=\"high\" decoding=\"async\" width=\"2560\" height=\"1474\" src=\"https:\/\/drying-little-tears.org\/wp-content\/uploads\/2024\/05\/sx30487_KiHi_Weltkarte_Update_RZ3_RGB-scaled.jpg\" class=\"attachment-full size-full wp-image-19071\" alt=\"350 progetti in 65 paesi\" srcset=\"https:\/\/drying-little-tears.org\/wp-content\/uploads\/2024\/05\/sx30487_KiHi_Weltkarte_Update_RZ3_RGB-scaled.jpg 2560w, https:\/\/drying-little-tears.org\/wp-content\/uploads\/2024\/05\/sx30487_KiHi_Weltkarte_Update_RZ3_RGB-300x173.jpg 300w, https:\/\/drying-little-tears.org\/wp-content\/uploads\/2024\/05\/sx30487_KiHi_Weltkarte_Update_RZ3_RGB-1024x590.jpg 1024w, https:\/\/drying-little-tears.org\/wp-content\/uploads\/2024\/05\/sx30487_KiHi_Weltkarte_Update_RZ3_RGB-768x442.jpg 768w, https:\/\/drying-little-tears.org\/wp-content\/uploads\/2024\/05\/sx30487_KiHi_Weltkarte_Update_RZ3_RGB-1536x885.jpg 1536w, https:\/\/drying-little-tears.org\/wp-content\/uploads\/2024\/05\/sx30487_KiHi_Weltkarte_Update_RZ3_RGB-2048x1180.jpg 2048w, https:\/\/drying-little-tears.org\/wp-content\/uploads\/2024\/05\/sx30487_KiHi_Weltkarte_Update_RZ3_RGB-18x10.jpg 18w\" sizes=\"(max-width: 2560px) 100vw, 2560px\" \/>\t\t\t\t\t\t\t\t\t\t\t\t\t\t\t<\/div>\n\t\t\t\t<\/div>\n\t\t\t\t\t<\/div>\n\t\t\t\t<\/div>\n\t\t\t\t<\/div>","protected":false},"excerpt":{"rendered":"<p>Chi siamo Homepage &gt; Chi siamo Chi \u00e8 la fondazione La Fondazione Regine Sixt per l'aiuto all'infanzia TR\u00c4NCHEN TROCKNEN sviluppa e realizza progetti nelle quattro aree dell'istruzione, della salute, dell'assistenza e degli aiuti di emergenza. \u00c8 sostenuta su base volontaria dai dipendenti Sixt in 110 Paesi e opera a livello nazionale e internazionale per combattere la povert\u00e0 e [...].<\/p>","protected":false},"author":1,"featured_media":0,"parent":0,"menu_order":0,"comment_status":"closed","ping_status":"closed","template":"elementor_header_footer","meta":{"footnotes":""},"class_list":["post-38","page","type-page","status-publish","hentry"],"_links":{"self":[{"href":"https:\/\/drying-little-tears.org\/it\/wp-json\/wp\/v2\/pages\/38","targetHints":{"allow":["GET"]}}],"collection":[{"href":"https:\/\/drying-little-tears.org\/it\/wp-json\/wp\/v2\/pages"}],"about":[{"href":"https:\/\/drying-little-tears.org\/it\/wp-json\/wp\/v2\/types\/page"}],"author":[{"embeddable":true,"href":"https:\/\/drying-little-tears.org\/it\/wp-json\/wp\/v2\/users\/1"}],"replies":[{"embeddable":true,"href":"https:\/\/drying-little-tears.org\/it\/wp-json\/wp\/v2\/comments?post=38"}],"version-history":[{"count":0,"href":"https:\/\/drying-little-tears.org\/it\/wp-json\/wp\/v2\/pages\/38\/revisions"}],"wp:attachment":[{"href":"https:\/\/drying-little-tears.org\/it\/wp-json\/wp\/v2\/media?parent=38"}],"curies":[{"name":"wp","href":"https:\/\/api.w.org\/{rel}","templated":true}]}}