{"id":4479,"date":"2021-11-17T20:11:51","date_gmt":"2021-11-17T19:11:51","guid":{"rendered":"https:\/\/drying-little-tears.org\/?page_id=4479"},"modified":"2024-03-18T15:14:40","modified_gmt":"2024-03-18T14:14:40","slug":"don-succes","status":"publish","type":"page","link":"https:\/\/drying-little-tears.org\/fr\/don-succes\/","title":{"rendered":"Succ\u00e8s de la donation"},"content":{"rendered":"<div data-elementor-type=\"wp-page\" data-elementor-id=\"4479\" class=\"elementor elementor-4479\" data-elementor-post-type=\"page\">\n\t\t\t\t<div class=\"elementor-element elementor-element-89e00e7 e-con-full e-flex e-con e-parent\" data-id=\"89e00e7\" data-element_type=\"container\" data-e-type=\"container\" id=\"header-id\" data-settings=\"{&quot;background_background&quot;:&quot;classic&quot;}\">\n\t\t\t\t<div class=\"elementor-element elementor-element-7aeddbb elementor-widget__width-inherit elementor-view-default elementor-widget elementor-widget-icon\" data-id=\"7aeddbb\" data-element_type=\"widget\" data-e-type=\"widget\" data-widget_type=\"icon.default\">\n\t\t\t\t<div class=\"elementor-widget-container\">\n\t\t\t\t\t\t\t<div class=\"elementor-icon-wrapper\">\n\t\t\t<div class=\"elementor-icon\">\n\t\t\t<svg aria-hidden=\"true\" class=\"e-font-icon-svg e-far-bookmark\" viewbox=\"0 0 384 512\" xmlns=\"http:\/\/www.w3.org\/2000\/svg\"><path d=\"M336 0H48C21.49 0 0 21.49 0 48v464l192-112 192 112V48c0-26.51-21.49-48-48-48zm0 428.43l-144-84-144 84V54a6 6 0 0 1 6-6h276c3.314 0 6 2.683 6 5.996V428.43z\"><\/path><\/svg>\t\t\t<\/div>\n\t\t<\/div>\n\t\t\t\t\t\t<\/div>\n\t\t\t\t<\/div>\n\t\t\t\t<div class=\"elementor-element elementor-element-def30e5 elementor-widget__width-inherit elementor-widget elementor-widget-heading\" data-id=\"def30e5\" data-element_type=\"widget\" data-e-type=\"widget\" data-widget_type=\"heading.default\">\n\t\t\t\t<div class=\"elementor-widget-container\">\n\t\t\t\t\t<h1 class=\"elementor-heading-title elementor-size-default\">Donation Succ\u00e8s<\/h1>\t\t\t\t<\/div>\n\t\t\t\t<\/div>\n\t\t\t\t<div class=\"elementor-element elementor-element-f7727aa elementor-widget__width-auto elementor-widget elementor-widget-heading\" data-id=\"f7727aa\" data-element_type=\"widget\" data-e-type=\"widget\" data-widget_type=\"heading.default\">\n\t\t\t\t<div class=\"elementor-widget-container\">\n\t\t\t\t\t<p class=\"elementor-heading-title elementor-size-default\"><a href=\"https:\/\/drying-little-tears.org\/fr\/\">Page d'accueil<\/a><\/p>\t\t\t\t<\/div>\n\t\t\t\t<\/div>\n\t\t\t\t<div class=\"elementor-element elementor-element-35eeb03 elementor-widget__width-auto elementor-widget elementor-widget-heading\" data-id=\"35eeb03\" data-element_type=\"widget\" data-e-type=\"widget\" data-widget_type=\"heading.default\">\n\t\t\t\t<div class=\"elementor-widget-container\">\n\t\t\t\t\t<p class=\"elementor-heading-title elementor-size-default\"><a href=\"https:\/\/drying-little-tears.org\/fr\/\">&gt;<\/a><\/p>\t\t\t\t<\/div>\n\t\t\t\t<\/div>\n\t\t\t\t<div class=\"elementor-element elementor-element-2c1467d elementor-widget__width-auto elementor-widget elementor-widget-heading\" data-id=\"2c1467d\" data-element_type=\"widget\" data-e-type=\"widget\" data-widget_type=\"heading.default\">\n\t\t\t\t<div class=\"elementor-widget-container\">\n\t\t\t\t\t<p class=\"elementor-heading-title elementor-size-default\">Faites un don maintenant!<\/p>\t\t\t\t<\/div>\n\t\t\t\t<\/div>\n\t\t\t\t<\/div>\n\t\t<div class=\"elementor-element elementor-element-3353048 e-flex e-con-boxed e-con e-parent\" data-id=\"3353048\" data-element_type=\"container\" data-e-type=\"container\">\n\t\t\t\t\t<div class=\"e-con-inner\">\n\t\t\t\t<div class=\"elementor-element elementor-element-f565c93 elementor-widget elementor-widget-heading\" data-id=\"f565c93\" data-element_type=\"widget\" data-e-type=\"widget\" data-widget_type=\"heading.default\">\n\t\t\t\t<div class=\"elementor-widget-container\">\n\t\t\t\t\t<h2 class=\"elementor-heading-title elementor-size-default\">MERCI POUR VOTRE SOUTIEN<\/h2>\t\t\t\t<\/div>\n\t\t\t\t<\/div>\n\t\t\t\t<div class=\"elementor-element elementor-element-5d7c4d3 elementor-widget-divider--view-line elementor-widget elementor-widget-divider\" data-id=\"5d7c4d3\" data-element_type=\"widget\" data-e-type=\"widget\" data-widget_type=\"divider.default\">\n\t\t\t\t<div class=\"elementor-widget-container\">\n\t\t\t\t\t\t\t<div class=\"elementor-divider\">\n\t\t\t<span class=\"elementor-divider-separator\">\n\t\t\t\t\t\t<\/span>\n\t\t<\/div>\n\t\t\t\t\t\t<\/div>\n\t\t\t\t<\/div>\n\t\t\t\t<div class=\"elementor-element elementor-element-09ba54b elementor-widget elementor-widget-text-editor\" data-id=\"09ba54b\" data-element_type=\"widget\" data-e-type=\"widget\" data-widget_type=\"text-editor.default\">\n\t\t\t\t<div class=\"elementor-widget-container\">\n\t\t\t\t\t\t\t\t\t<p class=\"translation-block\">Abonnez-vous <span><a href=\"#news\"> ici <\/a><\/span> \u00e0 la newsletter et restez inform\u00e9e des derniers projets et initiatives de S\u00c9CHEZ LES PETITES LARMES.<\/p><p>Vers <strong>Attestation de don<\/strong> veuillez noter ce qui suit :<\/p><p>Les dons \u00e0 la Fondation d\u2019Aide \u00e0 l\u2019Enfance Regine Sixt sont d\u00e9ductibles d'imp\u00f4ts conform\u00e9ment au \u00a7 10 b alin\u00e9a 4 EStG.<\/p><p>Elle est exon\u00e9r\u00e9e de l'imp\u00f4t sur les soci\u00e9t\u00e9s par l'attestation de l'administration fiscale munichoise des soci\u00e9t\u00e9s, num\u00e9ro d'identification fiscale 143\/235\/67299 conform\u00e9ment au \u00a7 5 (1) no. 9 KStG. Selon les statuts soumis, elle sert exclusivement et directement \u00e0 des fins d'utilit\u00e9 publique fiscalement privil\u00e9gi\u00e9es au sens des \u00a7\u00a7 51 et suivants de l'AO.<\/p><p><strong>Pour les dons jusqu'\u00e0 300 euros<\/strong> nous vous demandons de bien vouloir\u00a0<a href=\"https:\/\/drying-little-tears.org\/wp-content\/uploads\/2022\/08\/Vereinfachter-Zuwendungsnachweis-2022.pdf\">la justification simplifi\u00e9e des subventions<\/a> \u00e0 t\u00e9l\u00e9charger ici. Pour ce faire, veuillez imprimer l'attestation de donation simplifi\u00e9e et la joindre \u00e0 votre d\u00e9claration d'imp\u00f4ts, accompagn\u00e9e d'une copie de votre relev\u00e9 de compte. Conservez cette attestation avec la confirmation comptable de votre \u00e9tablissement de cr\u00e9dit. La confirmation comptable doit indiquer votre nom et le num\u00e9ro de compte ou un autre \u00e9l\u00e9ment d'identification et le nom de la fondation en tant que b\u00e9n\u00e9ficiaire, le montant, la date de comptabilisation ainsi que l'ex\u00e9cution effective du paiement.<br \/><strong>Pour les montants sup\u00e9rieurs \u00e0 300 euros<\/strong>\u00a0une attestation de don vous sera envoy\u00e9e par courrier. Vous avez indiqu\u00e9 votre adresse compl\u00e8te dans le formulaire pr\u00e9c\u00e9dent. Dans de rares cas, l'adresse du donateur ne nous est pas transmise int\u00e9gralement par la banque mandat\u00e9e. Si vous ne recevez pas de re\u00e7u de don au d\u00e9but de l'ann\u00e9e suivante apr\u00e8s votre virement, vous pouvez le demander par\u00a0<a href=\"mailto:dryinglittletears@sixt.com\">E-mail<\/a>\u00a0ou par t\u00e9l\u00e9phone\u00a0<strong>+49 89 74444 6144<\/strong>\u00a0demander.<\/p>\t\t\t\t\t\t\t\t<\/div>\n\t\t\t\t<\/div>\n\t\t\t\t<div class=\"elementor-element elementor-element-2e24f93 elementor-widget elementor-widget-button\" data-id=\"2e24f93\" data-element_type=\"widget\" data-e-type=\"widget\" data-widget_type=\"button.default\">\n\t\t\t\t<div class=\"elementor-widget-container\">\n\t\t\t\t\t\t\t\t\t<div class=\"elementor-button-wrapper\">\n\t\t\t\t\t<a class=\"elementor-button elementor-button-link elementor-size-sm\" href=\"https:\/\/drying-little-tears.org\/fr\/\">\n\t\t\t\t\t\t<span class=\"elementor-button-content-wrapper\">\n\t\t\t\t\t\t\t\t\t<span class=\"elementor-button-text\">Retour \u00e0 la page d'accueil<\/span>\n\t\t\t\t\t<\/span>\n\t\t\t\t\t<\/a>\n\t\t\t\t<\/div>\n\t\t\t\t\t\t\t\t<\/div>\n\t\t\t\t<\/div>\n\t\t\t\t\t<\/div>\n\t\t\t\t<\/div>\n\t\t\t\t<\/div>","protected":false},"excerpt":{"rendered":"<p>Spende Erfolgreich Homepage > Spenden Herzlichen Dank f\u00fcr Ihre Unterst\u00fctzung Hier Newsletter abonnieren und \u00fcber die neuesten Projekte und Initiativen von TR\u00c4NCHEN TROCKNEN informiert bleiben. Zur Spendenbescheinigung beachten Sie bitte folgendes: Spenden an die Regine Sixt Kinderhilfe Stiftung sind gem\u00e4\u00df \u00a7 10 b Abs.4 EStG von der Steuer absetzbar. Durch Bescheinigung des Finanzamtes M\u00fcnchen f\u00fcr [&hellip;]<\/p>","protected":false},"author":1,"featured_media":0,"parent":0,"menu_order":0,"comment_status":"closed","ping_status":"closed","template":"","meta":{"footnotes":""},"class_list":["post-4479","page","type-page","status-publish","hentry"],"_links":{"self":[{"href":"https:\/\/drying-little-tears.org\/fr\/wp-json\/wp\/v2\/pages\/4479","targetHints":{"allow":["GET"]}}],"collection":[{"href":"https:\/\/drying-little-tears.org\/fr\/wp-json\/wp\/v2\/pages"}],"about":[{"href":"https:\/\/drying-little-tears.org\/fr\/wp-json\/wp\/v2\/types\/page"}],"author":[{"embeddable":true,"href":"https:\/\/drying-little-tears.org\/fr\/wp-json\/wp\/v2\/users\/1"}],"replies":[{"embeddable":true,"href":"https:\/\/drying-little-tears.org\/fr\/wp-json\/wp\/v2\/comments?post=4479"}],"version-history":[{"count":0,"href":"https:\/\/drying-little-tears.org\/fr\/wp-json\/wp\/v2\/pages\/4479\/revisions"}],"wp:attachment":[{"href":"https:\/\/drying-little-tears.org\/fr\/wp-json\/wp\/v2\/media?parent=4479"}],"curies":[{"name":"wp","href":"https:\/\/api.w.org\/{rel}","templated":true}]}}