{"id":38,"date":"2021-07-22T12:57:48","date_gmt":"2021-07-22T10:57:48","guid":{"rendered":"http:\/\/18.184.73.230\/?page_id=38"},"modified":"2025-12-15T14:33:55","modified_gmt":"2025-12-15T13:33:55","slug":"a-propos-de-la-fondation","status":"publish","type":"page","link":"https:\/\/drying-little-tears.org\/fr\/a-propos-de-la-fondation\/","title":{"rendered":"\u00c0 propos de la fondation"},"content":{"rendered":"<div data-elementor-type=\"wp-page\" data-elementor-id=\"38\" class=\"elementor elementor-38\" data-elementor-post-type=\"page\">\n\t\t\t\t<div class=\"elementor-element elementor-element-cd27e14 e-con-full e-flex e-con e-parent\" data-id=\"cd27e14\" data-element_type=\"container\" data-e-type=\"container\" id=\"header-id\" data-settings=\"{&quot;background_background&quot;:&quot;classic&quot;}\">\n\t\t\t\t<div class=\"elementor-element elementor-element-c865fd0 elementor-widget__width-inherit elementor-view-default elementor-widget elementor-widget-icon\" data-id=\"c865fd0\" data-element_type=\"widget\" data-e-type=\"widget\" data-widget_type=\"icon.default\">\n\t\t\t\t<div class=\"elementor-widget-container\">\n\t\t\t\t\t\t\t<div class=\"elementor-icon-wrapper\">\n\t\t\t<div class=\"elementor-icon\">\n\t\t\t<svg aria-hidden=\"true\" class=\"e-font-icon-svg e-far-bookmark\" viewbox=\"0 0 384 512\" xmlns=\"http:\/\/www.w3.org\/2000\/svg\"><path d=\"M336 0H48C21.49 0 0 21.49 0 48v464l192-112 192 112V48c0-26.51-21.49-48-48-48zm0 428.43l-144-84-144 84V54a6 6 0 0 1 6-6h276c3.314 0 6 2.683 6 5.996V428.43z\"><\/path><\/svg>\t\t\t<\/div>\n\t\t<\/div>\n\t\t\t\t\t\t<\/div>\n\t\t\t\t<\/div>\n\t\t\t\t<div class=\"elementor-element elementor-element-b5101a5 elementor-widget__width-inherit elementor-widget elementor-widget-heading\" data-id=\"b5101a5\" data-element_type=\"widget\" data-e-type=\"widget\" data-widget_type=\"heading.default\">\n\t\t\t\t<div class=\"elementor-widget-container\">\n\t\t\t\t\t<h1 class=\"elementor-heading-title elementor-size-default\">La Fondation<\/h1>\t\t\t\t<\/div>\n\t\t\t\t<\/div>\n\t\t\t\t<div class=\"elementor-element elementor-element-b60992a elementor-widget__width-auto elementor-widget elementor-widget-heading\" data-id=\"b60992a\" data-element_type=\"widget\" data-e-type=\"widget\" data-widget_type=\"heading.default\">\n\t\t\t\t<div class=\"elementor-widget-container\">\n\t\t\t\t\t<p class=\"elementor-heading-title elementor-size-default\"><a href=\"https:\/\/drying-little-tears.org\/fr\/\">Page d'accueil<\/a><\/p>\t\t\t\t<\/div>\n\t\t\t\t<\/div>\n\t\t\t\t<div class=\"elementor-element elementor-element-a0b97d4 elementor-widget__width-auto elementor-widget elementor-widget-heading\" data-id=\"a0b97d4\" data-element_type=\"widget\" data-e-type=\"widget\" data-widget_type=\"heading.default\">\n\t\t\t\t<div class=\"elementor-widget-container\">\n\t\t\t\t\t<p class=\"elementor-heading-title elementor-size-default\"><a href=\"https:\/\/drying-little-tears.org\/fr\/\">&gt;<\/a><\/p>\t\t\t\t<\/div>\n\t\t\t\t<\/div>\n\t\t\t\t<div class=\"elementor-element elementor-element-975ec10 elementor-widget__width-auto elementor-widget elementor-widget-heading\" data-id=\"975ec10\" data-element_type=\"widget\" data-e-type=\"widget\" data-widget_type=\"heading.default\">\n\t\t\t\t<div class=\"elementor-widget-container\">\n\t\t\t\t\t<p class=\"elementor-heading-title elementor-size-default\">La Fondation<\/p>\t\t\t\t<\/div>\n\t\t\t\t<\/div>\n\t\t\t\t<\/div>\n\t\t<div class=\"elementor-element elementor-element-d143822 e-flex e-con-boxed e-con e-parent\" data-id=\"d143822\" data-element_type=\"container\" data-e-type=\"container\">\n\t\t\t\t\t<div class=\"e-con-inner\">\n\t\t\t\t<div class=\"elementor-element elementor-element-314d0a8 elementor-widget elementor-widget-heading\" data-id=\"314d0a8\" data-element_type=\"widget\" data-e-type=\"widget\" data-widget_type=\"heading.default\">\n\t\t\t\t<div class=\"elementor-widget-container\">\n\t\t\t\t\t<h2 class=\"elementor-heading-title elementor-size-default\">\u00c0 propos de la fondation<\/h2>\t\t\t\t<\/div>\n\t\t\t\t<\/div>\n\t\t\t\t<div class=\"elementor-element elementor-element-2154936 elementor-widget-divider--view-line elementor-widget elementor-widget-divider\" data-id=\"2154936\" data-element_type=\"widget\" data-e-type=\"widget\" data-widget_type=\"divider.default\">\n\t\t\t\t<div class=\"elementor-widget-container\">\n\t\t\t\t\t\t\t<div class=\"elementor-divider\">\n\t\t\t<span class=\"elementor-divider-separator\">\n\t\t\t\t\t\t<\/span>\n\t\t<\/div>\n\t\t\t\t\t\t<\/div>\n\t\t\t\t<\/div>\n\t\t\t\t<div class=\"elementor-element elementor-element-f425dbc elementor-widget__width-initial elementor-widget elementor-widget-text-editor\" data-id=\"f425dbc\" data-element_type=\"widget\" data-e-type=\"widget\" data-widget_type=\"text-editor.default\">\n\t\t\t\t<div class=\"elementor-widget-container\">\n\t\t\t\t\t\t\t\t\t<p>Fondation d\u2019Aide \u00e0 l\u2019Enfance Regine Sixt S\u00c9CHEZ LES PETITES LARMES d\u00e9veloppe et r\u00e9alise des projets dans les domaines de l'\u00e9ducation, de la sant\u00e9, de la sollicitude et de l'aide d\u2019urgence.<\/p>\n<p>Elle est soutenue par les employ\u00e9s de SIXT dans 110 pays sur une base volontaire et s'engage au niveau national et international dans la lutte contre la pauvret\u00e9 et la promotion de l'\u00e9ducation. A cette fin, la fondation soutient des institutions pour la prise en charge des enfants tout au long de la journ\u00e9e ainsi que des institutions d'\u00e9ducation et de pr\u00e9paration professionnelle. L'engagement \u00e0 am\u00e9liorer les soins m\u00e9dicaux pour les enfants vise \u00e0 accro\u00eetre leurs chances dans la vie et \u00e0 leur permettre de se d\u00e9velopper sainement jusqu'\u00e0 l'\u00e2ge adulte.<\/p>\n<p>L'association Kinderhilfe a \u00e9t\u00e9 fond\u00e9e en 2000 par Regine Sixt sous le nom de Regine Sixt Kinderhilfe e.V. \u00e0 Pullach, Allemagne. En 2011, elle a \u00e9t\u00e9 transform\u00e9e en fondation de droit civil \u00e0 but non lucratif.<\/p>\n<p>Regine Sixt a baptis\u00e9 sa fondation S\u00c9CHEZ LES PETITES LARMES  en raison d'une vari\u00e9t\u00e9 d'\u00e9v\u00e9nements qu'elle a pu soutenir. Tout a commenc\u00e9 avec l'aide des enfants de Tchernobyl atteints de leuc\u00e9mie. Viennent ensuite des projets au Gabon, en \u00c9quateur, en Tanzanie et en Afrique du Sud.<\/p>\n<p>Aujourd'hui, la fondation est le programme officiel de responsabilit\u00e9 soci\u00e9tale d'entreprise (RSE) de SIXT SE et fait partie int\u00e9grante de la culture d'entreprise de SIXT.<\/p>\n<p>Des collaborateurs dans le monde entier s'engagent pour S\u00c9CHEZ LES PETITES LARMES et participent \u00e0 des projets dans toutes les branches. En cr\u00e9ant une DRYING LITTLE TEARS Day, l'entreprise donne \u00e0 ses employ\u00e9s l'occasion de passer une journ\u00e9e enti\u00e8re pour les enfants une fois par an.<\/p>\n<p>C'est notamment gr\u00e2ce \u00e0 cela que la fondation Regine Sixt Kinderhilfe, en collaboration avec les pays SIXT Corporate et SIXT Franchise, a soutenu plus de 440 projets dans plus de 70 pays.<\/p>\t\t\t\t\t\t\t\t<\/div>\n\t\t\t\t<\/div>\n\t\t\t\t<div class=\"elementor-element elementor-element-a7f6d8a elementor-widget elementor-widget-image\" data-id=\"a7f6d8a\" data-element_type=\"widget\" data-e-type=\"widget\" data-widget_type=\"image.default\">\n\t\t\t\t<div class=\"elementor-widget-container\">\n\t\t\t\t\t\t\t\t\t\t\t\t\t\t\t<img fetchpriority=\"high\" decoding=\"async\" width=\"2560\" height=\"1474\" src=\"https:\/\/drying-little-tears.org\/wp-content\/uploads\/2024\/05\/sx30487_KiHi_Weltkarte_Update_RZ3_RGB-scaled.jpg\" class=\"attachment-full size-full wp-image-19071\" alt=\"350 projets dans 65 pays\" srcset=\"https:\/\/drying-little-tears.org\/wp-content\/uploads\/2024\/05\/sx30487_KiHi_Weltkarte_Update_RZ3_RGB-scaled.jpg 2560w, https:\/\/drying-little-tears.org\/wp-content\/uploads\/2024\/05\/sx30487_KiHi_Weltkarte_Update_RZ3_RGB-300x173.jpg 300w, https:\/\/drying-little-tears.org\/wp-content\/uploads\/2024\/05\/sx30487_KiHi_Weltkarte_Update_RZ3_RGB-1024x590.jpg 1024w, https:\/\/drying-little-tears.org\/wp-content\/uploads\/2024\/05\/sx30487_KiHi_Weltkarte_Update_RZ3_RGB-768x442.jpg 768w, https:\/\/drying-little-tears.org\/wp-content\/uploads\/2024\/05\/sx30487_KiHi_Weltkarte_Update_RZ3_RGB-1536x885.jpg 1536w, https:\/\/drying-little-tears.org\/wp-content\/uploads\/2024\/05\/sx30487_KiHi_Weltkarte_Update_RZ3_RGB-2048x1180.jpg 2048w, https:\/\/drying-little-tears.org\/wp-content\/uploads\/2024\/05\/sx30487_KiHi_Weltkarte_Update_RZ3_RGB-18x10.jpg 18w\" sizes=\"(max-width: 2560px) 100vw, 2560px\" \/>\t\t\t\t\t\t\t\t\t\t\t\t\t\t\t<\/div>\n\t\t\t\t<\/div>\n\t\t\t\t\t<\/div>\n\t\t\t\t<\/div>\n\t\t\t\t<\/div>","protected":false},"excerpt":{"rendered":"<p>A propos de nous Page d'accueil &gt; A propos de nous A propos de la fondation La fondation Regine Sixt Kinderhilfe TR\u00c4NCHEN TROCKNEN d\u00e9veloppe et r\u00e9alise des projets dans les quatre domaines suivants : \u00e9ducation, sant\u00e9, assistance et aide d'urgence. Pour ce faire, elle est soutenue b\u00e9n\u00e9volement par les collaborateurs de Sixt dans 110 pays et s'engage au niveau national et international dans la lutte contre la pauvret\u00e9 et [...].<\/p>","protected":false},"author":1,"featured_media":0,"parent":0,"menu_order":0,"comment_status":"closed","ping_status":"closed","template":"elementor_header_footer","meta":{"footnotes":""},"class_list":["post-38","page","type-page","status-publish","hentry"],"_links":{"self":[{"href":"https:\/\/drying-little-tears.org\/fr\/wp-json\/wp\/v2\/pages\/38","targetHints":{"allow":["GET"]}}],"collection":[{"href":"https:\/\/drying-little-tears.org\/fr\/wp-json\/wp\/v2\/pages"}],"about":[{"href":"https:\/\/drying-little-tears.org\/fr\/wp-json\/wp\/v2\/types\/page"}],"author":[{"embeddable":true,"href":"https:\/\/drying-little-tears.org\/fr\/wp-json\/wp\/v2\/users\/1"}],"replies":[{"embeddable":true,"href":"https:\/\/drying-little-tears.org\/fr\/wp-json\/wp\/v2\/comments?post=38"}],"version-history":[{"count":0,"href":"https:\/\/drying-little-tears.org\/fr\/wp-json\/wp\/v2\/pages\/38\/revisions"}],"wp:attachment":[{"href":"https:\/\/drying-little-tears.org\/fr\/wp-json\/wp\/v2\/media?parent=38"}],"curies":[{"name":"wp","href":"https:\/\/api.w.org\/{rel}","templated":true}]}}