{"id":82,"date":"2021-08-04T11:36:11","date_gmt":"2021-08-04T09:36:11","guid":{"rendered":"http:\/\/18.184.73.230\/?page_id=82"},"modified":"2024-03-18T11:52:13","modified_gmt":"2024-03-18T10:52:13","slug":"companero","status":"publish","type":"page","link":"https:\/\/drying-little-tears.org\/es\/companero\/","title":{"rendered":"Socios"},"content":{"rendered":"<div data-elementor-type=\"wp-page\" data-elementor-id=\"82\" class=\"elementor elementor-82\" data-elementor-post-type=\"page\">\n\t\t\t\t<div class=\"elementor-element elementor-element-84bd53a e-con-full e-flex e-con e-parent\" data-id=\"84bd53a\" data-element_type=\"container\" data-e-type=\"container\" id=\"header-id\" data-settings=\"{&quot;background_background&quot;:&quot;classic&quot;}\">\n\t\t\t\t<div class=\"elementor-element elementor-element-8ac0a71 elementor-view-default elementor-widget elementor-widget-icon\" data-id=\"8ac0a71\" data-element_type=\"widget\" data-e-type=\"widget\" data-widget_type=\"icon.default\">\n\t\t\t\t<div class=\"elementor-widget-container\">\n\t\t\t\t\t\t\t<div class=\"elementor-icon-wrapper\">\n\t\t\t<div class=\"elementor-icon\">\n\t\t\t<svg aria-hidden=\"true\" class=\"e-font-icon-svg e-far-bookmark\" viewbox=\"0 0 384 512\" xmlns=\"http:\/\/www.w3.org\/2000\/svg\"><path d=\"M336 0H48C21.49 0 0 21.49 0 48v464l192-112 192 112V48c0-26.51-21.49-48-48-48zm0 428.43l-144-84-144 84V54a6 6 0 0 1 6-6h276c3.314 0 6 2.683 6 5.996V428.43z\"><\/path><\/svg>\t\t\t<\/div>\n\t\t<\/div>\n\t\t\t\t\t\t<\/div>\n\t\t\t\t<\/div>\n\t\t\t\t<div class=\"elementor-element elementor-element-ae7395f elementor-widget__width-inherit elementor-widget elementor-widget-heading\" data-id=\"ae7395f\" data-element_type=\"widget\" data-e-type=\"widget\" data-widget_type=\"heading.default\">\n\t\t\t\t<div class=\"elementor-widget-container\">\n\t\t\t\t\t<h1 class=\"elementor-heading-title elementor-size-default\">Socios<\/h1>\t\t\t\t<\/div>\n\t\t\t\t<\/div>\n\t\t\t\t<div class=\"elementor-element elementor-element-2bbe32b elementor-widget__width-auto elementor-widget elementor-widget-heading\" data-id=\"2bbe32b\" data-element_type=\"widget\" data-e-type=\"widget\" data-widget_type=\"heading.default\">\n\t\t\t\t<div class=\"elementor-widget-container\">\n\t\t\t\t\t<p class=\"elementor-heading-title elementor-size-default\"><a href=\"https:\/\/drying-little-tears.org\/es\/\">P\u00e1gina de inicio<\/a><\/p>\t\t\t\t<\/div>\n\t\t\t\t<\/div>\n\t\t\t\t<div class=\"elementor-element elementor-element-ad77b18 elementor-widget__width-auto elementor-widget elementor-widget-heading\" data-id=\"ad77b18\" data-element_type=\"widget\" data-e-type=\"widget\" data-widget_type=\"heading.default\">\n\t\t\t\t<div class=\"elementor-widget-container\">\n\t\t\t\t\t<h2 class=\"elementor-heading-title elementor-size-default\"><a href=\"https:\/\/drying-little-tears.org\/es\/\">&gt;<\/a><\/h2>\t\t\t\t<\/div>\n\t\t\t\t<\/div>\n\t\t\t\t<div class=\"elementor-element elementor-element-bf732b8 elementor-widget__width-auto elementor-widget elementor-widget-heading\" data-id=\"bf732b8\" data-element_type=\"widget\" data-e-type=\"widget\" data-widget_type=\"heading.default\">\n\t\t\t\t<div class=\"elementor-widget-container\">\n\t\t\t\t\t<p class=\"elementor-heading-title elementor-size-default\">Sobre nosotros<\/p>\t\t\t\t<\/div>\n\t\t\t\t<\/div>\n\t\t\t\t<\/div>\n\t\t<div class=\"elementor-element elementor-element-5534517 e-flex e-con-boxed e-con e-parent\" data-id=\"5534517\" data-element_type=\"container\" data-e-type=\"container\">\n\t\t\t\t\t<div class=\"e-con-inner\">\n\t\t\t\t<div class=\"elementor-element elementor-element-8b2f64e elementor-widget__width-inherit elementor-widget elementor-widget-heading\" data-id=\"8b2f64e\" data-element_type=\"widget\" data-e-type=\"widget\" data-widget_type=\"heading.default\">\n\t\t\t\t<div class=\"elementor-widget-container\">\n\t\t\t\t\t<h2 class=\"elementor-heading-title elementor-size-default\">Nuestros Socios<\/h2>\t\t\t\t<\/div>\n\t\t\t\t<\/div>\n\t\t\t\t<div class=\"elementor-element elementor-element-b837093 elementor-widget-divider--view-line elementor-widget elementor-widget-divider\" data-id=\"b837093\" data-element_type=\"widget\" data-e-type=\"widget\" data-widget_type=\"divider.default\">\n\t\t\t\t<div class=\"elementor-widget-container\">\n\t\t\t\t\t\t\t<div class=\"elementor-divider\">\n\t\t\t<span class=\"elementor-divider-separator\">\n\t\t\t\t\t\t<\/span>\n\t\t<\/div>\n\t\t\t\t\t\t<\/div>\n\t\t\t\t<\/div>\n\t\t<div class=\"elementor-element elementor-element-6691809 e-con-full e-flex e-con e-child\" data-id=\"6691809\" data-element_type=\"container\" data-e-type=\"container\">\n\t\t\t\t<div class=\"elementor-element elementor-element-dbfe066 elementor-widget__width-initial elementor-view-default elementor-widget elementor-widget-icon\" data-id=\"dbfe066\" data-element_type=\"widget\" data-e-type=\"widget\" data-widget_type=\"icon.default\">\n\t\t\t\t<div class=\"elementor-widget-container\">\n\t\t\t\t\t\t\t<div class=\"elementor-icon-wrapper\">\n\t\t\t<div class=\"elementor-icon\">\n\t\t\t<svg xmlns=\"http:\/\/www.w3.org\/2000\/svg\" id=\"Layer_1\" data-name=\"Layer 1\" viewbox=\"0 0 80 80\"><path d=\"M11.35,40.58c2.63-3.44,6.79-5,11.55-5,8.8,0,15.15,5.94,15.15,16C38.05,61,32.11,69,19.63,69,8.16,69,1,60.78,1,47.47,1,29.67,11.7,15.7,31.06,11.08a2.45,2.45,0,0,1,2.79,1.55l.4,1.12A1.94,1.94,0,0,1,32.9,16.3c-12.77,3.58-20.51,11.36-22.44,24C10.29,41.43,10.63,41.53,11.35,40.58Zm40.95,0c2.63-3.44,6.79-5,11.55-5,8.79,0,15.15,5.94,15.15,16C79,61,73.06,69,60.58,69,49.11,69,42,60.78,42,47.47,42,29.67,52.65,15.7,72,11.08a2.46,2.46,0,0,1,2.8,1.55l.39,1.12a1.93,1.93,0,0,1-1.34,2.55c-12.78,3.58-20.52,11.36-22.44,24C51.24,41.43,51.59,41.53,52.3,40.58Z\"><\/path><\/svg>\t\t\t<\/div>\n\t\t<\/div>\n\t\t\t\t\t\t<\/div>\n\t\t\t\t<\/div>\n\t\t<div class=\"elementor-element elementor-element-829db27 e-con-full e-flex e-con e-child\" data-id=\"829db27\" data-element_type=\"container\" data-e-type=\"container\">\n\t\t\t\t<div class=\"elementor-element elementor-element-854cb9b elementor-widget elementor-widget-text-editor\" data-id=\"854cb9b\" data-element_type=\"widget\" data-e-type=\"widget\" data-widget_type=\"text-editor.default\">\n\t\t\t\t<div class=\"elementor-widget-container\">\n\t\t\t\t\t\t\t\t\tColaboramos con animadores que tienen mucha energ\u00eda y marcan la diferencia.\t\t\t\t\t\t\t\t<\/div>\n\t\t\t\t<\/div>\n\t\t\t\t<div class=\"elementor-element elementor-element-cd83579 elementor-widget elementor-widget-heading\" data-id=\"cd83579\" data-element_type=\"widget\" data-e-type=\"widget\" data-widget_type=\"heading.default\">\n\t\t\t\t<div class=\"elementor-widget-container\">\n\t\t\t\t\t<h2 class=\"elementor-heading-title elementor-size-default\">\u2014 Regine Sixt<\/h2>\t\t\t\t<\/div>\n\t\t\t\t<\/div>\n\t\t\t\t<\/div>\n\t\t\t\t<div class=\"elementor-element elementor-element-5577003 elementor-widget__width-initial elementor-view-default elementor-widget elementor-widget-icon\" data-id=\"5577003\" data-element_type=\"widget\" data-e-type=\"widget\" data-widget_type=\"icon.default\">\n\t\t\t\t<div class=\"elementor-widget-container\">\n\t\t\t\t\t\t\t<div class=\"elementor-icon-wrapper\">\n\t\t\t<div class=\"elementor-icon\">\n\t\t\t<svg xmlns=\"http:\/\/www.w3.org\/2000\/svg\" id=\"Layer_1\" data-name=\"Layer 1\" viewbox=\"0 0 80 80\"><path d=\"M11.35,40.58c2.63-3.44,6.79-5,11.55-5,8.8,0,15.15,5.94,15.15,16C38.05,61,32.11,69,19.63,69,8.16,69,1,60.78,1,47.47,1,29.67,11.7,15.7,31.06,11.08a2.45,2.45,0,0,1,2.79,1.55l.4,1.12A1.94,1.94,0,0,1,32.9,16.3c-12.77,3.58-20.51,11.36-22.44,24C10.29,41.43,10.63,41.53,11.35,40.58Zm40.95,0c2.63-3.44,6.79-5,11.55-5,8.79,0,15.15,5.94,15.15,16C79,61,73.06,69,60.58,69,49.11,69,42,60.78,42,47.47,42,29.67,52.65,15.7,72,11.08a2.46,2.46,0,0,1,2.8,1.55l.39,1.12a1.93,1.93,0,0,1-1.34,2.55c-12.78,3.58-20.52,11.36-22.44,24C51.24,41.43,51.59,41.53,52.3,40.58Z\"><\/path><\/svg>\t\t\t<\/div>\n\t\t<\/div>\n\t\t\t\t\t\t<\/div>\n\t\t\t\t<\/div>\n\t\t\t\t<\/div>\n\t\t\t\t\t<\/div>\n\t\t\t\t<\/div>\n\t\t<div class=\"elementor-element elementor-element-50c33a7 e-flex e-con-boxed e-con e-parent\" data-id=\"50c33a7\" data-element_type=\"container\" data-e-type=\"container\" data-settings=\"{&quot;background_background&quot;:&quot;classic&quot;}\">\n\t\t\t\t\t<div class=\"e-con-inner\">\n\t\t\t\t<div class=\"elementor-element elementor-element-09bdc2f elementor-widget__width-inherit elementor-widget elementor-widget-heading\" data-id=\"09bdc2f\" data-element_type=\"widget\" data-e-type=\"widget\" data-widget_type=\"heading.default\">\n\t\t\t\t<div class=\"elementor-widget-container\">\n\t\t\t\t\t<h3 class=\"elementor-heading-title elementor-size-default\">Agradecemos a nuestros socios colaboradores<\/h3>\t\t\t\t<\/div>\n\t\t\t\t<\/div>\n\t\t\t\t<div class=\"elementor-element elementor-element-e7fbb98 elementor-widget-divider--view-line elementor-widget elementor-widget-divider\" data-id=\"e7fbb98\" data-element_type=\"widget\" data-e-type=\"widget\" data-widget_type=\"divider.default\">\n\t\t\t\t<div class=\"elementor-widget-container\">\n\t\t\t\t\t\t\t<div class=\"elementor-divider\">\n\t\t\t<span class=\"elementor-divider-separator\">\n\t\t\t\t\t\t<\/span>\n\t\t<\/div>\n\t\t\t\t\t\t<\/div>\n\t\t\t\t<\/div>\n\t\t\t\t<div class=\"elementor-element elementor-element-d4b63c7 elementor-widget__width-inherit elementor-widget elementor-widget-heading\" data-id=\"d4b63c7\" data-element_type=\"widget\" data-e-type=\"widget\" data-widget_type=\"heading.default\">\n\t\t\t\t<div class=\"elementor-widget-container\">\n\t\t\t\t\t<h3 class=\"elementor-heading-title elementor-size-default\">Empresa<\/h3>\t\t\t\t<\/div>\n\t\t\t\t<\/div>\n\t\t\t\t<div class=\"elementor-element elementor-element-c87e41f elementor-widget__width-auto elementor-widget elementor-widget-text-editor\" data-id=\"c87e41f\" data-element_type=\"widget\" data-e-type=\"widget\" data-widget_type=\"text-editor.default\">\n\t\t\t\t<div class=\"elementor-widget-container\">\n\t\t\t\t\t\t\t\t\t<ul><li>SIXT SE<\/li><li>BMW<\/li><li>Marcas Teamtex<\/li><li>Citro\u00ebn<\/li><li>C\u00f3ndor<\/li><li>Deloitte<\/li><\/ul>\t\t\t\t\t\t\t\t<\/div>\n\t\t\t\t<\/div>\n\t\t\t\t<div class=\"elementor-element elementor-element-de30acb elementor-widget__width-auto elementor-widget elementor-widget-text-editor\" data-id=\"de30acb\" data-element_type=\"widget\" data-e-type=\"widget\" data-widget_type=\"text-editor.default\">\n\t\t\t\t<div class=\"elementor-widget-container\">\n\t\t\t\t\t\t\t\t\t<ul><li>Europa-Park GmbH &amp; Co Mack KG<\/li><li>Google<\/li><li>Jakubowicz &amp; Collegen Abogados<\/li><li>Katag AG<\/li><li>Leonardo<\/li><li>Alemania Lufthansa AG<\/li><\/ul>\t\t\t\t\t\t\t\t<\/div>\n\t\t\t\t<\/div>\n\t\t\t\t<div class=\"elementor-element elementor-element-8f8ea96 elementor-widget__width-auto elementor-widget elementor-widget-text-editor\" data-id=\"8f8ea96\" data-element_type=\"widget\" data-e-type=\"widget\" data-widget_type=\"text-editor.default\">\n\t\t\t\t<div class=\"elementor-widget-container\">\n\t\t\t\t\t\t\t\t\t<ul><li>Mini<\/li><li>Payback<\/li><li>Peugeot<\/li><li>PSP Sch\u00f6nberger y Partner<\/li><li>Grupo hotelero Steigenberger<\/li><li>Caridad unida<\/li><\/ul>\t\t\t\t\t\t\t\t<\/div>\n\t\t\t\t<\/div>\n\t\t\t\t<div class=\"elementor-element elementor-element-9967630 elementor-widget__width-inherit elementor-widget elementor-widget-heading\" data-id=\"9967630\" data-element_type=\"widget\" data-e-type=\"widget\" data-widget_type=\"heading.default\">\n\t\t\t\t<div class=\"elementor-widget-container\">\n\t\t\t\t\t<h3 class=\"elementor-heading-title elementor-size-default\">Particulares<\/h3>\t\t\t\t<\/div>\n\t\t\t\t<\/div>\n\t\t\t\t<div class=\"elementor-element elementor-element-4146f17 elementor-widget__width-inherit elementor-widget elementor-widget-text-editor\" data-id=\"4146f17\" data-element_type=\"widget\" data-e-type=\"widget\" data-widget_type=\"text-editor.default\">\n\t\t\t\t<div class=\"elementor-widget-container\">\n\t\t\t\t\t\t\t\t\t<ul>\n<li>Sir Cliff Richard<\/li><li style=\"font-size: 16px;\">Leslie Mandoki<\/li>\n<li>Wolfgang Joop<\/li>\n<\/ul>\t\t\t\t\t\t\t\t<\/div>\n\t\t\t\t<\/div>\n\t\t\t\t\t<\/div>\n\t\t\t\t<\/div>\n\t\t\t\t<\/div>","protected":false},"excerpt":{"rendered":"<p>Partner Homepage > \u00dcber uns Unsere Partner Wir kooperieren mit tatkr\u00e4ftigen Ermutigern, die einen Unterschied machen. \u2014 Regine Sixt Wir Danken unseren Kooperationspartnern Unternehmen SIXT SE BMW Brands Teamtex Citro\u00ebn Condor Deloitte Europa-Park GmbH &amp; Co Mack KG Google Jakubowicz &amp; Collegen Rechtsanw\u00e4lte Katag AG Leonardo Deutsche Lufthansa AG Mini Payback Peugeot PSP Sch\u00f6nberger und [&hellip;]<\/p>","protected":false},"author":1,"featured_media":0,"parent":0,"menu_order":0,"comment_status":"closed","ping_status":"closed","template":"elementor_header_footer","meta":{"footnotes":""},"class_list":["post-82","page","type-page","status-publish","hentry"],"_links":{"self":[{"href":"https:\/\/drying-little-tears.org\/es\/wp-json\/wp\/v2\/pages\/82","targetHints":{"allow":["GET"]}}],"collection":[{"href":"https:\/\/drying-little-tears.org\/es\/wp-json\/wp\/v2\/pages"}],"about":[{"href":"https:\/\/drying-little-tears.org\/es\/wp-json\/wp\/v2\/types\/page"}],"author":[{"embeddable":true,"href":"https:\/\/drying-little-tears.org\/es\/wp-json\/wp\/v2\/users\/1"}],"replies":[{"embeddable":true,"href":"https:\/\/drying-little-tears.org\/es\/wp-json\/wp\/v2\/comments?post=82"}],"version-history":[{"count":0,"href":"https:\/\/drying-little-tears.org\/es\/wp-json\/wp\/v2\/pages\/82\/revisions"}],"wp:attachment":[{"href":"https:\/\/drying-little-tears.org\/es\/wp-json\/wp\/v2\/media?parent=82"}],"curies":[{"name":"wp","href":"https:\/\/api.w.org\/{rel}","templated":true}]}}