{"id":38,"date":"2021-07-22T12:57:48","date_gmt":"2021-07-22T10:57:48","guid":{"rendered":"http:\/\/18.184.73.230\/?page_id=38"},"modified":"2025-12-15T14:33:55","modified_gmt":"2025-12-15T13:33:55","slug":"sobre-la-base","status":"publish","type":"page","link":"https:\/\/drying-little-tears.org\/es\/sobre-la-base\/","title":{"rendered":"Sobre la fundaci\u00f3n"},"content":{"rendered":"<div data-elementor-type=\"wp-page\" data-elementor-id=\"38\" class=\"elementor elementor-38\" data-elementor-post-type=\"page\">\n\t\t\t\t<div class=\"elementor-element elementor-element-cd27e14 e-con-full e-flex e-con e-parent\" data-id=\"cd27e14\" data-element_type=\"container\" data-e-type=\"container\" id=\"header-id\" data-settings=\"{&quot;background_background&quot;:&quot;classic&quot;}\">\n\t\t\t\t<div class=\"elementor-element elementor-element-c865fd0 elementor-widget__width-inherit elementor-view-default elementor-widget elementor-widget-icon\" data-id=\"c865fd0\" data-element_type=\"widget\" data-e-type=\"widget\" data-widget_type=\"icon.default\">\n\t\t\t\t<div class=\"elementor-widget-container\">\n\t\t\t\t\t\t\t<div class=\"elementor-icon-wrapper\">\n\t\t\t<div class=\"elementor-icon\">\n\t\t\t<svg aria-hidden=\"true\" class=\"e-font-icon-svg e-far-bookmark\" viewbox=\"0 0 384 512\" xmlns=\"http:\/\/www.w3.org\/2000\/svg\"><path d=\"M336 0H48C21.49 0 0 21.49 0 48v464l192-112 192 112V48c0-26.51-21.49-48-48-48zm0 428.43l-144-84-144 84V54a6 6 0 0 1 6-6h276c3.314 0 6 2.683 6 5.996V428.43z\"><\/path><\/svg>\t\t\t<\/div>\n\t\t<\/div>\n\t\t\t\t\t\t<\/div>\n\t\t\t\t<\/div>\n\t\t\t\t<div class=\"elementor-element elementor-element-b5101a5 elementor-widget__width-inherit elementor-widget elementor-widget-heading\" data-id=\"b5101a5\" data-element_type=\"widget\" data-e-type=\"widget\" data-widget_type=\"heading.default\">\n\t\t\t\t<div class=\"elementor-widget-container\">\n\t\t\t\t\t<h1 class=\"elementor-heading-title elementor-size-default\">Sobre nostros<\/h1>\t\t\t\t<\/div>\n\t\t\t\t<\/div>\n\t\t\t\t<div class=\"elementor-element elementor-element-b60992a elementor-widget__width-auto elementor-widget elementor-widget-heading\" data-id=\"b60992a\" data-element_type=\"widget\" data-e-type=\"widget\" data-widget_type=\"heading.default\">\n\t\t\t\t<div class=\"elementor-widget-container\">\n\t\t\t\t\t<p class=\"elementor-heading-title elementor-size-default\"><a href=\"https:\/\/drying-little-tears.org\/es\/\">P\u00e1gina de inicio<\/a><\/p>\t\t\t\t<\/div>\n\t\t\t\t<\/div>\n\t\t\t\t<div class=\"elementor-element elementor-element-a0b97d4 elementor-widget__width-auto elementor-widget elementor-widget-heading\" data-id=\"a0b97d4\" data-element_type=\"widget\" data-e-type=\"widget\" data-widget_type=\"heading.default\">\n\t\t\t\t<div class=\"elementor-widget-container\">\n\t\t\t\t\t<p class=\"elementor-heading-title elementor-size-default\"><a href=\"https:\/\/drying-little-tears.org\/es\/\">&gt;<\/a><\/p>\t\t\t\t<\/div>\n\t\t\t\t<\/div>\n\t\t\t\t<div class=\"elementor-element elementor-element-975ec10 elementor-widget__width-auto elementor-widget elementor-widget-heading\" data-id=\"975ec10\" data-element_type=\"widget\" data-e-type=\"widget\" data-widget_type=\"heading.default\">\n\t\t\t\t<div class=\"elementor-widget-container\">\n\t\t\t\t\t<p class=\"elementor-heading-title elementor-size-default\">Sobre nosotros<\/p>\t\t\t\t<\/div>\n\t\t\t\t<\/div>\n\t\t\t\t<\/div>\n\t\t<div class=\"elementor-element elementor-element-d143822 e-flex e-con-boxed e-con e-parent\" data-id=\"d143822\" data-element_type=\"container\" data-e-type=\"container\">\n\t\t\t\t\t<div class=\"e-con-inner\">\n\t\t\t\t<div class=\"elementor-element elementor-element-314d0a8 elementor-widget elementor-widget-heading\" data-id=\"314d0a8\" data-element_type=\"widget\" data-e-type=\"widget\" data-widget_type=\"heading.default\">\n\t\t\t\t<div class=\"elementor-widget-container\">\n\t\t\t\t\t<h2 class=\"elementor-heading-title elementor-size-default\">Sobre la fundaci\u00f3n<\/h2>\t\t\t\t<\/div>\n\t\t\t\t<\/div>\n\t\t\t\t<div class=\"elementor-element elementor-element-2154936 elementor-widget-divider--view-line elementor-widget elementor-widget-divider\" data-id=\"2154936\" data-element_type=\"widget\" data-e-type=\"widget\" data-widget_type=\"divider.default\">\n\t\t\t\t<div class=\"elementor-widget-container\">\n\t\t\t\t\t\t\t<div class=\"elementor-divider\">\n\t\t\t<span class=\"elementor-divider-separator\">\n\t\t\t\t\t\t<\/span>\n\t\t<\/div>\n\t\t\t\t\t\t<\/div>\n\t\t\t\t<\/div>\n\t\t\t\t<div class=\"elementor-element elementor-element-f425dbc elementor-widget__width-initial elementor-widget elementor-widget-text-editor\" data-id=\"f425dbc\" data-element_type=\"widget\" data-e-type=\"widget\" data-widget_type=\"text-editor.default\">\n\t\t\t\t<div class=\"elementor-widget-container\">\n\t\t\t\t\t\t\t\t\t<p>Fundaci\u00f3n de Ayuda a la Infancia Regine Sixt SECANDO PEQUE\u00d1AS L\u00c1GRIMAS desarrolla e implementa proyectos en las \u00e1reas de educaci\u00f3n, salud, cuidado y ayuda de emergencia.<\/p>\n<p>Cuenta con el apoyo voluntario de los empleados de SIXT en 110 pa\u00edses y est\u00e1 comprometida a nivel nacional e internacional en la lucha contra la pobreza y la promoci\u00f3n de la educaci\u00f3n. Con este fin, la fundaci\u00f3n apoya a las instituciones para el cuidado de los ni\u00f1os durante todo el d\u00eda, as\u00ed como a las instituciones educativas y de preparaci\u00f3n profesional. El compromiso de mejorar la atenci\u00f3n m\u00e9dica de los ni\u00f1os tiene por objeto aumentar sus oportunidades en la vida y permitirles desarrollarse de manera saludable hasta la edad adulta.<\/p>\n<p>La organizaci\u00f3n de ayuda a la infancia fue fundada en el a\u00f1o 2000 por Regine Sixt con el nombre de Regine Sixt Kinderhilfe e.V. en Pullach, Alemania. En 2011 se transform\u00f3 en una fundaci\u00f3n sin \u00e1nimo de lucro de derecho civil.<\/p>\n<p>Regine Sixt llam\u00f3 a su fundaci\u00f3n SECANDO PEQUE\u00d1AS L\u00c1GRIMAS debido a una variedad de eventos que pudo apoyar. Comenz\u00f3 con la ayuda de los ni\u00f1os de Chern\u00f3bil que sufr\u00edan de leucemia. A esto, siguieron proyectos en Gab\u00f3n, Ecuador, Tanzania y Sud\u00e1frica.<\/p>\n<p>Hoy en d\u00eda, la Fundaci\u00f3n es el programa oficial de Responsabilidad Social Corporativa (RSC) de SIXT SE y parte integral de la cultura corporativa de SIXT.<\/p>\n<p>Los empleados de SIXT en todo el mundo est\u00e1n comprometidos con SECANDO PEQUE\u00d1AS L\u00c1GRIMAS y participan en proyectos en todos los sectores. Con la creaci\u00f3n del DRYING LITTLE TEARS Day, la empresa ofrece a sus empleados la oportunidad de pasar un d\u00eda entero dedicado a los ni\u00f1os una vez al a\u00f1o.<\/p>\n<p>No en vano, la Fundaci\u00f3n Regine Sixt de Ayuda a la Infancia ha apoyado m\u00e1s de 440 proyectos en m\u00e1s de 70 pa\u00edses en cooperaci\u00f3n con la empresa SIXT y los pa\u00edses franquiciados de SIXT.<\/p>\t\t\t\t\t\t\t\t<\/div>\n\t\t\t\t<\/div>\n\t\t\t\t<div class=\"elementor-element elementor-element-a7f6d8a elementor-widget elementor-widget-image\" data-id=\"a7f6d8a\" data-element_type=\"widget\" data-e-type=\"widget\" data-widget_type=\"image.default\">\n\t\t\t\t<div class=\"elementor-widget-container\">\n\t\t\t\t\t\t\t\t\t\t\t\t\t\t\t<img fetchpriority=\"high\" decoding=\"async\" width=\"2560\" height=\"1474\" src=\"https:\/\/drying-little-tears.org\/wp-content\/uploads\/2024\/05\/sx30487_KiHi_Weltkarte_Update_RZ3_RGB-scaled.jpg\" class=\"attachment-full size-full wp-image-19071\" alt=\"350 proyectos en 65 pa\u00edses\" srcset=\"https:\/\/drying-little-tears.org\/wp-content\/uploads\/2024\/05\/sx30487_KiHi_Weltkarte_Update_RZ3_RGB-scaled.jpg 2560w, https:\/\/drying-little-tears.org\/wp-content\/uploads\/2024\/05\/sx30487_KiHi_Weltkarte_Update_RZ3_RGB-300x173.jpg 300w, https:\/\/drying-little-tears.org\/wp-content\/uploads\/2024\/05\/sx30487_KiHi_Weltkarte_Update_RZ3_RGB-1024x590.jpg 1024w, https:\/\/drying-little-tears.org\/wp-content\/uploads\/2024\/05\/sx30487_KiHi_Weltkarte_Update_RZ3_RGB-768x442.jpg 768w, https:\/\/drying-little-tears.org\/wp-content\/uploads\/2024\/05\/sx30487_KiHi_Weltkarte_Update_RZ3_RGB-1536x885.jpg 1536w, https:\/\/drying-little-tears.org\/wp-content\/uploads\/2024\/05\/sx30487_KiHi_Weltkarte_Update_RZ3_RGB-2048x1180.jpg 2048w, https:\/\/drying-little-tears.org\/wp-content\/uploads\/2024\/05\/sx30487_KiHi_Weltkarte_Update_RZ3_RGB-18x10.jpg 18w\" sizes=\"(max-width: 2560px) 100vw, 2560px\" \/>\t\t\t\t\t\t\t\t\t\t\t\t\t\t\t<\/div>\n\t\t\t\t<\/div>\n\t\t\t\t\t<\/div>\n\t\t\t\t<\/div>\n\t\t\t\t<\/div>","protected":false},"excerpt":{"rendered":"<p>Acerca de nosotros P\u00e1gina de inicio &gt; Acerca de nosotros Acerca de la fundaci\u00f3n La Fundaci\u00f3n Regine Sixt de Ayuda a la Infancia TR\u00c4NCHEN TROCKNEN desarrolla y realiza proyectos en las cuatro \u00e1reas de educaci\u00f3n, salud, bienestar y ayuda de emergencia. Cuenta con el apoyo voluntario de los empleados de Sixt en 110 pa\u00edses y trabaja a nivel nacional e internacional en la lucha contra la pobreza y [...].<\/p>","protected":false},"author":1,"featured_media":0,"parent":0,"menu_order":0,"comment_status":"closed","ping_status":"closed","template":"elementor_header_footer","meta":{"footnotes":""},"class_list":["post-38","page","type-page","status-publish","hentry"],"_links":{"self":[{"href":"https:\/\/drying-little-tears.org\/es\/wp-json\/wp\/v2\/pages\/38","targetHints":{"allow":["GET"]}}],"collection":[{"href":"https:\/\/drying-little-tears.org\/es\/wp-json\/wp\/v2\/pages"}],"about":[{"href":"https:\/\/drying-little-tears.org\/es\/wp-json\/wp\/v2\/types\/page"}],"author":[{"embeddable":true,"href":"https:\/\/drying-little-tears.org\/es\/wp-json\/wp\/v2\/users\/1"}],"replies":[{"embeddable":true,"href":"https:\/\/drying-little-tears.org\/es\/wp-json\/wp\/v2\/comments?post=38"}],"version-history":[{"count":0,"href":"https:\/\/drying-little-tears.org\/es\/wp-json\/wp\/v2\/pages\/38\/revisions"}],"wp:attachment":[{"href":"https:\/\/drying-little-tears.org\/es\/wp-json\/wp\/v2\/media?parent=38"}],"curies":[{"name":"wp","href":"https:\/\/api.w.org\/{rel}","templated":true}]}}