{"id":3326,"date":"2021-10-10T17:10:55","date_gmt":"2021-10-10T15:10:55","guid":{"rendered":"http:\/\/18.184.73.230\/?page_id=3326"},"modified":"2024-03-16T00:49:25","modified_gmt":"2024-03-15T23:49:25","slug":"imprimir","status":"publish","type":"page","link":"https:\/\/drying-little-tears.org\/es\/imprimir\/","title":{"rendered":"Aviso legal"},"content":{"rendered":"<div data-elementor-type=\"wp-page\" data-elementor-id=\"3326\" class=\"elementor elementor-3326\" data-elementor-post-type=\"page\">\n\t\t\t\t<div class=\"elementor-element elementor-element-28d95f7 e-flex e-con-boxed e-con e-parent\" data-id=\"28d95f7\" data-element_type=\"container\" data-e-type=\"container\" id=\"header-id\" data-settings=\"{&quot;background_background&quot;:&quot;classic&quot;}\">\n\t\t\t\t\t<div class=\"e-con-inner\">\n\t\t\t\t<div class=\"elementor-element elementor-element-930925d elementor-widget__width-inherit elementor-view-default elementor-widget elementor-widget-icon\" data-id=\"930925d\" data-element_type=\"widget\" data-e-type=\"widget\" data-widget_type=\"icon.default\">\n\t\t\t\t<div class=\"elementor-widget-container\">\n\t\t\t\t\t\t\t<div class=\"elementor-icon-wrapper\">\n\t\t\t<div class=\"elementor-icon\">\n\t\t\t<svg aria-hidden=\"true\" class=\"e-font-icon-svg e-far-bookmark\" viewbox=\"0 0 384 512\" xmlns=\"http:\/\/www.w3.org\/2000\/svg\"><path d=\"M336 0H48C21.49 0 0 21.49 0 48v464l192-112 192 112V48c0-26.51-21.49-48-48-48zm0 428.43l-144-84-144 84V54a6 6 0 0 1 6-6h276c3.314 0 6 2.683 6 5.996V428.43z\"><\/path><\/svg>\t\t\t<\/div>\n\t\t<\/div>\n\t\t\t\t\t\t<\/div>\n\t\t\t\t<\/div>\n\t\t\t\t<div class=\"elementor-element elementor-element-024be52 elementor-widget__width-inherit elementor-widget elementor-widget-heading\" data-id=\"024be52\" data-element_type=\"widget\" data-e-type=\"widget\" data-widget_type=\"heading.default\">\n\t\t\t\t<div class=\"elementor-widget-container\">\n\t\t\t\t\t<h1 class=\"elementor-heading-title elementor-size-default\">Aviso legal<\/h1>\t\t\t\t<\/div>\n\t\t\t\t<\/div>\n\t\t\t\t<div class=\"elementor-element elementor-element-c9df2d9 elementor-widget__width-auto elementor-widget elementor-widget-heading\" data-id=\"c9df2d9\" data-element_type=\"widget\" data-e-type=\"widget\" data-widget_type=\"heading.default\">\n\t\t\t\t<div class=\"elementor-widget-container\">\n\t\t\t\t\t<p class=\"elementor-heading-title elementor-size-default\"><a href=\"https:\/\/drying-little-tears.org\/es\/\">P\u00e1gina de inicio<\/a><\/p>\t\t\t\t<\/div>\n\t\t\t\t<\/div>\n\t\t\t\t<div class=\"elementor-element elementor-element-74d25b7 elementor-widget__width-auto elementor-widget elementor-widget-heading\" data-id=\"74d25b7\" data-element_type=\"widget\" data-e-type=\"widget\" data-widget_type=\"heading.default\">\n\t\t\t\t<div class=\"elementor-widget-container\">\n\t\t\t\t\t<p class=\"elementor-heading-title elementor-size-default\"><a href=\"https:\/\/drying-little-tears.org\/es\/\">&gt;<\/a><\/p>\t\t\t\t<\/div>\n\t\t\t\t<\/div>\n\t\t\t\t<div class=\"elementor-element elementor-element-671257b elementor-widget__width-auto elementor-widget elementor-widget-heading\" data-id=\"671257b\" data-element_type=\"widget\" data-e-type=\"widget\" data-widget_type=\"heading.default\">\n\t\t\t\t<div class=\"elementor-widget-container\">\n\t\t\t\t\t<p class=\"elementor-heading-title elementor-size-default\">Aviso legal<\/p>\t\t\t\t<\/div>\n\t\t\t\t<\/div>\n\t\t\t\t\t<\/div>\n\t\t\t\t<\/div>\n\t\t<div class=\"elementor-element elementor-element-dbd84d1 e-flex e-con-boxed e-con e-parent\" data-id=\"dbd84d1\" data-element_type=\"container\" data-e-type=\"container\">\n\t\t\t\t\t<div class=\"e-con-inner\">\n\t\t\t\t<div class=\"elementor-element elementor-element-1d59695 elementor-widget elementor-widget-heading\" data-id=\"1d59695\" data-element_type=\"widget\" data-e-type=\"widget\" data-widget_type=\"heading.default\">\n\t\t\t\t<div class=\"elementor-widget-container\">\n\t\t\t\t\t<h2 class=\"elementor-heading-title elementor-size-default\">Aviso legal<\/h2>\t\t\t\t<\/div>\n\t\t\t\t<\/div>\n\t\t\t\t<div class=\"elementor-element elementor-element-a7eed9a elementor-widget__width-inherit elementor-widget elementor-widget-heading\" data-id=\"a7eed9a\" data-element_type=\"widget\" data-e-type=\"widget\" data-widget_type=\"heading.default\">\n\t\t\t\t<div class=\"elementor-widget-container\">\n\t\t\t\t\t<h2 class=\"elementor-heading-title elementor-size-default\">Regine Sixt Children's Aid Foundation<\/h2>\t\t\t\t<\/div>\n\t\t\t\t<\/div>\n\t\t\t\t<div class=\"elementor-element elementor-element-91d13c5 elementor-widget__width-inherit elementor-widget-divider--view-line elementor-widget elementor-widget-divider\" data-id=\"91d13c5\" data-element_type=\"widget\" data-e-type=\"widget\" data-widget_type=\"divider.default\">\n\t\t\t\t<div class=\"elementor-widget-container\">\n\t\t\t\t\t\t\t<div class=\"elementor-divider\">\n\t\t\t<span class=\"elementor-divider-separator\">\n\t\t\t\t\t\t<\/span>\n\t\t<\/div>\n\t\t\t\t\t\t<\/div>\n\t\t\t\t<\/div>\n\t\t<div class=\"elementor-element elementor-element-8f934e4 e-con-full e-flex e-con e-child\" data-id=\"8f934e4\" data-element_type=\"container\" data-e-type=\"container\">\n\t\t\t\t<div class=\"elementor-element elementor-element-50d252f elementor-widget elementor-widget-heading\" data-id=\"50d252f\" data-element_type=\"widget\" data-e-type=\"widget\" data-widget_type=\"heading.default\">\n\t\t\t\t<div class=\"elementor-widget-container\">\n\t\t\t\t\t<h3 class=\"elementor-heading-title elementor-size-default\">Responsable del contenido<\/h3>\t\t\t\t<\/div>\n\t\t\t\t<\/div>\n\t\t\t\t<div class=\"elementor-element elementor-element-fd3b53e elementor-widget elementor-widget-text-editor\" data-id=\"fd3b53e\" data-element_type=\"widget\" data-e-type=\"widget\" data-widget_type=\"text-editor.default\">\n\t\t\t\t<div class=\"elementor-widget-container\">\n\t\t\t\t\t\t\t\t\t<p><strong>Regine Sixt Children's Aid Foundation<\/strong><br \/>Zugspitzstrasse 1<br \/>82049 Pullach<br \/>Alemania<\/p><p>Tel: +49 89 744 44 6144<br \/>Fax: +49 89 744 44 86144<\/p><p>Correo: <a href=\"mailto:dryinglittletears@sixt.com\">dryinglittletears@sixt.com<\/a><br \/>Web: <a href=\"https:\/\/drying-little-tears.org\/es\">www.drying-little-tears.org<\/a><\/p>\t\t\t\t\t\t\t\t<\/div>\n\t\t\t\t<\/div>\n\t\t\t\t<div class=\"elementor-element elementor-element-4af1ea6 elementor-hidden-mobile_extra elementor-hidden-mobile elementor-widget elementor-widget-spacer\" data-id=\"4af1ea6\" data-element_type=\"widget\" data-e-type=\"widget\" data-widget_type=\"spacer.default\">\n\t\t\t\t<div class=\"elementor-widget-container\">\n\t\t\t\t\t\t\t<div class=\"elementor-spacer\">\n\t\t\t<div class=\"elementor-spacer-inner\"><\/div>\n\t\t<\/div>\n\t\t\t\t\t\t<\/div>\n\t\t\t\t<\/div>\n\t\t\t\t<div class=\"elementor-element elementor-element-6322c79 elementor-widget elementor-widget-text-editor\" data-id=\"6322c79\" data-element_type=\"widget\" data-e-type=\"widget\" data-widget_type=\"text-editor.default\">\n\t\t\t\t<div class=\"elementor-widget-container\">\n\t\t\t\t\t\t\t\t\t<p>Aqu\u00ed encontrar\u00e1 nuestra <a href=\"https:\/\/drying-little-tears.org\/es\/privacidad\/\">pol\u00edtica de privacidad<\/a>.<\/p>\t\t\t\t\t\t\t\t<\/div>\n\t\t\t\t<\/div>\n\t\t\t\t<\/div>\n\t\t<div class=\"elementor-element elementor-element-559e84c e-con-full e-flex e-con e-child\" data-id=\"559e84c\" data-element_type=\"container\" data-e-type=\"container\">\n\t\t\t\t<div class=\"elementor-element elementor-element-f4d0123 elementor-widget elementor-widget-heading\" data-id=\"f4d0123\" data-element_type=\"widget\" data-e-type=\"widget\" data-widget_type=\"heading.default\">\n\t\t\t\t<div class=\"elementor-widget-container\">\n\t\t\t\t\t<h3 class=\"elementor-heading-title elementor-size-default\">Consejo de la fundaci\u00f3n<\/h3>\t\t\t\t<\/div>\n\t\t\t\t<\/div>\n\t\t\t\t<div class=\"elementor-element elementor-element-8d7967e elementor-widget elementor-widget-text-editor\" data-id=\"8d7967e\" data-element_type=\"widget\" data-e-type=\"widget\" data-widget_type=\"text-editor.default\">\n\t\t\t\t<div class=\"elementor-widget-container\">\n\t\t\t\t\t\t\t\t\t<ul><li>Regine Sixt (Presidenta del Consejo de Administraci\u00f3n)<\/li><li>Alexander Sixt<\/li><li>Konstantin Sixt<\/li><li>Dr. Julian zu Putlitz<\/li><li>Dr. Andrew Mountstephens<\/li><\/ul>\t\t\t\t\t\t\t\t<\/div>\n\t\t\t\t<\/div>\n\t\t\t\t<div class=\"elementor-element elementor-element-35ff849 elementor-widget elementor-widget-heading\" data-id=\"35ff849\" data-element_type=\"widget\" data-e-type=\"widget\" data-widget_type=\"heading.default\">\n\t\t\t\t<div class=\"elementor-widget-container\">\n\t\t\t\t\t<h3 class=\"elementor-heading-title elementor-size-default\">Consejo Consultivo<\/h3>\t\t\t\t<\/div>\n\t\t\t\t<\/div>\n\t\t\t\t<div class=\"elementor-element elementor-element-db2e20c elementor-widget elementor-widget-text-editor\" data-id=\"db2e20c\" data-element_type=\"widget\" data-e-type=\"widget\" data-widget_type=\"text-editor.default\">\n\t\t\t\t<div class=\"elementor-widget-container\">\n\t\t\t\t\t\t\t\t\t<ul><li>Prof. Dr. Marcus Englert (Presidente)<\/li><li>Dra. Brigitte Mohn<\/li><li>Dr. Daniel Terberger<\/li><li>Prof. Dr. Peter Biberthaler<\/li><\/ul>\t\t\t\t\t\t\t\t<\/div>\n\t\t\t\t<\/div>\n\t\t\t\t<div class=\"elementor-element elementor-element-7b10052 elementor-widget elementor-widget-text-editor\" data-id=\"7b10052\" data-element_type=\"widget\" data-e-type=\"widget\" data-widget_type=\"text-editor.default\">\n\t\t\t\t<div class=\"elementor-widget-container\">\n\t\t\t\t\t\t\t\t\t<p>La Regine Sixt Children's Aid Foundation es una fundaci\u00f3n de derecho civil. La Regine Sixt Children's Aid Foundation est\u00e1 representada por su consejo de la fundaci\u00f3n.<\/p>\t\t\t\t\t\t\t\t<\/div>\n\t\t\t\t<\/div>\n\t\t\t\t<div class=\"elementor-element elementor-element-4fcc07d elementor-widget elementor-widget-heading\" data-id=\"4fcc07d\" data-element_type=\"widget\" data-e-type=\"widget\" data-widget_type=\"heading.default\">\n\t\t\t\t<div class=\"elementor-widget-container\">\n\t\t\t\t\t<h3 class=\"elementor-heading-title elementor-size-default\">Autoridad de control responsable<\/h3>\t\t\t\t<\/div>\n\t\t\t\t<\/div>\n\t\t\t\t<div class=\"elementor-element elementor-element-32a51e0 elementor-widget elementor-widget-text-editor\" data-id=\"32a51e0\" data-element_type=\"widget\" data-e-type=\"widget\" data-widget_type=\"text-editor.default\">\n\t\t\t\t<div class=\"elementor-widget-container\">\n\t\t\t\t\t\t\t\t\t<div class=\"vc_row wpb_row vc_row-fluid\"><div class=\"wpb_column vc_column_container vc_col-sm-6\"><div class=\"vc_column-inner\"><div class=\"wpb_wrapper\"><div class=\"wpb_text_column wpb_content_element\"><div class=\"wpb_wrapper\"><p>Gobierno del distrito de Alta Baviera, Maximilianstr. 39, 80538 M\u00fanich<\/p><\/div><\/div><\/div><\/div><\/div><\/div>\t\t\t\t\t\t\t\t<\/div>\n\t\t\t\t<\/div>\n\t\t\t\t<\/div>\n\t\t\t\t\t<\/div>\n\t\t\t\t<\/div>\n\t\t\t\t<\/div>","protected":false},"excerpt":{"rendered":"<p>Pie de imprenta Homepage &gt; Pie de imprenta IMPRENTA Fundaci\u00f3n Regine Sixt de Ayuda a la Infancia Responsable del contenido Fundaci\u00f3n Regine Sixt de Ayuda a la InfanciaZugspitzstrasse 182049 PullachAlemania Tel: +49 89 744 44 6144Fax: +49 89 744 44 86144 Mail: dryinglittletears@sixt.comWeb: www.drying-little-tears.org Aqu\u00ed encontrar\u00e1 nuestra pol\u00edtica de privacidad. Consejo de Administraci\u00f3n Regine Sixt (Presidenta del Consejo de Administraci\u00f3n) Alexander Sixt Konstantin Sixt Dr Julian zu Putlitz Dr Andrew Mountstephens Consejo Asesor de la Fundaci\u00f3n Prof. [...]<\/p>","protected":false},"author":1,"featured_media":0,"parent":0,"menu_order":0,"comment_status":"closed","ping_status":"closed","template":"","meta":{"footnotes":""},"class_list":["post-3326","page","type-page","status-publish","hentry"],"_links":{"self":[{"href":"https:\/\/drying-little-tears.org\/es\/wp-json\/wp\/v2\/pages\/3326","targetHints":{"allow":["GET"]}}],"collection":[{"href":"https:\/\/drying-little-tears.org\/es\/wp-json\/wp\/v2\/pages"}],"about":[{"href":"https:\/\/drying-little-tears.org\/es\/wp-json\/wp\/v2\/types\/page"}],"author":[{"embeddable":true,"href":"https:\/\/drying-little-tears.org\/es\/wp-json\/wp\/v2\/users\/1"}],"replies":[{"embeddable":true,"href":"https:\/\/drying-little-tears.org\/es\/wp-json\/wp\/v2\/comments?post=3326"}],"version-history":[{"count":0,"href":"https:\/\/drying-little-tears.org\/es\/wp-json\/wp\/v2\/pages\/3326\/revisions"}],"wp:attachment":[{"href":"https:\/\/drying-little-tears.org\/es\/wp-json\/wp\/v2\/media?parent=3326"}],"curies":[{"name":"wp","href":"https:\/\/api.w.org\/{rel}","templated":true}]}}