{"id":20255,"date":"2025-02-06T15:21:51","date_gmt":"2025-02-06T14:21:51","guid":{"rendered":"https:\/\/drying-little-tears.org\/?page_id=20255"},"modified":"2025-02-18T10:23:53","modified_gmt":"2025-02-18T09:23:53","slug":"new-equipment-for-preschool-kindergarten","status":"publish","type":"page","link":"https:\/\/drying-little-tears.org\/en\/new-equipment-for-preschool-kindergarten\/","title":{"rendered":"Neue Ausstattung f\u00fcr Vorschulkinder"},"content":{"rendered":"<div data-elementor-type=\"wp-page\" data-elementor-id=\"20255\" class=\"elementor elementor-20255\" data-elementor-post-type=\"page\">\n\t\t\t\t\t\t<section class=\"elementor-section elementor-top-section elementor-element elementor-element-499b291 elementor-section-height-min-height elementor-section-boxed elementor-section-height-default elementor-section-items-middle\" data-id=\"499b291\" data-element_type=\"section\" data-e-type=\"section\" data-settings=\"{&quot;background_background&quot;:&quot;classic&quot;}\">\n\t\t\t\t\t\t\t<div class=\"elementor-background-overlay\"><\/div>\n\t\t\t\t\t\t\t<div class=\"elementor-container elementor-column-gap-default\">\n\t\t\t\t\t<div class=\"elementor-column elementor-col-100 elementor-top-column elementor-element elementor-element-cd53a55\" data-id=\"cd53a55\" data-element_type=\"column\" data-e-type=\"column\">\n\t\t\t<div class=\"elementor-widget-wrap elementor-element-populated\">\n\t\t\t\t\t\t<div class=\"elementor-element elementor-element-6f41d1d elementor-widget elementor-widget-image\" data-id=\"6f41d1d\" data-element_type=\"widget\" data-e-type=\"widget\" data-widget_type=\"image.default\">\n\t\t\t\t<div class=\"elementor-widget-container\">\n\t\t\t\t\t\t\t\t\t\t\t\t\t\t\t<img fetchpriority=\"high\" decoding=\"async\" width=\"300\" height=\"300\" src=\"https:\/\/drying-little-tears.org\/wp-content\/uploads\/2023\/07\/Icon-Bildung-rebrand.svg\" class=\"attachment-full size-full wp-image-15798\" alt=\"\">\t\t\t\t\t\t\t\t\t\t\t\t\t\t\t<\/div>\n\t\t\t\t<\/div>\n\t\t\t\t<div class=\"elementor-element elementor-element-db700cf elementor-widget elementor-widget-heading\" data-id=\"db700cf\" data-element_type=\"widget\" data-e-type=\"widget\" data-widget_type=\"heading.default\">\n\t\t\t\t<div class=\"elementor-widget-container\">\n\t\t\t\t\t<h2 class=\"elementor-heading-title elementor-size-default\">NEW EQUIPMENT FOR PRESCHOOL KINDERGARTEN<\/h2>\t\t\t\t<\/div>\n\t\t\t\t<\/div>\n\t\t\t\t<div class=\"elementor-element elementor-element-d100b2c elementor-widget__width-auto elementor-widget elementor-widget-heading\" data-id=\"d100b2c\" data-element_type=\"widget\" data-e-type=\"widget\" data-widget_type=\"heading.default\">\n\t\t\t\t<div class=\"elementor-widget-container\">\n\t\t\t\t\t<h2 class=\"elementor-heading-title elementor-size-default\"><a href=\"https:\/\/drying-little-tears.org\/en\/\">Home<\/a><\/h2>\t\t\t\t<\/div>\n\t\t\t\t<\/div>\n\t\t\t\t<div class=\"elementor-element elementor-element-7e297ce elementor-widget__width-auto elementor-widget elementor-widget-heading\" data-id=\"7e297ce\" data-element_type=\"widget\" data-e-type=\"widget\" data-widget_type=\"heading.default\">\n\t\t\t\t<div class=\"elementor-widget-container\">\n\t\t\t\t\t<h2 class=\"elementor-heading-title elementor-size-default\"><a href=\"https:\/\/drying-little-tears.org\/en\/\">&gt;<\/a><\/h2>\t\t\t\t<\/div>\n\t\t\t\t<\/div>\n\t\t\t\t<div class=\"elementor-element elementor-element-89552e4 elementor-widget__width-auto elementor-widget elementor-widget-heading\" data-id=\"89552e4\" data-element_type=\"widget\" data-e-type=\"widget\" data-widget_type=\"heading.default\">\n\t\t\t\t<div class=\"elementor-widget-container\">\n\t\t\t\t\t<h2 class=\"elementor-heading-title elementor-size-default\"><a href=\"https:\/\/drying-little-tears.org\/en\/projects\/emergency-aid\/\">Education<\/a><\/h2>\t\t\t\t<\/div>\n\t\t\t\t<\/div>\n\t\t\t\t\t<\/div>\n\t\t<\/div>\n\t\t\t\t\t<\/div>\n\t\t<\/section>\n\t\t\t\t<section class=\"elementor-section elementor-top-section elementor-element elementor-element-6790d58 elementor-section-content-middle elementor-section-boxed elementor-section-height-default elementor-section-height-default\" data-id=\"6790d58\" data-element_type=\"section\" data-e-type=\"section\">\n\t\t\t\t\t\t<div class=\"elementor-container elementor-column-gap-no\">\n\t\t\t\t\t<div class=\"elementor-column elementor-col-100 elementor-top-column elementor-element elementor-element-5954dc2\" data-id=\"5954dc2\" data-element_type=\"column\" data-e-type=\"column\">\n\t\t\t<div class=\"elementor-widget-wrap elementor-element-populated\">\n\t\t\t\t\t\t<div class=\"elementor-element elementor-element-2e8a3c2 elementor-widget__width-initial elementor-widget elementor-widget-heading\" data-id=\"2e8a3c2\" data-element_type=\"widget\" data-e-type=\"widget\" data-widget_type=\"heading.default\">\n\t\t\t\t<div class=\"elementor-widget-container\">\n\t\t\t\t\t<h1 class=\"elementor-heading-title elementor-size-default\">NEW EQUIPMENT FOR PRESCHOOL KINDERGARTEN<\/h1>\t\t\t\t<\/div>\n\t\t\t\t<\/div>\n\t\t\t\t<div class=\"elementor-element elementor-element-5d79c05 elementor-widget__width-initial elementor-widget elementor-widget-heading\" data-id=\"5d79c05\" data-element_type=\"widget\" data-e-type=\"widget\" data-widget_type=\"heading.default\">\n\t\t\t\t<div class=\"elementor-widget-container\">\n\t\t\t\t\t<h2 class=\"elementor-heading-title elementor-size-default\">New indoor facilities and a new playground for socially disadvantaged children<\/h2>\t\t\t\t<\/div>\n\t\t\t\t<\/div>\n\t\t\t\t<div class=\"elementor-element elementor-element-773aea0 elementor-widget-divider--view-line elementor-widget elementor-widget-divider\" data-id=\"773aea0\" data-element_type=\"widget\" data-e-type=\"widget\" data-widget_type=\"divider.default\">\n\t\t\t\t<div class=\"elementor-widget-container\">\n\t\t\t\t\t\t\t<div class=\"elementor-divider\">\n\t\t\t<span class=\"elementor-divider-separator\">\n\t\t\t\t\t\t<\/span>\n\t\t<\/div>\n\t\t\t\t\t\t<\/div>\n\t\t\t\t<\/div>\n\t\t\t\t\t<\/div>\n\t\t<\/div>\n\t\t\t\t\t<\/div>\n\t\t<\/section>\n\t\t<div class=\"elementor-element elementor-element-4200b2a e-flex e-con-boxed e-con e-parent\" data-id=\"4200b2a\" data-element_type=\"container\" data-e-type=\"container\">\n\t\t\t\t\t<div class=\"e-con-inner\">\n\t\t<div class=\"elementor-element elementor-element-0316b90 e-con-full e-grid e-con e-child\" data-id=\"0316b90\" data-element_type=\"container\" data-e-type=\"container\">\n\t\t\t\t<div class=\"elementor-element elementor-element-3efb64f elementor-widget elementor-widget-text-editor\" data-id=\"3efb64f\" data-element_type=\"widget\" data-e-type=\"widget\" data-widget_type=\"text-editor.default\">\n\t\t\t\t<div class=\"elementor-widget-container\">\n\t\t\t\t\t\t\t\t\t<p class=\"translation-block\">A high-quality education is an important factor for early childhood development. In the UK, <strong><span class=\"TextRun SCXW106336734 BCX0\" lang=\"DE-DE\" xml:lang=\"DE-DE\" data-contrast=\"auto\"><span class=\"NormalTextRun SCXW106336734 BCX0\">Absolute Return for Kids<\/span><\/span><\/strong><span class=\"TextRun SCXW106336734 BCX0\" lang=\"DE-DE\" xml:lang=\"DE-DE\" data-contrast=\"auto\"><span class=\"NormalTextRun SCXW106336734 BCX0\">has been working with an extensive network since 2002 to ensure that children from socially disadvantaged areas also have access to better educational opportunities. Through the preschool program of Absolut Return for Kids in the network's kindergartens, the children are prepared for school by, among other things, developing their vocabulary. Since educational success often depends on the social status of the parents, the program supports disadvantaged children in order to give them a better and equal chance as future students.<\/p>\t\t\t\t\t\t\t\t<\/div>\n\t\t\t\t<\/div>\n\t\t\t\t<div class=\"elementor-element elementor-element-f5527d4 elementor-widget elementor-widget-image\" data-id=\"f5527d4\" data-element_type=\"widget\" data-e-type=\"widget\" data-widget_type=\"image.default\">\n\t\t\t\t<div class=\"elementor-widget-container\">\n\t\t\t\t\t\t\t\t\t\t\t\t\t\t\t<img decoding=\"async\" width=\"768\" height=\"512\" src=\"https:\/\/drying-little-tears.org\/wp-content\/uploads\/2025\/02\/NIK_7363-768x512.jpg\" class=\"attachment-medium_large size-medium_large wp-image-20258\" alt=\"KInder mit Betreuung in einer ARK Einrichtung\" srcset=\"https:\/\/drying-little-tears.org\/wp-content\/uploads\/2025\/02\/NIK_7363-768x512.jpg 768w, https:\/\/drying-little-tears.org\/wp-content\/uploads\/2025\/02\/NIK_7363-300x200.jpg 300w, https:\/\/drying-little-tears.org\/wp-content\/uploads\/2025\/02\/NIK_7363-1024x683.jpg 1024w, https:\/\/drying-little-tears.org\/wp-content\/uploads\/2025\/02\/NIK_7363-1536x1024.jpg 1536w, https:\/\/drying-little-tears.org\/wp-content\/uploads\/2025\/02\/NIK_7363-2048x1365.jpg 2048w, https:\/\/drying-little-tears.org\/wp-content\/uploads\/2025\/02\/NIK_7363-18x12.jpg 18w\" sizes=\"(max-width: 768px) 100vw, 768px\" \/>\t\t\t\t\t\t\t\t\t\t\t\t\t\t\t<\/div>\n\t\t\t\t<\/div>\n\t\t\t\t<\/div>\n\t\t\t\t\t<\/div>\n\t\t\t\t<\/div>\n\t\t\t\t<section class=\"elementor-section elementor-top-section elementor-element elementor-element-7325eb7 elementor-section-boxed elementor-section-height-default elementor-section-height-default\" data-id=\"7325eb7\" data-element_type=\"section\" data-e-type=\"section\">\n\t\t\t\t\t\t<div class=\"elementor-container elementor-column-gap-default\">\n\t\t\t\t\t<div class=\"elementor-column elementor-col-50 elementor-top-column elementor-element elementor-element-db647ad\" data-id=\"db647ad\" data-element_type=\"column\" data-e-type=\"column\">\n\t\t\t<div class=\"elementor-widget-wrap elementor-element-populated\">\n\t\t\t\t\t\t<div class=\"elementor-element elementor-element-e5d1b8e elementor-widget elementor-widget-image\" data-id=\"e5d1b8e\" data-element_type=\"widget\" data-e-type=\"widget\" data-widget_type=\"image.default\">\n\t\t\t\t<div class=\"elementor-widget-container\">\n\t\t\t\t\t\t\t\t\t\t\t\t\t\t\t<img decoding=\"async\" width=\"768\" height=\"512\" src=\"https:\/\/drying-little-tears.org\/wp-content\/uploads\/2025\/02\/NIK_7622-768x512.jpg\" class=\"attachment-medium_large size-medium_large wp-image-20259\" alt=\"Vorschulkindergarten in London\" srcset=\"https:\/\/drying-little-tears.org\/wp-content\/uploads\/2025\/02\/NIK_7622-768x512.jpg 768w, https:\/\/drying-little-tears.org\/wp-content\/uploads\/2025\/02\/NIK_7622-300x200.jpg 300w, https:\/\/drying-little-tears.org\/wp-content\/uploads\/2025\/02\/NIK_7622-1024x683.jpg 1024w, https:\/\/drying-little-tears.org\/wp-content\/uploads\/2025\/02\/NIK_7622-1536x1024.jpg 1536w, https:\/\/drying-little-tears.org\/wp-content\/uploads\/2025\/02\/NIK_7622-2048x1365.jpg 2048w, https:\/\/drying-little-tears.org\/wp-content\/uploads\/2025\/02\/NIK_7622-18x12.jpg 18w\" sizes=\"(max-width: 768px) 100vw, 768px\" \/>\t\t\t\t\t\t\t\t\t\t\t\t\t\t\t<\/div>\n\t\t\t\t<\/div>\n\t\t\t\t\t<\/div>\n\t\t<\/div>\n\t\t\t\t<div class=\"elementor-column elementor-col-50 elementor-top-column elementor-element elementor-element-a5b5397\" data-id=\"a5b5397\" data-element_type=\"column\" data-e-type=\"column\">\n\t\t\t<div class=\"elementor-widget-wrap elementor-element-populated\">\n\t\t\t\t\t\t<div class=\"elementor-element elementor-element-48ee322 elementor-widget elementor-widget-text-editor\" data-id=\"48ee322\" data-element_type=\"widget\" data-e-type=\"widget\" data-widget_type=\"text-editor.default\">\n\t\t\t\t<div class=\"elementor-widget-container\">\n\t\t\t\t\t\t\t\t\t<p>The all-day school \"ARK Globe\" in London has around 1,300 pupils. Over half of the children come from families with a low annual income. As the need for social support has increased in recent years, a third pre-school kindergarten is currently being built there.<\/p>\n<p class=\"translation-block\">The new interior will be an enrichment for the future preschool children. Qualified special teachers are looking forward to the new child-friendly furniture, which will also be used for flexible, all-round care of the children.<\/p>\n<p><span style=\"color: var( --e-global-color-text ); font-size: 1rem;\">A new playground will be created outside where children can let off steam and play together. In addition to a sandpit, there will be plenty of climbing opportunities.<\/span><\/p>\t\t\t\t\t\t\t\t<\/div>\n\t\t\t\t<\/div>\n\t\t\t\t\t<\/div>\n\t\t<\/div>\n\t\t\t\t\t<\/div>\n\t\t<\/section>\n\t\t\t\t<section class=\"elementor-section elementor-top-section elementor-element elementor-element-428669a elementor-section-boxed elementor-section-height-default elementor-section-height-default\" data-id=\"428669a\" data-element_type=\"section\" data-e-type=\"section\">\n\t\t\t\t\t\t<div class=\"elementor-container elementor-column-gap-default\">\n\t\t\t\t\t<div class=\"elementor-column elementor-col-50 elementor-top-column elementor-element elementor-element-b8d7286\" data-id=\"b8d7286\" data-element_type=\"column\" data-e-type=\"column\">\n\t\t\t<div class=\"elementor-widget-wrap elementor-element-populated\">\n\t\t\t\t\t\t<div class=\"elementor-element elementor-element-6f31311 elementor-widget elementor-widget-heading\" data-id=\"6f31311\" data-element_type=\"widget\" data-e-type=\"widget\" data-widget_type=\"heading.default\">\n\t\t\t\t<div class=\"elementor-widget-container\">\n\t\t\t\t\t<h2 class=\"elementor-heading-title elementor-size-default\"><span style=\", sans-serif;font-weight: 700;letter-spacing: 0.2px;text-transform: uppercase\">Social Impacts<\/span><\/h2>\t\t\t\t<\/div>\n\t\t\t\t<\/div>\n\t\t\t\t<div class=\"elementor-element elementor-element-56ff264 elementor-widget elementor-widget-text-editor\" data-id=\"56ff264\" data-element_type=\"widget\" data-e-type=\"widget\" data-widget_type=\"text-editor.default\">\n\t\t\t\t<div class=\"elementor-widget-container\">\n\t\t\t\t\t\t\t\t\t<p>The new preschool will accommodate up to 60 additional children each year, helping to level the playing field for children from less privileged backgrounds, and giving them the chance for a brighter future.<\/p><p class=\"translation-block\">Measures by\u00a0<strong style=\"color: var( --e-global-color-text );font-size: 1rem\"><span lang=\"DE-DE\" xml:lang=\"DE-DE\" data-contrast=\"auto\">Absolute Return for Kids:<\/span><\/strong><\/p><ul><li>Further development of vocabulary<\/li><li>Qualified teachers eliminate deficits<\/li><li>Stimulating activities for children provide additional learning experience<\/li><li>Partnerships with parents support the development of children<\/li><li>Each child receives an individual assessment to ensure that they are adequately prepared for school<\/li><\/ul>\t\t\t\t\t\t\t\t<\/div>\n\t\t\t\t<\/div>\n\t\t\t\t\t<\/div>\n\t\t<\/div>\n\t\t\t\t<div class=\"elementor-column elementor-col-50 elementor-top-column elementor-element elementor-element-2a8b912\" data-id=\"2a8b912\" data-element_type=\"column\" data-e-type=\"column\">\n\t\t\t<div class=\"elementor-widget-wrap elementor-element-populated\">\n\t\t\t\t\t\t<div class=\"elementor-element elementor-element-8787645 elementor-widget elementor-widget-image\" data-id=\"8787645\" data-element_type=\"widget\" data-e-type=\"widget\" data-widget_type=\"image.default\">\n\t\t\t\t<div class=\"elementor-widget-container\">\n\t\t\t\t\t\t\t\t\t\t\t\t\t\t\t<img loading=\"lazy\" decoding=\"async\" width=\"768\" height=\"512\" src=\"https:\/\/drying-little-tears.org\/wp-content\/uploads\/2025\/02\/DSC_3942-768x512.jpg\" class=\"attachment-medium_large size-medium_large wp-image-20261\" alt=\"Fr\u00fchkindliche F\u00f6rderung\" srcset=\"https:\/\/drying-little-tears.org\/wp-content\/uploads\/2025\/02\/DSC_3942-768x512.jpg 768w, https:\/\/drying-little-tears.org\/wp-content\/uploads\/2025\/02\/DSC_3942-300x200.jpg 300w, https:\/\/drying-little-tears.org\/wp-content\/uploads\/2025\/02\/DSC_3942-1024x683.jpg 1024w, https:\/\/drying-little-tears.org\/wp-content\/uploads\/2025\/02\/DSC_3942-1536x1024.jpg 1536w, https:\/\/drying-little-tears.org\/wp-content\/uploads\/2025\/02\/DSC_3942-2048x1365.jpg 2048w, https:\/\/drying-little-tears.org\/wp-content\/uploads\/2025\/02\/DSC_3942-18x12.jpg 18w\" sizes=\"(max-width: 768px) 100vw, 768px\" \/>\t\t\t\t\t\t\t\t\t\t\t\t\t\t\t<\/div>\n\t\t\t\t<\/div>\n\t\t\t\t\t<\/div>\n\t\t<\/div>\n\t\t\t\t\t<\/div>\n\t\t<\/section>\n\t\t<div class=\"elementor-element elementor-element-fafa391 e-flex e-con-boxed e-con e-parent\" data-id=\"fafa391\" data-element_type=\"container\" data-e-type=\"container\">\n\t\t\t\t\t<div class=\"e-con-inner\">\n\t\t\t\t<div class=\"elementor-element elementor-element-ad00452 elementor-widget-divider--view-line elementor-widget elementor-widget-divider\" data-id=\"ad00452\" data-element_type=\"widget\" data-e-type=\"widget\" data-widget_type=\"divider.default\">\n\t\t\t\t<div class=\"elementor-widget-container\">\n\t\t\t\t\t\t\t<div class=\"elementor-divider\">\n\t\t\t<span class=\"elementor-divider-separator\">\n\t\t\t\t\t\t<\/span>\n\t\t<\/div>\n\t\t\t\t\t\t<\/div>\n\t\t\t\t<\/div>\n\t\t\t\t\t<\/div>\n\t\t\t\t<\/div>\n\t\t<div class=\"elementor-element elementor-element-9d78e3b e-flex e-con-boxed e-con e-parent\" data-id=\"9d78e3b\" data-element_type=\"container\" data-e-type=\"container\">\n\t\t\t\t\t<div class=\"e-con-inner\">\n\t\t\t\t<div class=\"elementor-element elementor-element-0744b42 elementor-widget elementor-widget-heading\" data-id=\"0744b42\" data-element_type=\"widget\" data-e-type=\"widget\" data-widget_type=\"heading.default\">\n\t\t\t\t<div class=\"elementor-widget-container\">\n\t\t\t\t\t<h2 class=\"elementor-heading-title elementor-size-default\"><span style=\", sans-serif;font-weight: 700;letter-spacing: 0.2px;text-transform: uppercase\">Completed projects in the field of education<\/span><\/h2>\t\t\t\t<\/div>\n\t\t\t\t<\/div>\n\t\t\t\t\t<\/div>\n\t\t\t\t<\/div>\n\t\t<div class=\"elementor-element elementor-element-8b89cec e-flex e-con-boxed e-con e-parent\" data-id=\"8b89cec\" data-element_type=\"container\" data-e-type=\"container\">\n\t\t\t\t\t<div class=\"e-con-inner\">\n\t\t\t\t<div class=\"elementor-element elementor-element-b004f24 elementor-widget elementor-widget-jet-listing-grid\" data-id=\"b004f24\" data-element_type=\"widget\" data-e-type=\"widget\" data-settings=\"{&quot;columns&quot;:3}\" data-widget_type=\"jet-listing-grid.default\">\n\t\t\t\t<div class=\"elementor-widget-container\">\n\t\t\t\t\t<div class=\"jet-listing-grid jet-listing-grid--lazy-load jet-listing jet-listing-grid-loading\" data-lazy-load=\"{&quot;offset&quot;:&quot;0px&quot;,&quot;post_id&quot;:20255,&quot;queried_id&quot;:&quot;20255|WP_Post&quot;}\"><div class=\"jet-listing-grid__loader\"><div class=\"jet-listing-grid__loader-spinner\"><\/div><\/div><\/div>\t\t\t\t<\/div>\n\t\t\t\t<\/div>\n\t\t\t\t\t<\/div>\n\t\t\t\t<\/div>\n\t\t<div class=\"elementor-element elementor-element-efa4321 e-flex e-con-boxed e-con e-parent\" data-id=\"efa4321\" data-element_type=\"container\" data-e-type=\"container\">\n\t\t\t\t\t<div class=\"e-con-inner\">\n\t\t\t\t<div class=\"elementor-element elementor-element-8068990 elementor-widget-divider--view-line elementor-widget elementor-widget-divider\" data-id=\"8068990\" data-element_type=\"widget\" data-e-type=\"widget\" data-widget_type=\"divider.default\">\n\t\t\t\t<div class=\"elementor-widget-container\">\n\t\t\t\t\t\t\t<div class=\"elementor-divider\">\n\t\t\t<span class=\"elementor-divider-separator\">\n\t\t\t\t\t\t<\/span>\n\t\t<\/div>\n\t\t\t\t\t\t<\/div>\n\t\t\t\t<\/div>\n\t\t\t\t\t<\/div>\n\t\t\t\t<\/div>\n\t\t\t\t<\/div>","protected":false},"excerpt":{"rendered":"<p>NEUE AUSSTATTUNG F\u00dcR VORSCHULKINDERGARTEN Home &gt; BILDUNG NEUE AUSSTATTUNG F\u00dcR VORSCHULKINDERGARTEN Neue Einrichtung f\u00fcr den Innenbereich und ein neuer Spielplatz f\u00fcr sozial benachteiligte Kinder Ein qualitativ hochwertiges Bildungsangebot ist ein wichtiger Faktor f\u00fcr die fr\u00fchkindliche Entwicklung. In Gro\u00dfbritannien setzt sich\u00a0Absolute Return for Kids seit 2002 mit einem umfassenden Netzwerk daf\u00fcr ein, dass auch Kinder aus [&hellip;]<\/p>","protected":false},"author":4,"featured_media":0,"parent":0,"menu_order":0,"comment_status":"closed","ping_status":"closed","template":"","meta":{"footnotes":""},"class_list":["post-20255","page","type-page","status-publish","hentry"],"_links":{"self":[{"href":"https:\/\/drying-little-tears.org\/en\/wp-json\/wp\/v2\/pages\/20255","targetHints":{"allow":["GET"]}}],"collection":[{"href":"https:\/\/drying-little-tears.org\/en\/wp-json\/wp\/v2\/pages"}],"about":[{"href":"https:\/\/drying-little-tears.org\/en\/wp-json\/wp\/v2\/types\/page"}],"author":[{"embeddable":true,"href":"https:\/\/drying-little-tears.org\/en\/wp-json\/wp\/v2\/users\/4"}],"replies":[{"embeddable":true,"href":"https:\/\/drying-little-tears.org\/en\/wp-json\/wp\/v2\/comments?post=20255"}],"version-history":[{"count":0,"href":"https:\/\/drying-little-tears.org\/en\/wp-json\/wp\/v2\/pages\/20255\/revisions"}],"wp:attachment":[{"href":"https:\/\/drying-little-tears.org\/en\/wp-json\/wp\/v2\/media?parent=20255"}],"curies":[{"name":"wp","href":"https:\/\/api.w.org\/{rel}","templated":true}]}}