{"id":4479,"date":"2021-11-17T20:11:51","date_gmt":"2021-11-17T19:11:51","guid":{"rendered":"https:\/\/drying-little-tears.org\/?page_id=4479"},"modified":"2024-03-18T15:14:40","modified_gmt":"2024-03-18T14:14:40","slug":"donation-success","status":"publish","type":"page","link":"https:\/\/drying-little-tears.org\/de\/donation-success\/","title":{"rendered":"Donation Success"},"content":{"rendered":"\t\t<div data-elementor-type=\"wp-page\" data-elementor-id=\"4479\" class=\"elementor elementor-4479\" data-elementor-post-type=\"page\">\n\t\t\t\t<div class=\"elementor-element elementor-element-89e00e7 e-con-full e-flex e-con e-parent\" data-id=\"89e00e7\" data-element_type=\"container\" data-e-type=\"container\" id=\"header-id\" data-settings=\"{&quot;background_background&quot;:&quot;classic&quot;}\">\n\t\t\t\t<div class=\"elementor-element elementor-element-7aeddbb elementor-widget__width-inherit elementor-view-default elementor-widget elementor-widget-icon\" data-id=\"7aeddbb\" data-element_type=\"widget\" data-e-type=\"widget\" data-widget_type=\"icon.default\">\n\t\t\t\t<div class=\"elementor-widget-container\">\n\t\t\t\t\t\t\t<div class=\"elementor-icon-wrapper\">\n\t\t\t<div class=\"elementor-icon\">\n\t\t\t<svg aria-hidden=\"true\" class=\"e-font-icon-svg e-far-bookmark\" viewBox=\"0 0 384 512\" xmlns=\"http:\/\/www.w3.org\/2000\/svg\"><path d=\"M336 0H48C21.49 0 0 21.49 0 48v464l192-112 192 112V48c0-26.51-21.49-48-48-48zm0 428.43l-144-84-144 84V54a6 6 0 0 1 6-6h276c3.314 0 6 2.683 6 5.996V428.43z\"><\/path><\/svg>\t\t\t<\/div>\n\t\t<\/div>\n\t\t\t\t\t\t<\/div>\n\t\t\t\t<\/div>\n\t\t\t\t<div class=\"elementor-element elementor-element-def30e5 elementor-widget__width-inherit elementor-widget elementor-widget-heading\" data-id=\"def30e5\" data-element_type=\"widget\" data-e-type=\"widget\" data-widget_type=\"heading.default\">\n\t\t\t\t<div class=\"elementor-widget-container\">\n\t\t\t\t\t<h1 class=\"elementor-heading-title elementor-size-default\">Spende Erfolgreich<\/h1>\t\t\t\t<\/div>\n\t\t\t\t<\/div>\n\t\t\t\t<div class=\"elementor-element elementor-element-f7727aa elementor-widget__width-auto elementor-widget elementor-widget-heading\" data-id=\"f7727aa\" data-element_type=\"widget\" data-e-type=\"widget\" data-widget_type=\"heading.default\">\n\t\t\t\t<div class=\"elementor-widget-container\">\n\t\t\t\t\t<p class=\"elementor-heading-title elementor-size-default\"><a href=\"https:\/\/drying-little-tears.org\/\">Homepage<\/a><\/p>\t\t\t\t<\/div>\n\t\t\t\t<\/div>\n\t\t\t\t<div class=\"elementor-element elementor-element-35eeb03 elementor-widget__width-auto elementor-widget elementor-widget-heading\" data-id=\"35eeb03\" data-element_type=\"widget\" data-e-type=\"widget\" data-widget_type=\"heading.default\">\n\t\t\t\t<div class=\"elementor-widget-container\">\n\t\t\t\t\t<p class=\"elementor-heading-title elementor-size-default\"><a href=\"https:\/\/drying-little-tears.org\/\">&gt;<\/a><\/p>\t\t\t\t<\/div>\n\t\t\t\t<\/div>\n\t\t\t\t<div class=\"elementor-element elementor-element-2c1467d elementor-widget__width-auto elementor-widget elementor-widget-heading\" data-id=\"2c1467d\" data-element_type=\"widget\" data-e-type=\"widget\" data-widget_type=\"heading.default\">\n\t\t\t\t<div class=\"elementor-widget-container\">\n\t\t\t\t\t<p class=\"elementor-heading-title elementor-size-default\">Spenden<\/p>\t\t\t\t<\/div>\n\t\t\t\t<\/div>\n\t\t\t\t<\/div>\n\t\t<div class=\"elementor-element elementor-element-3353048 e-flex e-con-boxed e-con e-parent\" data-id=\"3353048\" data-element_type=\"container\" data-e-type=\"container\">\n\t\t\t\t\t<div class=\"e-con-inner\">\n\t\t\t\t<div class=\"elementor-element elementor-element-f565c93 elementor-widget elementor-widget-heading\" data-id=\"f565c93\" data-element_type=\"widget\" data-e-type=\"widget\" data-widget_type=\"heading.default\">\n\t\t\t\t<div class=\"elementor-widget-container\">\n\t\t\t\t\t<h2 class=\"elementor-heading-title elementor-size-default\">Herzlichen Dank f\u00fcr Ihre Unterst\u00fctzung<\/h2>\t\t\t\t<\/div>\n\t\t\t\t<\/div>\n\t\t\t\t<div class=\"elementor-element elementor-element-5d7c4d3 elementor-widget-divider--view-line elementor-widget elementor-widget-divider\" data-id=\"5d7c4d3\" data-element_type=\"widget\" data-e-type=\"widget\" data-widget_type=\"divider.default\">\n\t\t\t\t<div class=\"elementor-widget-container\">\n\t\t\t\t\t\t\t<div class=\"elementor-divider\">\n\t\t\t<span class=\"elementor-divider-separator\">\n\t\t\t\t\t\t<\/span>\n\t\t<\/div>\n\t\t\t\t\t\t<\/div>\n\t\t\t\t<\/div>\n\t\t\t\t<div class=\"elementor-element elementor-element-09ba54b elementor-widget elementor-widget-text-editor\" data-id=\"09ba54b\" data-element_type=\"widget\" data-e-type=\"widget\" data-widget_type=\"text-editor.default\">\n\t\t\t\t<div class=\"elementor-widget-container\">\n\t\t\t\t\t\t\t\t\t<p><a href=\"#news\">Hier<\/a> Newsletter abonnieren und \u00fcber die neuesten Projekte und Initiativen von TR\u00c4NCHEN TROCKNEN informiert bleiben.<\/p><p>Zur <strong>Spendenbescheinigung<\/strong> beachten Sie bitte folgendes:<\/p><p>Spenden an die Regine Sixt Kinderhilfe Stiftung sind gem\u00e4\u00df \u00a7 10 b Abs.4 EStG von der Steuer absetzbar.<\/p><p>Durch Bescheinigung des Finanzamtes M\u00fcnchen f\u00fcr K\u00f6rperschaften, Steuernummer 143\/235\/67299 gem\u00e4\u00df \u00a7 5 Abs. 1 Ziffer 9 KStG ist sie von der K\u00f6rperschaft befreit. Sie dient nach der eingereichten Satzung ausschlie\u00dflich und unmittelbar steuerbeg\u00fcnstigten gemeinn\u00fctzigen Zwecken im Sinne der \u00a7\u00a7 51 ff AO.<\/p><p><strong>Bei Spenden bis 300 Euro<\/strong> m\u00f6chten wir Sie bitten, den\u00a0<a href=\"https:\/\/drying-little-tears.org\/wp-content\/uploads\/2022\/08\/Vereinfachter-Zuwendungsnachweis-2022.pdf\">vereinfachten Zuwendungsnachweis<\/a> hier herunterzuladen. Hierzu drucken Sie bitte den\u00a0vereinfachten Zuwendungsnachweis\u00a0aus und legen diesen zusammen mit einer Kopie Ihres Kontoauszuges der Steuererkl\u00e4rung bei. Bewahren Sie diese Bescheinigung gemeinsam mit der Buchungsbest\u00e4tigung Ihres Kreditinstituts auf. Aus der Buchungsbest\u00e4tigung m\u00fcssen Ihr Name und die Kontonummer oder ein sonstiges Identifizierungsmerkmal und der Name der Stiftung als Empf\u00e4ngerin, der Betrag, der Buchungstag sowie die tats\u00e4chliche Durchf\u00fchrung der Zahlung ersichtlich sein.<br \/><strong>Bei Betr\u00e4gen \u00fcber 300 Euro<\/strong>\u00a0wird Ihnen postalisch eine Spendenbescheinigung zugesandt. Ihre vollst\u00e4ndige Adresse\u00a0haben Sie im vorangegangenen Formular angegeben. In seltenen F\u00e4llen wird uns die Adresse des Spenders von der beauftragten Bank nicht vollst\u00e4ndig \u00fcbermittelt. Sollten Sie zu Beginn des Folgejahres nach Ihrer \u00dcberweisung keine Spendenquittung erhalten, k\u00f6nnen Sie diese per\u00a0<a href=\"mailto:dryinglittletears@sixt.com\">E-Mail<\/a>\u00a0oder telefonisch unter\u00a0<strong>+49 89 74444 6144<\/strong>\u00a0anfordern.<\/p>\t\t\t\t\t\t\t\t<\/div>\n\t\t\t\t<\/div>\n\t\t\t\t<div class=\"elementor-element elementor-element-2e24f93 elementor-widget elementor-widget-button\" data-id=\"2e24f93\" data-element_type=\"widget\" data-e-type=\"widget\" data-widget_type=\"button.default\">\n\t\t\t\t<div class=\"elementor-widget-container\">\n\t\t\t\t\t\t\t\t\t<div class=\"elementor-button-wrapper\">\n\t\t\t\t\t<a class=\"elementor-button elementor-button-link elementor-size-sm\" href=\"https:\/\/drying-little-tears.org\/\">\n\t\t\t\t\t\t<span class=\"elementor-button-content-wrapper\">\n\t\t\t\t\t\t\t\t\t<span class=\"elementor-button-text\">Zur\u00fcck zur Homepage<\/span>\n\t\t\t\t\t<\/span>\n\t\t\t\t\t<\/a>\n\t\t\t\t<\/div>\n\t\t\t\t\t\t\t\t<\/div>\n\t\t\t\t<\/div>\n\t\t\t\t\t<\/div>\n\t\t\t\t<\/div>\n\t\t\t\t<\/div>\n\t\t","protected":false},"excerpt":{"rendered":"<p>Spende Erfolgreich Homepage > Spenden Herzlichen Dank f\u00fcr Ihre Unterst\u00fctzung Hier Newsletter abonnieren und \u00fcber die neuesten Projekte und Initiativen von TR\u00c4NCHEN TROCKNEN informiert bleiben. Zur Spendenbescheinigung beachten Sie bitte folgendes: Spenden an die Regine Sixt Kinderhilfe Stiftung sind gem\u00e4\u00df \u00a7 10 b Abs.4 EStG von der Steuer absetzbar. Durch Bescheinigung des Finanzamtes M\u00fcnchen f\u00fcr [&hellip;]<\/p>\n","protected":false},"author":1,"featured_media":0,"parent":0,"menu_order":0,"comment_status":"closed","ping_status":"closed","template":"","meta":{"footnotes":""},"class_list":["post-4479","page","type-page","status-publish","hentry"],"_links":{"self":[{"href":"https:\/\/drying-little-tears.org\/de\/wp-json\/wp\/v2\/pages\/4479","targetHints":{"allow":["GET"]}}],"collection":[{"href":"https:\/\/drying-little-tears.org\/de\/wp-json\/wp\/v2\/pages"}],"about":[{"href":"https:\/\/drying-little-tears.org\/de\/wp-json\/wp\/v2\/types\/page"}],"author":[{"embeddable":true,"href":"https:\/\/drying-little-tears.org\/de\/wp-json\/wp\/v2\/users\/1"}],"replies":[{"embeddable":true,"href":"https:\/\/drying-little-tears.org\/de\/wp-json\/wp\/v2\/comments?post=4479"}],"version-history":[{"count":0,"href":"https:\/\/drying-little-tears.org\/de\/wp-json\/wp\/v2\/pages\/4479\/revisions"}],"wp:attachment":[{"href":"https:\/\/drying-little-tears.org\/de\/wp-json\/wp\/v2\/media?parent=4479"}],"curies":[{"name":"wp","href":"https:\/\/api.w.org\/{rel}","templated":true}]}}