{"id":38,"date":"2021-07-22T12:57:48","date_gmt":"2021-07-22T10:57:48","guid":{"rendered":"http:\/\/18.184.73.230\/?page_id=38"},"modified":"2025-12-15T14:33:55","modified_gmt":"2025-12-15T13:33:55","slug":"ueber-die-stiftung","status":"publish","type":"page","link":"https:\/\/drying-little-tears.org\/de\/ueber-die-stiftung\/","title":{"rendered":"\u00dcber die Stiftung"},"content":{"rendered":"\t\t<div data-elementor-type=\"wp-page\" data-elementor-id=\"38\" class=\"elementor elementor-38\" data-elementor-post-type=\"page\">\n\t\t\t\t<div class=\"elementor-element elementor-element-cd27e14 e-con-full e-flex e-con e-parent\" data-id=\"cd27e14\" data-element_type=\"container\" data-e-type=\"container\" id=\"header-id\" data-settings=\"{&quot;background_background&quot;:&quot;classic&quot;}\">\n\t\t\t\t<div class=\"elementor-element elementor-element-c865fd0 elementor-widget__width-inherit elementor-view-default elementor-widget elementor-widget-icon\" data-id=\"c865fd0\" data-element_type=\"widget\" data-e-type=\"widget\" data-widget_type=\"icon.default\">\n\t\t\t\t<div class=\"elementor-widget-container\">\n\t\t\t\t\t\t\t<div class=\"elementor-icon-wrapper\">\n\t\t\t<div class=\"elementor-icon\">\n\t\t\t<svg aria-hidden=\"true\" class=\"e-font-icon-svg e-far-bookmark\" viewBox=\"0 0 384 512\" xmlns=\"http:\/\/www.w3.org\/2000\/svg\"><path d=\"M336 0H48C21.49 0 0 21.49 0 48v464l192-112 192 112V48c0-26.51-21.49-48-48-48zm0 428.43l-144-84-144 84V54a6 6 0 0 1 6-6h276c3.314 0 6 2.683 6 5.996V428.43z\"><\/path><\/svg>\t\t\t<\/div>\n\t\t<\/div>\n\t\t\t\t\t\t<\/div>\n\t\t\t\t<\/div>\n\t\t\t\t<div class=\"elementor-element elementor-element-b5101a5 elementor-widget__width-inherit elementor-widget elementor-widget-heading\" data-id=\"b5101a5\" data-element_type=\"widget\" data-e-type=\"widget\" data-widget_type=\"heading.default\">\n\t\t\t\t<div class=\"elementor-widget-container\">\n\t\t\t\t\t<h1 class=\"elementor-heading-title elementor-size-default\">\u00dcber Uns<\/h1>\t\t\t\t<\/div>\n\t\t\t\t<\/div>\n\t\t\t\t<div class=\"elementor-element elementor-element-b60992a elementor-widget__width-auto elementor-widget elementor-widget-heading\" data-id=\"b60992a\" data-element_type=\"widget\" data-e-type=\"widget\" data-widget_type=\"heading.default\">\n\t\t\t\t<div class=\"elementor-widget-container\">\n\t\t\t\t\t<p class=\"elementor-heading-title elementor-size-default\"><a href=\"https:\/\/drying-little-tears.org\/\">Homepage<\/a><\/p>\t\t\t\t<\/div>\n\t\t\t\t<\/div>\n\t\t\t\t<div class=\"elementor-element elementor-element-a0b97d4 elementor-widget__width-auto elementor-widget elementor-widget-heading\" data-id=\"a0b97d4\" data-element_type=\"widget\" data-e-type=\"widget\" data-widget_type=\"heading.default\">\n\t\t\t\t<div class=\"elementor-widget-container\">\n\t\t\t\t\t<p class=\"elementor-heading-title elementor-size-default\"><a href=\"https:\/\/drying-little-tears.org\/\">&gt;<\/a><\/p>\t\t\t\t<\/div>\n\t\t\t\t<\/div>\n\t\t\t\t<div class=\"elementor-element elementor-element-975ec10 elementor-widget__width-auto elementor-widget elementor-widget-heading\" data-id=\"975ec10\" data-element_type=\"widget\" data-e-type=\"widget\" data-widget_type=\"heading.default\">\n\t\t\t\t<div class=\"elementor-widget-container\">\n\t\t\t\t\t<p class=\"elementor-heading-title elementor-size-default\">\u00dcber uns<\/p>\t\t\t\t<\/div>\n\t\t\t\t<\/div>\n\t\t\t\t<\/div>\n\t\t<div class=\"elementor-element elementor-element-d143822 e-flex e-con-boxed e-con e-parent\" data-id=\"d143822\" data-element_type=\"container\" data-e-type=\"container\">\n\t\t\t\t\t<div class=\"e-con-inner\">\n\t\t\t\t<div class=\"elementor-element elementor-element-314d0a8 elementor-widget elementor-widget-heading\" data-id=\"314d0a8\" data-element_type=\"widget\" data-e-type=\"widget\" data-widget_type=\"heading.default\">\n\t\t\t\t<div class=\"elementor-widget-container\">\n\t\t\t\t\t<h2 class=\"elementor-heading-title elementor-size-default\">\u00dcber die Stiftung<\/h2>\t\t\t\t<\/div>\n\t\t\t\t<\/div>\n\t\t\t\t<div class=\"elementor-element elementor-element-2154936 elementor-widget-divider--view-line elementor-widget elementor-widget-divider\" data-id=\"2154936\" data-element_type=\"widget\" data-e-type=\"widget\" data-widget_type=\"divider.default\">\n\t\t\t\t<div class=\"elementor-widget-container\">\n\t\t\t\t\t\t\t<div class=\"elementor-divider\">\n\t\t\t<span class=\"elementor-divider-separator\">\n\t\t\t\t\t\t<\/span>\n\t\t<\/div>\n\t\t\t\t\t\t<\/div>\n\t\t\t\t<\/div>\n\t\t\t\t<div class=\"elementor-element elementor-element-f425dbc elementor-widget__width-initial elementor-widget elementor-widget-text-editor\" data-id=\"f425dbc\" data-element_type=\"widget\" data-e-type=\"widget\" data-widget_type=\"text-editor.default\">\n\t\t\t\t<div class=\"elementor-widget-container\">\n\t\t\t\t\t\t\t\t\t<p>Die Regine Sixt Kinderhilfe Stiftung TR\u00c4NCHEN TROCKNEN entwickelt und realisiert Projekte in den vier Bereichen Bildung, Gesundheit, F\u00fcrsorge und Nothilfe.<\/p>\n<p>Dabei wird sie ehrenamtlich von den Sixt Mitarbeiterinnen und Mitarbeitern in 110 L\u00e4ndern unterst\u00fctzt und setzt sich national und international f\u00fcr die Bek\u00e4mpfung von Armut und die F\u00f6rderung von Bildung ein. Dazu unterst\u00fctzt die Stiftung Einrichtungen zur ganzt\u00e4gigen Betreuung von Kindern sowie schulische und berufsvorbereitende Ausbildungseinrichtungen. Das Engagement f\u00fcr die Verbesserung der medizinischen Versorgung von Kindern soll ihre Lebenschancen erh\u00f6hen und ihnen eine gesunde Entwicklung bis ins Erwachsenenalter erm\u00f6glichen.<\/p>\n<p>Die Kinderhilfe wurde im Jahr 2000 von Regine Sixt als Regine Sixt Kinderhilfe e.V. in Pullach, Deutschland gegr\u00fcndet. 2011 erfolgte die Umwandlung in eine gemeinn\u00fctzige Stiftung des b\u00fcrgerlichen Rechts.<\/p>\n<p>Regine Sixt nannte ihre Stiftung TR\u00c4NCHEN TROCKNEN aufgrund einer Vielzahl von Ereignissen, bei denen sie hilfreich unterst\u00fctzen konnte. Sie begann mit der Hilfe der an Leuk\u00e4mie erkrankten Kinder von Tschernobyl. Es folgten Projekte in den L\u00e4ndern Gabun, Ecuador, Tansania und S\u00fcdafrika.<\/p>\n<p>Heute ist die Stiftung das offizielle Corporate Social Responsibility (CSR) \u2013 Programm der SIXT SE und ein fester Bestandteil der SIXT Unternehmenskultur.<\/p>\n<p>SIXT Mitarbeiterinnen und Mitarbeiter weltweit engagieren sich f\u00fcr TR\u00c4NCHEN TROCKNEN und setzen sich in allen Niederlassungen mit Projekten und Initiativen ein. Durch die Schaffung eines DRYING LITTLE TEARS Days gibt das Unternehmen seinen Mitarbeitenden die M\u00f6glichkeit, sich einmal im Jahr einen ganzen Tag f\u00fcr Kinder in Not einzusetzen.<\/p>\n<p>Nicht zuletzt dadurch hat die Regine Sixt Kinderhilfe Stiftung in Zusammenarbeit mit den SIXT Corporate- und den SIXT Franchise-L\u00e4ndern mehr als 440 Projekte in \u00fcber 70 L\u00e4ndern unterst\u00fctzt.<\/p>\t\t\t\t\t\t\t\t<\/div>\n\t\t\t\t<\/div>\n\t\t\t\t<div class=\"elementor-element elementor-element-a7f6d8a elementor-widget elementor-widget-image\" data-id=\"a7f6d8a\" data-element_type=\"widget\" data-e-type=\"widget\" data-widget_type=\"image.default\">\n\t\t\t\t<div class=\"elementor-widget-container\">\n\t\t\t\t\t\t\t\t\t\t\t\t\t\t\t<img fetchpriority=\"high\" decoding=\"async\" width=\"2560\" height=\"1474\" src=\"https:\/\/drying-little-tears.org\/wp-content\/uploads\/2024\/05\/sx30487_KiHi_Weltkarte_Update_RZ3_RGB-scaled.jpg\" class=\"attachment-full size-full wp-image-19071\" alt=\"350 Projekte in 65 L\u00e4ndern\" srcset=\"https:\/\/drying-little-tears.org\/wp-content\/uploads\/2024\/05\/sx30487_KiHi_Weltkarte_Update_RZ3_RGB-scaled.jpg 2560w, https:\/\/drying-little-tears.org\/wp-content\/uploads\/2024\/05\/sx30487_KiHi_Weltkarte_Update_RZ3_RGB-300x173.jpg 300w, https:\/\/drying-little-tears.org\/wp-content\/uploads\/2024\/05\/sx30487_KiHi_Weltkarte_Update_RZ3_RGB-1024x590.jpg 1024w, https:\/\/drying-little-tears.org\/wp-content\/uploads\/2024\/05\/sx30487_KiHi_Weltkarte_Update_RZ3_RGB-768x442.jpg 768w, https:\/\/drying-little-tears.org\/wp-content\/uploads\/2024\/05\/sx30487_KiHi_Weltkarte_Update_RZ3_RGB-1536x885.jpg 1536w, https:\/\/drying-little-tears.org\/wp-content\/uploads\/2024\/05\/sx30487_KiHi_Weltkarte_Update_RZ3_RGB-2048x1180.jpg 2048w, https:\/\/drying-little-tears.org\/wp-content\/uploads\/2024\/05\/sx30487_KiHi_Weltkarte_Update_RZ3_RGB-18x10.jpg 18w\" sizes=\"(max-width: 2560px) 100vw, 2560px\" \/>\t\t\t\t\t\t\t\t\t\t\t\t\t\t\t<\/div>\n\t\t\t\t<\/div>\n\t\t\t\t\t<\/div>\n\t\t\t\t<\/div>\n\t\t\t\t<\/div>\n\t\t","protected":false},"excerpt":{"rendered":"<p>\u00dcber Uns Homepage &gt; \u00dcber uns \u00dcber die Stiftung Die Regine Sixt Kinderhilfe Stiftung TR\u00c4NCHEN TROCKNEN entwickelt und realisiert Projekte in den vier Bereichen Bildung, Gesundheit, F\u00fcrsorge und Nothilfe. Dabei wird sie ehrenamtlich von den Sixt Mitarbeiterinnen und Mitarbeitern in 110 L\u00e4ndern unterst\u00fctzt und setzt sich national und international f\u00fcr die Bek\u00e4mpfung von Armut und [&hellip;]<\/p>\n","protected":false},"author":1,"featured_media":0,"parent":0,"menu_order":0,"comment_status":"closed","ping_status":"closed","template":"elementor_header_footer","meta":{"footnotes":""},"class_list":["post-38","page","type-page","status-publish","hentry"],"_links":{"self":[{"href":"https:\/\/drying-little-tears.org\/de\/wp-json\/wp\/v2\/pages\/38","targetHints":{"allow":["GET"]}}],"collection":[{"href":"https:\/\/drying-little-tears.org\/de\/wp-json\/wp\/v2\/pages"}],"about":[{"href":"https:\/\/drying-little-tears.org\/de\/wp-json\/wp\/v2\/types\/page"}],"author":[{"embeddable":true,"href":"https:\/\/drying-little-tears.org\/de\/wp-json\/wp\/v2\/users\/1"}],"replies":[{"embeddable":true,"href":"https:\/\/drying-little-tears.org\/de\/wp-json\/wp\/v2\/comments?post=38"}],"version-history":[{"count":0,"href":"https:\/\/drying-little-tears.org\/de\/wp-json\/wp\/v2\/pages\/38\/revisions"}],"wp:attachment":[{"href":"https:\/\/drying-little-tears.org\/de\/wp-json\/wp\/v2\/media?parent=38"}],"curies":[{"name":"wp","href":"https:\/\/api.w.org\/{rel}","templated":true}]}}