{"id":13939,"date":"2023-01-09T13:11:53","date_gmt":"2023-01-09T12:11:53","guid":{"rendered":"https:\/\/drying-little-tears.org\/?page_id=13939"},"modified":"2026-01-22T12:48:16","modified_gmt":"2026-01-22T11:48:16","slug":"newsletter","status":"publish","type":"page","link":"https:\/\/drying-little-tears.org\/de\/newsletter\/","title":{"rendered":"newsletter"},"content":{"rendered":"\t\t<div data-elementor-type=\"wp-page\" data-elementor-id=\"13939\" class=\"elementor elementor-13939\" data-elementor-post-type=\"page\">\n\t\t\t\t<div class=\"elementor-element elementor-element-7d54b89 e-flex e-con-boxed e-con e-parent\" data-id=\"7d54b89\" data-element_type=\"container\" data-e-type=\"container\" id=\"header-id\" data-settings=\"{&quot;background_background&quot;:&quot;classic&quot;}\">\n\t\t\t\t\t<div class=\"e-con-inner\">\n\t\t\t\t<div class=\"elementor-element elementor-element-51600e6 elementor-view-stacked elementor-shape-circle elementor-widget elementor-widget-icon\" data-id=\"51600e6\" data-element_type=\"widget\" data-e-type=\"widget\" data-widget_type=\"icon.default\">\n\t\t\t\t<div class=\"elementor-widget-container\">\n\t\t\t\t\t\t\t<div class=\"elementor-icon-wrapper\">\n\t\t\t<div class=\"elementor-icon\">\n\t\t\t<svg aria-hidden=\"true\" class=\"e-font-icon-svg e-fas-envelope\" viewBox=\"0 0 512 512\" xmlns=\"http:\/\/www.w3.org\/2000\/svg\"><path d=\"M502.3 190.8c3.9-3.1 9.7-.2 9.7 4.7V400c0 26.5-21.5 48-48 48H48c-26.5 0-48-21.5-48-48V195.6c0-5 5.7-7.8 9.7-4.7 22.4 17.4 52.1 39.5 154.1 113.6 21.1 15.4 56.7 47.8 92.2 47.6 35.7.3 72-32.8 92.3-47.6 102-74.1 131.6-96.3 154-113.7zM256 320c23.2.4 56.6-29.2 73.4-41.4 132.7-96.3 142.8-104.7 173.4-128.7 5.8-4.5 9.2-11.5 9.2-18.9v-19c0-26.5-21.5-48-48-48H48C21.5 64 0 85.5 0 112v19c0 7.4 3.4 14.3 9.2 18.9 30.6 23.9 40.7 32.4 173.4 128.7 16.8 12.2 50.2 41.8 73.4 41.4z\"><\/path><\/svg>\t\t\t<\/div>\n\t\t<\/div>\n\t\t\t\t\t\t<\/div>\n\t\t\t\t<\/div>\n\t\t\t\t<div class=\"elementor-element elementor-element-6edbfeb elementor-widget__width-inherit elementor-widget elementor-widget-heading\" data-id=\"6edbfeb\" data-element_type=\"widget\" data-e-type=\"widget\" data-widget_type=\"heading.default\">\n\t\t\t\t<div class=\"elementor-widget-container\">\n\t\t\t\t\t<h2 class=\"elementor-heading-title elementor-size-default\">Newsletter<\/h2>\t\t\t\t<\/div>\n\t\t\t\t<\/div>\n\t\t\t\t<div class=\"elementor-element elementor-element-6bb8acc elementor-widget__width-auto elementor-widget elementor-widget-heading\" data-id=\"6bb8acc\" data-element_type=\"widget\" data-e-type=\"widget\" data-widget_type=\"heading.default\">\n\t\t\t\t<div class=\"elementor-widget-container\">\n\t\t\t\t\t<h2 class=\"elementor-heading-title elementor-size-default\"><a href=\"https:\/\/drying-little-tears.org\/\">Home<\/a><\/h2>\t\t\t\t<\/div>\n\t\t\t\t<\/div>\n\t\t\t\t<div class=\"elementor-element elementor-element-c1918f8 elementor-widget__width-auto elementor-widget elementor-widget-heading\" data-id=\"c1918f8\" data-element_type=\"widget\" data-e-type=\"widget\" data-widget_type=\"heading.default\">\n\t\t\t\t<div class=\"elementor-widget-container\">\n\t\t\t\t\t<h2 class=\"elementor-heading-title elementor-size-default\"><a href=\"https:\/\/drying-little-tears.org\/\">&gt;<\/a><\/h2>\t\t\t\t<\/div>\n\t\t\t\t<\/div>\n\t\t\t\t<div class=\"elementor-element elementor-element-9b9a3c6 elementor-widget__width-auto elementor-widget elementor-widget-heading\" data-id=\"9b9a3c6\" data-element_type=\"widget\" data-e-type=\"widget\" data-widget_type=\"heading.default\">\n\t\t\t\t<div class=\"elementor-widget-container\">\n\t\t\t\t\t<h2 class=\"elementor-heading-title elementor-size-default\">Newsletter<\/h2>\t\t\t\t<\/div>\n\t\t\t\t<\/div>\n\t\t\t\t\t<\/div>\n\t\t\t\t<\/div>\n\t\t<div class=\"elementor-element elementor-element-dc36ce6 e-flex e-con-boxed e-con e-parent\" data-id=\"dc36ce6\" data-element_type=\"container\" data-e-type=\"container\">\n\t\t\t\t\t<div class=\"e-con-inner\">\n\t\t\t\t<div class=\"elementor-element elementor-element-0c1fb9a elementor-widget elementor-widget-heading\" data-id=\"0c1fb9a\" data-element_type=\"widget\" data-e-type=\"widget\" data-widget_type=\"heading.default\">\n\t\t\t\t<div class=\"elementor-widget-container\">\n\t\t\t\t\t<h2 class=\"elementor-heading-title elementor-size-default\">Newsletter Anmeldung <\/h2>\t\t\t\t<\/div>\n\t\t\t\t<\/div>\n\t\t\t\t<div class=\"elementor-element elementor-element-f657db1 elementor-widget__width-inherit elementor-widget elementor-widget-heading\" data-id=\"f657db1\" data-element_type=\"widget\" data-e-type=\"widget\" data-widget_type=\"heading.default\">\n\t\t\t\t<div class=\"elementor-widget-container\">\n\t\t\t\t\t<h2 class=\"elementor-heading-title elementor-size-default\">Informiert bleiben<\/h2>\t\t\t\t<\/div>\n\t\t\t\t<\/div>\n\t\t\t\t<div class=\"elementor-element elementor-element-71eca94 elementor-widget__width-inherit elementor-widget-divider--view-line elementor-widget elementor-widget-divider\" data-id=\"71eca94\" data-element_type=\"widget\" data-e-type=\"widget\" data-widget_type=\"divider.default\">\n\t\t\t\t<div class=\"elementor-widget-container\">\n\t\t\t\t\t\t\t<div class=\"elementor-divider\">\n\t\t\t<span class=\"elementor-divider-separator\">\n\t\t\t\t\t\t<\/span>\n\t\t<\/div>\n\t\t\t\t\t\t<\/div>\n\t\t\t\t<\/div>\n\t\t\t\t<div class=\"elementor-element elementor-element-7a6a000 elementor-widget__width-initial elementor-widget elementor-widget-text-editor\" data-id=\"7a6a000\" data-element_type=\"widget\" data-e-type=\"widget\" data-widget_type=\"text-editor.default\">\n\t\t\t\t<div class=\"elementor-widget-container\">\n\t\t\t\t\t\t\t\t\t<p>Die Regine Sixt Kinderhilfe Stiftung TR\u00c4NCHEN TROCKNEN unterst\u00fctzt weltweit Projekte in den Bereichen Bildung, Gesundheit, F\u00fcrsorge und Nothilfe. \u00dcber 440 Projekte in mehr als 70 L\u00e4ndern wurden bereits umgesetzt \u2013 t\u00e4glich kommen neue hinzu.<\/p>\n<p>Wenn Sie mehr \u00fcber das Engagement der Stiftung erfahren und \u00fcber aktuelle Projekte informiert bleiben m\u00f6chten, abonnieren Sie den Newsletter.<\/p>\t\t\t\t\t\t\t\t<\/div>\n\t\t\t\t<\/div>\n\t\t<div class=\"elementor-element elementor-element-8a86f1a e-con-full e-flex e-con e-child\" data-id=\"8a86f1a\" data-element_type=\"container\" data-e-type=\"container\">\n\t\t\t\t<div class=\"elementor-element elementor-element-41d946f elementor-widget elementor-widget-shortcode\" data-id=\"41d946f\" data-element_type=\"widget\" data-e-type=\"widget\" data-widget_type=\"shortcode.default\">\n\t\t\t\t<div class=\"elementor-widget-container\">\n\t\t\t\t\t\t\t<div class=\"elementor-shortcode\">\n\t\t\t<link rel=\"stylesheet\" href=\"https:\/\/drying-little-tears.org\/wp-content\/plugins\/ninja-forms\/assets\/css\/display-opinions-light.css?ver=5.9.1\" type=\"text\/css\" media=\"all\"><link rel=\"stylesheet\" href=\"https:\/\/drying-little-tears.org\/wp-content\/plugins\/ninja-forms\/assets\/\/css\/font-awesome.min.css?ver=5.9.1\" type=\"text\/css\" media=\"all\">\n\t\t\t<div id=\"form_cleverreach\" class=\"nf-form-layout\">\n\t\t\t\t<div class=\"nf-form-content\">\n\t\t\t\t\t\n\t\t\t\t<div class=\"nf-field-container label-above\">\n\t\t\t\t\t<div class=\"field-wrap field-wrap-anrede listselect-wrap list-wrap list-select-wrap field-type-select\">\n\t\t\t\t\t\t<div class=\"nf-field-element\">\n\t\t\t\t\t<select id=\"anrede\" class=\"ninja-forms-field nf-element\">\n\t\t\t\t\t\t\n\t\t\t\t\t\t<option value=\"Frau\">Frau<\/option>\n\t\t\t\t\t\n\t\t\t\t\t\t<option value=\"Herr\">Herr<\/option>\n\t\t\t\t\t\n\t\t\t\t\t\t<option value=\"Divers\">Divers<\/option>\n\t\t\t\t\t\n\t\t\t\t\t<\/select><i class=\"fas fa-chevron-down\"><\/i>\n\t\t\t\t<\/div>\n\t\t\t\t\t<\/div>\n\t\t\t\t<\/div>\n\t\t\t\n\t\t\t\t<div class=\"nf-field-container label-above\">\n\t\t\t\t\t<div class=\"field-wrap field-wrap-vorname listselect-wrap list-wrap list-select-wrap field-type-text\">\n\t\t\t\t\t\t<div class=\"nf-field-element\">\n\t\t\t\t\t<input type=\"text\" class=\"ninja-forms-field nf-element\" id=\"vorname\" required placeholder=\"Vorname *\">\n\t\t\t\t<\/div>\n\t\t\t\t\t<\/div>\n\t\t\t\t<\/div>\n\t\t\t\n\t\t\t\t<div class=\"nf-field-container label-above\">\n\t\t\t\t\t<div class=\"field-wrap field-wrap-nachname listselect-wrap list-wrap list-select-wrap field-type-text\">\n\t\t\t\t\t\t<div class=\"nf-field-element\">\n\t\t\t\t\t<input type=\"text\" class=\"ninja-forms-field nf-element\" id=\"nachname\" required placeholder=\"Nachname *\">\n\t\t\t\t<\/div>\n\t\t\t\t\t<\/div>\n\t\t\t\t<\/div>\n\t\t\t\n\t\t\t\t<div class=\"nf-field-container label-above\">\n\t\t\t\t\t<div class=\"field-wrap field-wrap-email listselect-wrap list-wrap list-select-wrap field-type-email\">\n\t\t\t\t\t\t<div class=\"nf-field-element\">\n\t\t\t\t\t<input type=\"email\" class=\"ninja-forms-field nf-element\" id=\"email\" required placeholder=\"E-Mail *\">\n\t\t\t\t<\/div>\n\t\t\t\t\t<\/div>\n\t\t\t\t<\/div>\n\t\t\t\n\t\t\t\t\t<div class=\"nf-field-container label-above\">\n\t\t\t\t\t\t<div class=\"field-wrap listradio-wrap list-wrap list-radio-wrap\">\n\t\t\t\t\t\t\t<div class=\"nf-field-label\">\n\t\t\t\t\t\t\t\t<label>_Sprache <\/label>\n\t\t\t\t\t\t\t<\/div>\n\t\t\t\t\t\t\t<div class=\"nf-field-element\">\n\t\t\t\t\t\t\t\t<ul>\n\t\t\t\t\t\t\t\t\t\n\t\t\t\t<li class=\"language\" data-language=\"de\">\n\t\t\t\t\t<input type=\"radio\" id=\"language_de\" name=\"language\" value=\"de\" checked=\"checked\" class=\"ninja-forms-field nf-element nf-checked\">\n\t\t\t\t\t<label for=\"language_email\" class=\"nf-checked-label\">_Deutsch<\/label>\n\t\t\t\t<\/li>\n\t\t\t\n\t\t\t\t<li class=\"language\" data-language=\"en\">\n\t\t\t\t\t<input type=\"radio\" id=\"language_en\" name=\"language\" value=\"en\" class=\"ninja-forms-field nf-element \">\n\t\t\t\t\t<label for=\"language_email\" class=\"\">_English<\/label>\n\t\t\t\t<\/li>\n\t\t\t\n\t\t\t\t\t\t\t\t<\/ul>\n\t\t\t\t\t\t\t<\/div>\n\t\t\t\t\t\t<\/div>\n\t\t\t\t\t<\/div>\n\t\t\t\t\t<div class=\"field-wrap submit-wrap\">\n\t\t\t\t\t\t<input id=\"form_cleverreach_submit\" type=\"button\" class=\"ninja-forms-field nf-element\" value=\"Anmelden\">\n\t\t\t\t\t<\/div>\n\t\t\t\t<\/div>\n\t\t\t\t<div class=\"nf-error-msg nf-error-field-errors\">\n\t\t\t\t\t<div data-error=\"fill\">Bitte korrigiere die Fehler, bevor du das Formular sendest.<\/div>\n\t\t\t\t\t<div data-error=\"pending\">bitte warten ...<\/div>\n\t\t\t\t\t<div data-error=\"exists\">Die angegebene E-Mail Adresse bekommt bereits unseren Newsletter.<\/div>\n\t\t\t\t\t<div data-error=\"success\">Deine Anmeldung wurde gespeichert. <b>Bitte aktiviere Deine Anmeldung<\/b> \u00fcber den Link, der Dir soeben gemailt wurde.<\/div>\n\t\t\t\t<\/div>\n\t\t\t<\/div>\n\t\t<\/div>\n\t\t\t\t\t\t<\/div>\n\t\t\t\t<\/div>\n\t\t\t\t<div class=\"elementor-element elementor-element-f866aa1 elementor-widget elementor-widget-text-editor\" data-id=\"f866aa1\" data-element_type=\"widget\" data-e-type=\"widget\" data-widget_type=\"text-editor.default\">\n\t\t\t\t<div class=\"elementor-widget-container\">\n\t\t\t\t\t\t\t\t\t<p>* Durch die Eingabe Ihrer pers\u00f6nlichen Daten oben erkl\u00e4ren Sie sich damit einverstanden, sich f\u00fcr den Newsletter der Regine Sixt Kinderhilfe Stiftung TR\u00c4NCHEN TROCKNEN anzumelden und regelm\u00e4\u00dfig E-Mails \u00fcber neue Projekte und Updates zur Arbeit der Stiftung zu erhalten. Sie k\u00f6nnen Ihr Einverst\u00e4ndnis jederzeit widerrufen.\u00a0<\/p><p>Ihre Daten werden mit Ihrer Einwilligung ausschlie\u00dflich f\u00fcr den Newsletterversand verwendet, Art. 6 Abs. 1 a DSGVO. Weitere Infos finden Sie in unserer\u00a0<a class=\"sc-ec11a810-0 bJlbSC\" href=\"https:\/\/drying-little-tears.org\/de\/datenschutz\/\" data-object-name=\"Link\"><span class=\"sc-e608386c-0 ZkUAp\">Datenschutzerkl\u00e4rung<\/span><\/a>.<\/p>\t\t\t\t\t\t\t\t<\/div>\n\t\t\t\t<\/div>\n\t\t\t\t<\/div>\n\t\t\t\t\t<\/div>\n\t\t\t\t<\/div>\n\t\t\t\t<\/div>\n\t\t","protected":false},"excerpt":{"rendered":"<p>Newsletter Home &gt; Newsletter Newsletter Anmeldung Informiert bleiben Die Regine Sixt Kinderhilfe Stiftung TR\u00c4NCHEN TROCKNEN unterst\u00fctzt weltweit Projekte in den Bereichen Bildung, Gesundheit, F\u00fcrsorge und Nothilfe. \u00dcber 440 Projekte in mehr als 70 L\u00e4ndern wurden bereits umgesetzt \u2013 t\u00e4glich kommen neue hinzu. Wenn Sie mehr \u00fcber das Engagement der Stiftung erfahren und \u00fcber aktuelle Projekte [&hellip;]<\/p>\n","protected":false},"author":1,"featured_media":0,"parent":0,"menu_order":0,"comment_status":"closed","ping_status":"closed","template":"elementor_header_footer","meta":{"footnotes":""},"class_list":["post-13939","page","type-page","status-publish","hentry"],"_links":{"self":[{"href":"https:\/\/drying-little-tears.org\/de\/wp-json\/wp\/v2\/pages\/13939","targetHints":{"allow":["GET"]}}],"collection":[{"href":"https:\/\/drying-little-tears.org\/de\/wp-json\/wp\/v2\/pages"}],"about":[{"href":"https:\/\/drying-little-tears.org\/de\/wp-json\/wp\/v2\/types\/page"}],"author":[{"embeddable":true,"href":"https:\/\/drying-little-tears.org\/de\/wp-json\/wp\/v2\/users\/1"}],"replies":[{"embeddable":true,"href":"https:\/\/drying-little-tears.org\/de\/wp-json\/wp\/v2\/comments?post=13939"}],"version-history":[{"count":0,"href":"https:\/\/drying-little-tears.org\/de\/wp-json\/wp\/v2\/pages\/13939\/revisions"}],"wp:attachment":[{"href":"https:\/\/drying-little-tears.org\/de\/wp-json\/wp\/v2\/media?parent=13939"}],"curies":[{"name":"wp","href":"https:\/\/api.w.org\/{rel}","templated":true}]}}